{"id":7779,"date":"2017-05-18T12:37:10","date_gmt":"2017-05-18T10:37:10","guid":{"rendered":"https:\/\/www.coterm.it\/bollitori-accumulo-acqua-calda-tecnica\/"},"modified":"2025-09-23T14:45:50","modified_gmt":"2025-09-23T12:45:50","slug":"ballons-de-stockage-eau-chaude-technique","status":"publish","type":"page","link":"https:\/\/www.coterm.it\/fr\/ballons-de-stockage-eau-chaude-technique\/","title":{"rendered":"BALLONS DE STOCKAGE EAU CHAUDE TECHNIQUE"},"content":{"rendered":"<p>[vc_row bg_type=\u00a0\u00bbcolor\u00a0\u00bb header_feature=\u00a0\u00bbyes\u00a0\u00bb bg_color=\u00a0\u00bb#8fa3c4&Prime;][vc_column css=\u00a0\u00bb.vc_custom_1491646838287{padding-top: 30px !important;padding-bottom: 20px !important;background-position: center !important;background-repeat: no-repeat !important;background-size: cover !important;}\u00a0\u00bb]<div class=\"grve-element grve-image grve-animated-item grve-fadeInUp iconheadres grve-align-center\" style=\"\" data-delay=\"200\"><img loading=\"lazy\" decoding=\"async\" width=\"86\" height=\"85\" src=\"https:\/\/www.coterm.it\/wp-content\/uploads\/2017\/05\/acqua-calda-tecnica.png\" class=\"attachment-medium size-medium\" alt=\"\" srcset=\"https:\/\/www.coterm.it\/wp-content\/uploads\/2017\/05\/acqua-calda-tecnica.png 86w, https:\/\/www.coterm.it\/wp-content\/uploads\/2017\/05\/acqua-calda-tecnica-80x80.png 80w\" sizes=\"auto, (max-width: 86px) 100vw, 86px\" \/><\/div><h1 class=\"grve-element grve-align-center grve-title-no-line grve-h1 whi\" style=\"\"><span>BALLONS DE STOCKAGE <strong>EAU CHAUDE TECHNIQUE<\/strong><\/span><\/h1>[\/vc_column][\/vc_row][vc_row][vc_column width=\u00a0\u00bb1\/2&Prime;]<div class=\"grve-element grve-image grve-align-center\" style=\"\"><a href=\"https:\/\/www.coterm.it\/fr\/ballon-de-stockage-eau-chaude-sanitaire\/serie-kombi\/\" target=\"_self\"><img loading=\"lazy\" decoding=\"async\" width=\"1095\" height=\"600\" src=\"https:\/\/www.coterm.it\/wp-content\/uploads\/2017\/05\/serbatoi_KOMBI_vetroporcellanati_Nuova_Coterm_Italy-1.jpg\" class=\"attachment-full size-full\" alt=\"Bollitori-boilers KOMBI - con 0 - 1 - 2 serpentine\" srcset=\"https:\/\/www.coterm.it\/wp-content\/uploads\/2017\/05\/serbatoi_KOMBI_vetroporcellanati_Nuova_Coterm_Italy-1.jpg 1095w, https:\/\/www.coterm.it\/wp-content\/uploads\/2017\/05\/serbatoi_KOMBI_vetroporcellanati_Nuova_Coterm_Italy-1-300x164.jpg 300w, https:\/\/www.coterm.it\/wp-content\/uploads\/2017\/05\/serbatoi_KOMBI_vetroporcellanati_Nuova_Coterm_Italy-1-768x421.jpg 768w, https:\/\/www.coterm.it\/wp-content\/uploads\/2017\/05\/serbatoi_KOMBI_vetroporcellanati_Nuova_Coterm_Italy-1-1024x561.jpg 1024w\" sizes=\"auto, (max-width: 1095px) 100vw, 1095px\" \/><\/a><\/div>[vc_column_text css=\u00a0\u00bb.vc_custom_1496657045471{margin-bottom: 35px !important;padding-top: 0px !important;padding-bottom: 0px !important;}\u00a0\u00bb el_class=\u00a0\u00bbmodelpad\u00a0\u00bb]<\/p>\n<h4 style=\"text-align: center;\">S\u00e9rie KOMBI 0-1-2 SERPENTINS<\/h4>\n<p>[\/vc_column_text][\/vc_column][vc_column width=\u00a0\u00bb1\/2&Prime;]<div class=\"grve-element grve-image grve-align-center\" style=\"\"><a href=\"https:\/\/www.coterm.it\/fr\/ballons-de-stockage-eau-chaude-technique\/serie-spdc\/\" target=\"_self\"><img loading=\"lazy\" decoding=\"async\" width=\"1095\" height=\"600\" src=\"https:\/\/www.coterm.it\/wp-content\/uploads\/2017\/05\/serbatoi_SPDC_vetroporcellanati_Nuova_Coterm_Italy.jpg\" class=\"attachment-full size-full\" alt=\"Bollitori-boilers SPDC - con 1 serpentina\" srcset=\"https:\/\/www.coterm.it\/wp-content\/uploads\/2017\/05\/serbatoi_SPDC_vetroporcellanati_Nuova_Coterm_Italy.jpg 1095w, https:\/\/www.coterm.it\/wp-content\/uploads\/2017\/05\/serbatoi_SPDC_vetroporcellanati_Nuova_Coterm_Italy-300x164.jpg 300w, https:\/\/www.coterm.it\/wp-content\/uploads\/2017\/05\/serbatoi_SPDC_vetroporcellanati_Nuova_Coterm_Italy-768x421.jpg 768w, https:\/\/www.coterm.it\/wp-content\/uploads\/2017\/05\/serbatoi_SPDC_vetroporcellanati_Nuova_Coterm_Italy-1024x561.jpg 1024w\" sizes=\"auto, (max-width: 1095px) 100vw, 1095px\" \/><\/a><\/div>[vc_column_text css=\u00a0\u00bb.vc_custom_1495104129574{margin-bottom: 0px !important;padding-top: 0px !important;padding-bottom: 0px !important;}\u00a0\u00bb el_class=\u00a0\u00bbmodel\u00a0\u00bb]<\/p>\n<h4 style=\"text-align: center;\">SPDC<\/h4>\n<p>[\/vc_column_text][\/vc_column][\/vc_row][vc_row mobile_visibility=\u00a0\u00bbhide\u00a0\u00bb][vc_column][vc_empty_space height=\u00a0\u00bb4%\u00a0\u00bb][\/vc_column][\/vc_row][vc_row][vc_column width=\u00a0\u00bb1\/2&Prime;]<div class=\"grve-element grve-image grve-align-center\" style=\"\"><a href=\"https:\/\/www.coterm.it\/fr\/ballons-de-stockage-eau-chaude-technique\/serie-ps-psr-psr2\/\" target=\"_self\"><img loading=\"lazy\" decoding=\"async\" width=\"1095\" height=\"600\" src=\"https:\/\/www.coterm.it\/wp-content\/uploads\/2017\/05\/serbatoi_PS_PSR_PSR2_vetroporcellanati_Nuova_Coterm_Italy-1.jpg\" class=\"attachment-full size-full\" alt=\"Bollitori-boilers PS - PSR - PSR2 - con 0 - 1 - 2 serpentine\" srcset=\"https:\/\/www.coterm.it\/wp-content\/uploads\/2017\/05\/serbatoi_PS_PSR_PSR2_vetroporcellanati_Nuova_Coterm_Italy-1.jpg 1095w, https:\/\/www.coterm.it\/wp-content\/uploads\/2017\/05\/serbatoi_PS_PSR_PSR2_vetroporcellanati_Nuova_Coterm_Italy-1-300x164.jpg 300w, https:\/\/www.coterm.it\/wp-content\/uploads\/2017\/05\/serbatoi_PS_PSR_PSR2_vetroporcellanati_Nuova_Coterm_Italy-1-768x421.jpg 768w, https:\/\/www.coterm.it\/wp-content\/uploads\/2017\/05\/serbatoi_PS_PSR_PSR2_vetroporcellanati_Nuova_Coterm_Italy-1-1024x561.jpg 1024w\" sizes=\"auto, (max-width: 1095px) 100vw, 1095px\" \/><\/a><\/div>[vc_column_text css=\u00a0\u00bb.vc_custom_1496657056066{margin-bottom: 35px !important;padding-top: 0px !important;padding-bottom: 0px !important;}\u00a0\u00bb el_class=\u00a0\u00bbmodel\u00a0\u00bb]<\/p>\n<h4 style=\"text-align: center;\">S\u00c9RIE PS 0-1-2 serpentins<\/h4>\n<p>[\/vc_column_text][\/vc_column][vc_column width=\u00a0\u00bb1\/2&Prime;]<div class=\"grve-element grve-image grve-align-center\" style=\"\"><a href=\"https:\/\/www.coterm.it\/fr\/ballons-de-stockage-eau-chaude-technique\/serie-sirio-b-sirio-s-sirio-ss\/\" target=\"_self\"><img loading=\"lazy\" decoding=\"async\" width=\"1095\" height=\"600\" src=\"https:\/\/www.coterm.it\/wp-content\/uploads\/2017\/05\/serbatoi_SIRIO_B_SIRIO_S_SIRIO_SS_vetroporcellanati_Nuova_Coterm_Italy-1.jpg\" class=\"attachment-full size-full\" alt=\"Bollitori-boilers SIRIO B - SIRIO S - SIRIO SS - con 0 - 1 - 2 serpentine\" srcset=\"https:\/\/www.coterm.it\/wp-content\/uploads\/2017\/05\/serbatoi_SIRIO_B_SIRIO_S_SIRIO_SS_vetroporcellanati_Nuova_Coterm_Italy-1.jpg 1095w, https:\/\/www.coterm.it\/wp-content\/uploads\/2017\/05\/serbatoi_SIRIO_B_SIRIO_S_SIRIO_SS_vetroporcellanati_Nuova_Coterm_Italy-1-300x164.jpg 300w, https:\/\/www.coterm.it\/wp-content\/uploads\/2017\/05\/serbatoi_SIRIO_B_SIRIO_S_SIRIO_SS_vetroporcellanati_Nuova_Coterm_Italy-1-768x421.jpg 768w, https:\/\/www.coterm.it\/wp-content\/uploads\/2017\/05\/serbatoi_SIRIO_B_SIRIO_S_SIRIO_SS_vetroporcellanati_Nuova_Coterm_Italy-1-1024x561.jpg 1024w\" sizes=\"auto, (max-width: 1095px) 100vw, 1095px\" \/><\/a><\/div>[vc_column_text css=\u00a0\u00bb.vc_custom_1495117040671{margin-bottom: 0px !important;padding-top: 0px !important;padding-bottom: 0px !important;}\u00a0\u00bb el_class=\u00a0\u00bbmodel\u00a0\u00bb]<\/p>\n<h4 style=\"text-align: center;\">S\u00c9RIE SIRIO 0-1-2 serpentins<\/h4>\n<p>[\/vc_column_text][\/vc_column][\/vc_row][vc_row mobile_visibility=\u00a0\u00bbhide\u00a0\u00bb][vc_column][vc_empty_space height=\u00a0\u00bb4%\u00a0\u00bb][\/vc_column][\/vc_row][vc_row][vc_column width=\u00a0\u00bb1\/4&Prime;][\/vc_column][vc_column width=\u00a0\u00bb1\/2&Prime;]<div class=\"grve-element grve-image grve-align-center\" style=\"\"><a href=\"https:\/\/www.coterm.it\/fr\/ballons-de-stockage-eau-chaude-technique\/serie-vega-b-vega-s-vega-ss\/\" target=\"_self\"><img loading=\"lazy\" decoding=\"async\" width=\"1095\" height=\"600\" src=\"https:\/\/www.coterm.it\/wp-content\/uploads\/2017\/05\/serbatoi_VEGA_B_VEGA_S_VEGA_SS_vetroporcellanati_Nuova_Coterm_Italy-1.jpg\" class=\"attachment-full size-full\" alt=\"Bollitori-boilers VEGA B - VEGA S - VEGA SS - con 0 - 1 - 2 serpentine\" srcset=\"https:\/\/www.coterm.it\/wp-content\/uploads\/2017\/05\/serbatoi_VEGA_B_VEGA_S_VEGA_SS_vetroporcellanati_Nuova_Coterm_Italy-1.jpg 1095w, https:\/\/www.coterm.it\/wp-content\/uploads\/2017\/05\/serbatoi_VEGA_B_VEGA_S_VEGA_SS_vetroporcellanati_Nuova_Coterm_Italy-1-300x164.jpg 300w, https:\/\/www.coterm.it\/wp-content\/uploads\/2017\/05\/serbatoi_VEGA_B_VEGA_S_VEGA_SS_vetroporcellanati_Nuova_Coterm_Italy-1-768x421.jpg 768w, https:\/\/www.coterm.it\/wp-content\/uploads\/2017\/05\/serbatoi_VEGA_B_VEGA_S_VEGA_SS_vetroporcellanati_Nuova_Coterm_Italy-1-1024x561.jpg 1024w\" sizes=\"auto, (max-width: 1095px) 100vw, 1095px\" \/><\/a><\/div>[vc_column_text css=\u00a0\u00bb.vc_custom_1495117055328{margin-bottom: 0px !important;padding-top: 0px !important;padding-bottom: 0px !important;}\u00a0\u00bb el_class=\u00a0\u00bbmodel\u00a0\u00bb]<\/p>\n<h4 style=\"text-align: center;\">S\u00c9RIE VEGA 0-1-2 serpentins<\/h4>\n<p>[\/vc_column_text][\/vc_column][vc_column width=\u00a0\u00bb1\/4&Prime;][\/vc_column][\/vc_row][vc_row bg_type=\u00a0\u00bbcolor\u00a0\u00bb bg_color=\u00a0\u00bb#8fa3c4&Prime; padding_bottom=\u00a0\u00bb20&Prime; margin_bottom=\u00a0\u00bb0px\u00a0\u00bb][vc_column css=\u00a0\u00bb.vc_custom_1491646838287{padding-top: 30px !important;padding-bottom: 20px !important;background-position: center !important;background-repeat: no-repeat !important;background-size: cover !important;}\u00a0\u00bb]<div class=\"grve-element grve-image grve-animated-item grve-fadeInUp iconheadres grve-align-center\" style=\"\" data-delay=\"200\"><img loading=\"lazy\" decoding=\"async\" width=\"86\" height=\"85\" src=\"https:\/\/www.coterm.it\/wp-content\/uploads\/2017\/05\/acqua-calda-tecnica.png\" class=\"attachment-medium size-medium\" alt=\"\" srcset=\"https:\/\/www.coterm.it\/wp-content\/uploads\/2017\/05\/acqua-calda-tecnica.png 86w, https:\/\/www.coterm.it\/wp-content\/uploads\/2017\/05\/acqua-calda-tecnica-80x80.png 80w\" sizes=\"auto, (max-width: 86px) 100vw, 86px\" \/><\/div><h1 class=\"grve-element grve-align-center grve-title-no-line grve-h1 whi\" style=\"\"><span>BALLONS DE STOCKAGE <strong>EAU CHAUDE TECHNIQUE<\/strong><\/span><\/h1>[vc_column_text]<\/p>\n<h5 style=\"text-align: center;\"><span style=\"color: #ffffff;\">Remplissez le formulaire ci-dessous pour recevoir par e-mail les fiches techniques des ballons. Merci.<\/span><\/h5>\n<p>[\/vc_column_text]\n<div class=\"wpcf7 no-js\" id=\"wpcf7-f8338-o1\" lang=\"fr-FR\" dir=\"ltr\" data-wpcf7-id=\"8338\">\n<div class=\"screen-reader-response\"><p role=\"status\" aria-live=\"polite\" aria-atomic=\"true\"><\/p> <ul><\/ul><\/div>\n<form action=\"\/fr\/wp-json\/wp\/v2\/pages\/7779#wpcf7-f8338-o1\" method=\"post\" class=\"wpcf7-form init\" aria-label=\"Formulaire de contact\" novalidate=\"novalidate\" data-status=\"init\">\n<fieldset class=\"hidden-fields-container\"><input type=\"hidden\" name=\"_wpcf7\" value=\"8338\" \/><input type=\"hidden\" name=\"_wpcf7_version\" value=\"6.1.5\" \/><input type=\"hidden\" name=\"_wpcf7_locale\" value=\"fr_FR\" \/><input type=\"hidden\" name=\"_wpcf7_unit_tag\" value=\"wpcf7-f8338-o1\" \/><input type=\"hidden\" name=\"_wpcf7_container_post\" value=\"0\" \/><input type=\"hidden\" name=\"_wpcf7_posted_data_hash\" value=\"\" \/><input type=\"hidden\" name=\"_wpcf7dtx_version\" value=\"5.0.5\" \/><input type=\"hidden\" name=\"_wpcf7_recaptcha_response\" value=\"\" \/>\n<\/fieldset>\n<p class=\"grve-with-icon cf-gri\"><i class=\"fa fa-user\"><\/i><span class=\"wpcf7-form-control-wrap\" data-name=\"your-name\"><input size=\"40\" maxlength=\"400\" class=\"wpcf7-form-control wpcf7-text wpcf7-validates-as-required\" aria-required=\"true\" aria-invalid=\"false\" placeholder=\"Nom de l&#039;entreprise ou du dirigeant\" value=\"\" type=\"text\" name=\"your-name\" \/><\/span>\n<\/p>\n<p class=\"cf-gri grve-with-icon\"><i class=\"fa fa-envelope\"><\/i><span class=\"wpcf7-form-control-wrap\" data-name=\"your-email\"><input size=\"40\" maxlength=\"400\" class=\"wpcf7-form-control wpcf7-email wpcf7-validates-as-required wpcf7-text wpcf7-validates-as-email\" aria-required=\"true\" aria-invalid=\"false\" placeholder=\"Adresse email\" value=\"\" type=\"email\" name=\"your-email\" \/><\/span>\n<\/p>\n<p class=\"cf-gri grve-with-icon\"><i class=\"fa fa-phone\"><\/i><span class=\"wpcf7-form-control-wrap\" data-name=\"your-tel\"><input size=\"40\" maxlength=\"400\" class=\"wpcf7-form-control wpcf7-tel wpcf7-validates-as-required wpcf7-text wpcf7-validates-as-tel\" aria-required=\"true\" aria-invalid=\"false\" placeholder=\"Num\u00e9ro de t\u00e9l\u00e9phone\" value=\"\" type=\"tel\" name=\"your-tel\" \/><\/span>\n<\/p>\n<p class=\"cf-gri grve-with-icon\"><span class=\"wpcf7-form-control-wrap\" data-name=\"your-message\"><textarea cols=\"40\" rows=\"10\" maxlength=\"2000\" class=\"wpcf7-form-control wpcf7-textarea test-class\" aria-invalid=\"false\" placeholder=\"Toutes demandes\" name=\"your-message\"><\/textarea><\/span>\n<\/p>\n\n<!-- CF7 Modules -->\n<div style='display:none;'><input type=\"hidden\" class=\"wpcf7-form-control wpcf7-hidden\" name=\"hidden-title\" placeholder=\"\" value=\"BALLONS DE STOCKAGE EAU CHAUDE TECHNIQUE\" \/><input type=\"hidden\" class=\"wpcf7-form-control wpcf7-hidden\" name=\"hidden-productname\" placeholder=\"\" value=\"BOLLITORI-Serie-ACQUA-CALDA-TECNICA-La-Nuova-Coterm\" \/><input type=\"hidden\" class=\"wpcf7-form-control wpcf7-hidden\" name=\"hidden-form-type\" placeholder=\"\" value=\"brochure\" \/>\n<\/div>\n<!-- End CF7 Modules -->\n\n<p><span class=\"wpcf7-form-control-wrap\" data-name=\"acceptance-658\"><span class=\"wpcf7-form-control wpcf7-acceptance\"><span class=\"wpcf7-list-item\"><label><input type=\"checkbox\" name=\"acceptance-658\" value=\"1\" aria-invalid=\"false\" \/><span class=\"wpcf7-list-item-label\">J'accepte votre <a class=\"white-txt\" href=\"\/fr\/politique-de-confidentialite-la-nuova-coterm\/\">Politique de confidentialit\u00e9<\/a><\/span><\/label><\/span><\/span><\/span>\n<\/p>\n<p class=\"grve-align-center\"><input class=\"wpcf7-form-control wpcf7-submit has-spinner\" type=\"submit\" value=\"Envoyer\" \/>\n<\/p><div class=\"wpcf7-response-output\" aria-hidden=\"true\"><\/div>\n<\/form>\n<\/div>\n[\/vc_column][\/vc_row][vc_row flex_height=\u00a0\u00bbyes\u00a0\u00bb middle_content=\u00a0\u00bbyes\u00a0\u00bb bg_type=\u00a0\u00bbimage\u00a0\u00bb bg_image=\u00a0\u00bb2092&Prime; margin_bottom=\u00a0\u00bb0&Prime;][vc_column css=\u00a0\u00bb.vc_custom_1495002674875{padding-top: 6% !important;padding-bottom: 6% !important;}\u00a0\u00bb][vc_column_text animation=\u00a0\u00bbfadeInLeft\u00a0\u00bb css=\u00a0\u00bb.vc_custom_1495003382284{padding-bottom: 2% !important;}\u00a0\u00bb]<\/p>\n<h2 style=\"text-align: right; line-height: 0.8em; font-weight: 600; font-size: 44px; color: #ffffff;\">PRODUITS CERTIFI\u00c9S<\/h2>\n<h2 style=\"text-align: right; line-height: 0.8em; font-weight: 300; font-size: 44px; color: #ffffff;\">conform\u00e9ment \u00e0 la loi<\/h2>\n<p>[\/vc_column_text]<div class=\"grve-element grve-align-right\"><a class=\"grve-btn grve-btn-small grve-square grve-white-color grve-btn-line\" href=\"https:\/\/www.coterm.it\/fr\/certifications\/\" target=\"_self\" style=\"\"><span>LIRE LES CERTIFICATIONS<\/span><\/a><\/div>[\/vc_column][\/vc_row][vc_row flex_height=\u00a0\u00bbyes\u00a0\u00bb middle_content=\u00a0\u00bbyes\u00a0\u00bb bg_type=\u00a0\u00bbcolor\u00a0\u00bb footer_feature=\u00a0\u00bbyes\u00a0\u00bb bg_color=\u00a0\u00bb#000000&Prime;][vc_column css=\u00a0\u00bb.vc_custom_1491334203015{padding-top: 45px !important;padding-bottom: 40px !important;}\u00a0\u00bb]<div class=\"grve-element grve-image grve-align-center\" style=\"margin-bottom: 20px;\"><img loading=\"lazy\" decoding=\"async\" width=\"168\" height=\"70\" src=\"https:\/\/www.coterm.it\/wp-content\/uploads\/2017\/04\/nuova-coterm-logo.png\" class=\"attachment-full size-full\" alt=\"Nuova Coterm - logo\" \/><\/div>[vc_column_text css=\u00a0\u00bb.vc_custom_1491340956492{margin-bottom: 0px !important;border-bottom-width: 0px !important;padding-bottom: 0px !important;}\u00a0\u00bb]<\/p>\n<h6 style=\"text-align: center;\"><span style=\"color: #ffffff;\">LA NUOVA COTERM Srl &#8211; Via Levata, 10 Seriate (BERGAMO) &#8211; 24068 &#8211; P.IVA 02594820165<\/span><br \/>\n<span style=\"color: #ffffff;\">Tel +39 035 290665 &#8211; Fax +39 035 301843 &#8211; info@coterm.it<\/span><\/h6>\n<p style=\"text-align: center;\"><span style=\"color: #ffffff;\">PRIVACY POLICY &#8211; TUTTI I DIRITTI RISERVATI<\/span><\/p>\n<p>[\/vc_column_text][\/vc_column][\/vc_row]<\/p>\n","protected":false},"excerpt":{"rendered":"<p>[vc_row bg_type=\u00a0\u00bbcolor\u00a0\u00bb header_feature=\u00a0\u00bbyes\u00a0\u00bb bg_color=\u00a0\u00bb#8fa3c4&Prime;][vc_column css=\u00a0\u00bb.vc_custom_1491646838287{padding-top: 30px !important;padding-bottom: 20px !important;background-position: center !important;background-repeat: no-repeat !important;background-size: cover !important;}\u00a0\u00bb][\/vc_column][\/vc_row][vc_row][vc_column width=\u00a0\u00bb1\/2&Prime;][vc_column_text css=\u00a0\u00bb.vc_custom_1496657045471{margin-bottom: 35px !important;padding-top: 0px !important;padding-bottom: 0px !important;}\u00a0\u00bb el_class=\u00a0\u00bbmodelpad\u00a0\u00bb] S\u00e9rie KOMBI 0-1-2 SERPENTINS [\/vc_column_text][\/vc_column][vc_column width=\u00a0\u00bb1\/2&Prime;][vc_column_text css=\u00a0\u00bb.vc_custom_1495104129574{margin-bottom: 0px !important;padding-top: 0px !important;padding-bottom: 0px !important;}\u00a0\u00bb el_class=\u00a0\u00bbmodel\u00a0\u00bb] SPDC [\/vc_column_text][\/vc_column][\/vc_row][vc_row mobile_visibility=\u00a0\u00bbhide\u00a0\u00bb][vc_column][vc_empty_space height=\u00a0\u00bb4%\u00a0\u00bb][\/vc_column][\/vc_row][vc_row][vc_column width=\u00a0\u00bb1\/2&Prime;][vc_column_text css=\u00a0\u00bb.vc_custom_1496657056066{margin-bottom: 35px !important;padding-top: 0px !important;padding-bottom: 0px !important;}\u00a0\u00bb el_class=\u00a0\u00bbmodel\u00a0\u00bb] S\u00c9RIE PS 0-1-2 serpentins [&hellip;]<\/p>\n","protected":false},"author":2,"featured_media":0,"parent":0,"menu_order":0,"comment_status":"closed","ping_status":"closed","template":"","meta":{"footnotes":""},"class_list":["post-7779","page","type-page","status-publish","hentry"],"aioseo_notices":[],"_links":{"self":[{"href":"https:\/\/www.coterm.it\/fr\/wp-json\/wp\/v2\/pages\/7779","targetHints":{"allow":["GET"]}}],"collection":[{"href":"https:\/\/www.coterm.it\/fr\/wp-json\/wp\/v2\/pages"}],"about":[{"href":"https:\/\/www.coterm.it\/fr\/wp-json\/wp\/v2\/types\/page"}],"author":[{"embeddable":true,"href":"https:\/\/www.coterm.it\/fr\/wp-json\/wp\/v2\/users\/2"}],"replies":[{"embeddable":true,"href":"https:\/\/www.coterm.it\/fr\/wp-json\/wp\/v2\/comments?post=7779"}],"version-history":[{"count":13,"href":"https:\/\/www.coterm.it\/fr\/wp-json\/wp\/v2\/pages\/7779\/revisions"}],"predecessor-version":[{"id":9159,"href":"https:\/\/www.coterm.it\/fr\/wp-json\/wp\/v2\/pages\/7779\/revisions\/9159"}],"wp:attachment":[{"href":"https:\/\/www.coterm.it\/fr\/wp-json\/wp\/v2\/media?parent=7779"}],"curies":[{"name":"wp","href":"https:\/\/api.w.org\/{rel}","templated":true}]}}