{"id":7788,"date":"2017-05-18T12:17:19","date_gmt":"2017-05-18T10:17:19","guid":{"rendered":"https:\/\/www.coterm.it\/bollitori-accumulo-acqua-calda-tecnica\/serie-vega-b-vega-s-vega-ss\/"},"modified":"2025-09-23T14:47:32","modified_gmt":"2025-09-23T12:47:32","slug":"serie-vega-b-vega-s-vega-ss","status":"publish","type":"page","link":"https:\/\/www.coterm.it\/fr\/ballons-de-stockage-eau-chaude-technique\/serie-vega-b-vega-s-vega-ss\/","title":{"rendered":"S\u00e9rie VEGA B &#8211; VEGA S &#8211; VEGA SS"},"content":{"rendered":"<p>[vc_row bg_type=\u00a0\u00bbcolor\u00a0\u00bb header_feature=\u00a0\u00bbyes\u00a0\u00bb bg_color=\u00a0\u00bb#8fa3c4&Prime;][vc_column css=\u00a0\u00bb.vc_custom_1491646838287{padding-top: 30px !important;padding-bottom: 20px !important;background-position: center !important;background-repeat: no-repeat !important;background-size: cover !important;}\u00a0\u00bb]<div class=\"grve-element grve-image grve-animated-item grve-fadeInUp iconheadres grve-align-center\" style=\"\" data-delay=\"200\"><img loading=\"lazy\" decoding=\"async\" width=\"86\" height=\"85\" src=\"https:\/\/www.coterm.it\/wp-content\/uploads\/2017\/05\/acqua-calda-tecnica.png\" class=\"attachment-medium size-medium\" alt=\"\" srcset=\"https:\/\/www.coterm.it\/wp-content\/uploads\/2017\/05\/acqua-calda-tecnica.png 86w, https:\/\/www.coterm.it\/wp-content\/uploads\/2017\/05\/acqua-calda-tecnica-80x80.png 80w\" sizes=\"auto, (max-width: 86px) 100vw, 86px\" \/><\/div><h1 class=\"grve-element grve-align-center grve-title-no-line grve-h1 whi\" style=\"\"><span>BALLONS DE STOCKAGE <strong>EAU CHAUDE TECHNIQUE<\/strong><\/span><\/h1>[\/vc_column][\/vc_row][vc_row margin_bottom=\u00a0\u00bb0px\u00a0\u00bb][vc_column css=\u00a0\u00bb.vc_custom_1495120644104{margin-top: 0px !important;}\u00a0\u00bb]<h2 class=\"grve-element grve-align-center grve-title-line grve-h2\" style=\"\"><span>SANS SERPENTIN - AVEC 1 SERPENTIN - AVEC 2 SERPENTINS<\/span><\/h2>[\/vc_column][\/vc_row][vc_row][vc_column]<div class=\"grve-element grve-image grve-animated-item grve-fadeInUp grve-align-center\" style=\"\" data-delay=\"200\"><img loading=\"lazy\" decoding=\"async\" width=\"1095\" height=\"600\" src=\"https:\/\/www.coterm.it\/wp-content\/uploads\/2017\/05\/serbatoi_VEGA_B_VEGA_S_VEGA_SS_vetroporcellanati_Nuova_Coterm_Italy-1.jpg\" class=\"attachment-full size-full\" alt=\"Bollitori-boilers VEGA B - VEGA S - VEGA SS - con 0 - 1 - 2 serpentine\" srcset=\"https:\/\/www.coterm.it\/wp-content\/uploads\/2017\/05\/serbatoi_VEGA_B_VEGA_S_VEGA_SS_vetroporcellanati_Nuova_Coterm_Italy-1.jpg 1095w, https:\/\/www.coterm.it\/wp-content\/uploads\/2017\/05\/serbatoi_VEGA_B_VEGA_S_VEGA_SS_vetroporcellanati_Nuova_Coterm_Italy-1-300x164.jpg 300w, https:\/\/www.coterm.it\/wp-content\/uploads\/2017\/05\/serbatoi_VEGA_B_VEGA_S_VEGA_SS_vetroporcellanati_Nuova_Coterm_Italy-1-768x421.jpg 768w, https:\/\/www.coterm.it\/wp-content\/uploads\/2017\/05\/serbatoi_VEGA_B_VEGA_S_VEGA_SS_vetroporcellanati_Nuova_Coterm_Italy-1-1024x561.jpg 1024w\" sizes=\"auto, (max-width: 1095px) 100vw, 1095px\" \/><\/div><div class=\"grve-element grve-slogan grve-align-center\" style=\"\"><h1 class=\"grve-slogan-title grve-align-center grve-title-no-line\"><span>Ballons S\u00e9rie VEGA B - VEGA S - VEGA SS<\/span><\/h1>  <p class=\"grve-leader-text\"><\/p><\/div>[vc_column_text el_class=\u00a0\u00bbmini\u00a0\u00bb]<\/p>\n<p style=\"text-align: justify;\"><span style=\"line-height: 1em !important;\">Les r\u00e9servoirs combin\u00e9s de la s\u00e9rie VEGA sont con\u00e7us pour le stockage de l&rsquo;eau de chauffage. Sans serpentin, avec un serpentin ou avec deux serpentins fixes, \u00e0 raccorder \u00e0 diff\u00e9rentes sources de chaleur (chaudi\u00e8res \u00e0 bois, gaz, diesel, pompes \u00e0 chaleur, etc.). Dans la partie sup\u00e9rieure du ballon, est ins\u00e9r\u00e9 un serpentin en cuivre \u00e0 ailettes amovibles, qui permet la production instantan\u00e9e d&rsquo;eau chaude sanitaire sans risque de l\u00e9gionellose. L&rsquo;int\u00e9rieur du r\u00e9cipient est brut, tandis que l&rsquo;ext\u00e9rieur est peint avec un \u00e9mail antirouille \u00e0 base d&rsquo;eau. L&rsquo;isolation en polyur\u00e9thane flexible de 100 mm d&rsquo;\u00e9paisseur avec finition ext\u00e9rieure en PVC assure une excellente isolation thermique de l&rsquo;eau, r\u00e9duisant au minimum la dispersion de chaleur.    <\/span><\/p>\n<p>[\/vc_column_text][\/vc_column][\/vc_row][vc_row bg_type=\u00a0\u00bbcolor\u00a0\u00bb bg_color=\u00a0\u00bb#8fa3c4&Prime; padding_bottom=\u00a0\u00bb20&Prime; margin_bottom=\u00a0\u00bb0px\u00a0\u00bb][vc_column css=\u00a0\u00bb.vc_custom_1491646838287{padding-top: 30px !important;padding-bottom: 20px !important;background-position: center !important;background-repeat: no-repeat !important;background-size: cover !important;}\u00a0\u00bb][vc_column_text]<\/p>\n<h5 style=\"text-align: center;\"><span style=\"color: #ffffff;\">Remplissez le formulaire ci-dessous pour recevoir par e-mail les fiches techniques des ballons S\u00c9RIE VEGA B &#8211; VEGA S &#8211; VEGA SS. Merci.<\/span><\/h5>\n<p>[\/vc_column_text]\n<div class=\"wpcf7 no-js\" id=\"wpcf7-f8338-o1\" lang=\"fr-FR\" dir=\"ltr\" data-wpcf7-id=\"8338\">\n<div class=\"screen-reader-response\"><p role=\"status\" aria-live=\"polite\" aria-atomic=\"true\"><\/p> <ul><\/ul><\/div>\n<form action=\"\/fr\/wp-json\/wp\/v2\/pages\/7788#wpcf7-f8338-o1\" method=\"post\" class=\"wpcf7-form init\" aria-label=\"Formulaire de contact\" novalidate=\"novalidate\" data-status=\"init\">\n<fieldset class=\"hidden-fields-container\"><input type=\"hidden\" name=\"_wpcf7\" value=\"8338\" \/><input type=\"hidden\" name=\"_wpcf7_version\" value=\"6.1.5\" \/><input type=\"hidden\" name=\"_wpcf7_locale\" value=\"fr_FR\" \/><input type=\"hidden\" name=\"_wpcf7_unit_tag\" value=\"wpcf7-f8338-o1\" \/><input type=\"hidden\" name=\"_wpcf7_container_post\" value=\"0\" \/><input type=\"hidden\" name=\"_wpcf7_posted_data_hash\" value=\"\" \/><input type=\"hidden\" name=\"_wpcf7dtx_version\" value=\"5.0.5\" \/><input type=\"hidden\" name=\"_wpcf7_recaptcha_response\" value=\"\" \/>\n<\/fieldset>\n<p class=\"grve-with-icon cf-gri\"><i class=\"fa fa-user\"><\/i><span class=\"wpcf7-form-control-wrap\" data-name=\"your-name\"><input size=\"40\" maxlength=\"400\" class=\"wpcf7-form-control wpcf7-text wpcf7-validates-as-required\" aria-required=\"true\" aria-invalid=\"false\" placeholder=\"Nom de l&#039;entreprise ou du dirigeant\" value=\"\" type=\"text\" name=\"your-name\" \/><\/span>\n<\/p>\n<p class=\"cf-gri grve-with-icon\"><i class=\"fa fa-envelope\"><\/i><span class=\"wpcf7-form-control-wrap\" data-name=\"your-email\"><input size=\"40\" maxlength=\"400\" class=\"wpcf7-form-control wpcf7-email wpcf7-validates-as-required wpcf7-text wpcf7-validates-as-email\" aria-required=\"true\" aria-invalid=\"false\" placeholder=\"Adresse email\" value=\"\" type=\"email\" name=\"your-email\" \/><\/span>\n<\/p>\n<p class=\"cf-gri grve-with-icon\"><i class=\"fa fa-phone\"><\/i><span class=\"wpcf7-form-control-wrap\" data-name=\"your-tel\"><input size=\"40\" maxlength=\"400\" class=\"wpcf7-form-control wpcf7-tel wpcf7-validates-as-required wpcf7-text wpcf7-validates-as-tel\" aria-required=\"true\" aria-invalid=\"false\" placeholder=\"Num\u00e9ro de t\u00e9l\u00e9phone\" value=\"\" type=\"tel\" name=\"your-tel\" \/><\/span>\n<\/p>\n<p class=\"cf-gri grve-with-icon\"><span class=\"wpcf7-form-control-wrap\" data-name=\"your-message\"><textarea cols=\"40\" rows=\"10\" maxlength=\"2000\" class=\"wpcf7-form-control wpcf7-textarea test-class\" aria-invalid=\"false\" placeholder=\"Toutes demandes\" name=\"your-message\"><\/textarea><\/span>\n<\/p>\n\n<!-- CF7 Modules -->\n<div style='display:none;'><input type=\"hidden\" class=\"wpcf7-form-control wpcf7-hidden\" name=\"hidden-title\" placeholder=\"\" value=\"S\u00e9rie VEGA B - VEGA S - VEGA SS\" \/><input type=\"hidden\" class=\"wpcf7-form-control wpcf7-hidden\" name=\"hidden-productname\" placeholder=\"\" value=\"BOLLITORE-SERIE-VEGA-B-VEGA-S-VEGA-SS-Serie-TECNICA-La-Nuova-Coterm\" \/><input type=\"hidden\" class=\"wpcf7-form-control wpcf7-hidden\" name=\"hidden-form-type\" placeholder=\"\" value=\"brochure\" \/>\n<\/div>\n<!-- End CF7 Modules -->\n\n<p><span class=\"wpcf7-form-control-wrap\" data-name=\"acceptance-658\"><span class=\"wpcf7-form-control wpcf7-acceptance\"><span class=\"wpcf7-list-item\"><label><input type=\"checkbox\" name=\"acceptance-658\" value=\"1\" aria-invalid=\"false\" \/><span class=\"wpcf7-list-item-label\">J'accepte votre <a class=\"white-txt\" href=\"\/fr\/politique-de-confidentialite-la-nuova-coterm\/\">Politique de confidentialit\u00e9<\/a><\/span><\/label><\/span><\/span><\/span>\n<\/p>\n<p class=\"grve-align-center\"><input class=\"wpcf7-form-control wpcf7-submit has-spinner\" type=\"submit\" value=\"Envoyer\" \/>\n<\/p><div class=\"wpcf7-response-output\" aria-hidden=\"true\"><\/div>\n<\/form>\n<\/div>\n[\/vc_column][\/vc_row][vc_row flex_height=\u00a0\u00bbyes\u00a0\u00bb middle_content=\u00a0\u00bbyes\u00a0\u00bb bg_type=\u00a0\u00bbimage\u00a0\u00bb bg_image=\u00a0\u00bb2092&Prime; mobile_visibility=\u00a0\u00bbhide\u00a0\u00bb margin_bottom=\u00a0\u00bb0&Prime;][vc_column css=\u00a0\u00bb.vc_custom_1494939958059{padding-top: 6% !important;padding-bottom: 6% !important;}\u00a0\u00bb][vc_column_text animation=\u00a0\u00bbfadeInLeft\u00a0\u00bb el_class=\u00a0\u00bbprod\u00a0\u00bb css=\u00a0\u00bb.vc_custom_1496331407227{margin-bottom: 0px !important;border-bottom-width: 0px !important;padding-bottom: 2% !important;}\u00a0\u00bb]<\/p>\n<h2 style=\"text-align: right; color: #ffffff !important; line-height: 0.8em !important; font-weight: 600 !important; font-size: 44px !important;\">PRODUITS CERTIFI\u00c9S<\/h2>\n<h2 style=\"text-align: right; font-weight: 300 !important; line-height: 0.5em !important; color: #ffffff !important;\">conform\u00e9ment \u00e0 la loi<\/h2>\n<p>[\/vc_column_text]<div class=\"grve-element grve-align-right grve-animated-item grve-fadeInLeft\" data-delay=\"200\"><a class=\"grve-btn grve-btn-extrasmall grve-square grve-white-color grve-btn-line\" href=\"https:\/\/www.coterm.it\/fr\/certifications\/\" target=\"_self\" style=\"\"><span>LIRE LES CERTIFICATIONS<\/span><\/a><\/div>[\/vc_column][\/vc_row][vc_row flex_height=\u00a0\u00bbyes\u00a0\u00bb middle_content=\u00a0\u00bbyes\u00a0\u00bb bg_type=\u00a0\u00bbimage\u00a0\u00bb bg_image=\u00a0\u00bb2092&Prime; desktop_visibility=\u00a0\u00bbhide\u00a0\u00bb tablet_visibility=\u00a0\u00bbhide\u00a0\u00bb tablet_sm_visibility=\u00a0\u00bbhide\u00a0\u00bb margin_bottom=\u00a0\u00bb0&Prime;][vc_column css=\u00a0\u00bb.vc_custom_1495538242382{padding-top: 9% !important;padding-bottom: 9% !important;}\u00a0\u00bb][vc_column_text animation=\u00a0\u00bbfadeInLeft\u00a0\u00bb el_class=\u00a0\u00bbprod\u00a0\u00bb css=\u00a0\u00bb.vc_custom_1496331610439{margin-bottom: 0px !important;border-bottom-width: 0px !important;padding-bottom: 2% !important;}\u00a0\u00bb]<\/p>\n<h2 style=\"color: #ffffff !important; line-height: 0.8em !important; font-weight: 600 !important; font-size: 24px !important; text-align: center;\">PRODUITS CERTIFI\u00c9S<\/h2>\n<h2 style=\"font-weight: 300 !important; line-height: 0.5em !important; color: #ffffff !important; text-align: center;\">conform\u00e9ment \u00e0 la loi<\/h2>\n<p>[\/vc_column_text]<div class=\"grve-element grve-align-center\"><a class=\"grve-btn grve-btn-extrasmall grve-square grve-white-color\" href=\"https:\/\/www.coterm.it\/certificazioni\/\" target=\"_self\" style=\"\"><span>LIRE LES CERTIFICATIONS<\/span><\/a><\/div>[\/vc_column][\/vc_row][vc_row heading_color=\u00a0\u00bbprimary-1&Prime; section_type=\u00a0\u00bbfullwidth-element\u00a0\u00bb bg_type=\u00a0\u00bbcolor\u00a0\u00bb mobile_visibility=\u00a0\u00bbhide\u00a0\u00bb font_color=\u00a0\u00bb#ffffff\u00a0\u00bb padding_top=\u00a0\u00bb0px\u00a0\u00bb padding_bottom=\u00a0\u00bb0px\u00a0\u00bb margin_bottom=\u00a0\u00bb0px\u00a0\u00bb][vc_column width=\u00a0\u00bb1\/3&Prime; css=\u00a0\u00bb.vc_custom_1495537823255{padding-bottom: 7px !important;background-color: #81d742 !important;}\u00a0\u00bb][\/vc_column][vc_column width=\u00a0\u00bb1\/3&Prime; css=\u00a0\u00bb.vc_custom_1495537834374{padding-bottom: 7px !important;background-color: #ffffff !important;}\u00a0\u00bb][\/vc_column][vc_column width=\u00a0\u00bb1\/3&Prime; css=\u00a0\u00bb.vc_custom_1495537845903{padding-bottom: 7px !important;background-color: #dd3333 !important;}\u00a0\u00bb][\/vc_column][\/vc_row][vc_row heading_color=\u00a0\u00bbprimary-1&Prime; section_type=\u00a0\u00bbfullwidth-element\u00a0\u00bb desktop_visibility=\u00a0\u00bbhide\u00a0\u00bb tablet_visibility=\u00a0\u00bbhide\u00a0\u00bb tablet_sm_visibility=\u00a0\u00bbhide\u00a0\u00bb font_color=\u00a0\u00bb#ffffff\u00a0\u00bb section_id=\u00a0\u00bbspazio\u00a0\u00bb margin_bottom=\u00a0\u00bb0px\u00a0\u00bb padding_top=\u00a0\u00bb0&Prime; padding_bottom=\u00a0\u00bb0px\u00a0\u00bb][vc_column css=\u00a0\u00bb.vc_custom_1483395759668{margin-top: 0px !important;margin-bottom: 0px !important;border-top-width: 0px !important;border-bottom-width: 0px !important;padding-top: 0px !important;padding-bottom: 0px !important;background-position: center !important;background-repeat: no-repeat !important;background-size: cover !important;}\u00a0\u00bb][vc_empty_space height=\u00a0\u00bb5px\u00a0\u00bb css=\u00a0\u00bb.vc_custom_1495537346427{margin-top: 0px !important;margin-bottom: 0px !important;border-top-width: 0px !important;border-bottom-width: 0px !important;padding-top: 0px !important;padding-bottom: 0px !important;background-image: url(https:\/\/www.coterm.it\/wp-content\/uploads\/2017\/05\/italia-1.jpg?id=3428) !important;background-position: center !important;background-repeat: no-repeat !important;background-size: cover !important;}\u00a0\u00bb][\/vc_column][\/vc_row][vc_row flex_height=\u00a0\u00bbyes\u00a0\u00bb middle_content=\u00a0\u00bbyes\u00a0\u00bb bg_type=\u00a0\u00bbcolor\u00a0\u00bb footer_feature=\u00a0\u00bbyes\u00a0\u00bb mobile_visibility=\u00a0\u00bbhide\u00a0\u00bb bg_color=\u00a0\u00bb#000000&Prime;][vc_column css=\u00a0\u00bb.vc_custom_1496240724845{padding-top: 45px !important;padding-bottom: 30px !important;}\u00a0\u00bb]<div class=\"grve-element grve-image grve-align-center\" style=\"margin-bottom: 20px;\"><img loading=\"lazy\" decoding=\"async\" width=\"168\" height=\"70\" src=\"https:\/\/www.coterm.it\/wp-content\/uploads\/2017\/04\/nuova-coterm-logo.png\" class=\"attachment-full size-full\" alt=\"Nuova Coterm - logo\" \/><\/div>[vc_column_text css=\u00a0\u00bb.vc_custom_1496240405918{margin-bottom: 0px !important;border-bottom-width: 0px !important;padding-bottom: 0px !important;}\u00a0\u00bb]<\/p>\n<h6 style=\"text-align: center;\"><span style=\"color: #999999;\">CHAUFFE-EAU &#8211; CHAUDI\u00c8RES<\/span><\/h6>\n<h6 style=\"text-align: center;\"><span style=\"color: #ffffff;\"><br \/>\nLA NUOVA COTERM Srl &#8211; Via Levata, 10 &#8211; 24068 Seriate &#8211; (ITALY)<\/span><br \/>\n<span style=\"color: #ffffff;\"><a style=\"color: #ffffff;\" href=\"tel:+39035290665\"> Tel +39 035 290665<\/a> &#8211; Fax +39 035 301843 &#8211; <a style=\"color: #ffffff;\" href=\"mailto:info@coterm.it\">info@coterm.it<\/a><\/span><\/h6>\n<p>[\/vc_column_text][\/vc_column][\/vc_row][vc_row flex_height=\u00a0\u00bbyes\u00a0\u00bb middle_content=\u00a0\u00bbyes\u00a0\u00bb bg_type=\u00a0\u00bbcolor\u00a0\u00bb footer_feature=\u00a0\u00bbyes\u00a0\u00bb desktop_visibility=\u00a0\u00bbhide\u00a0\u00bb tablet_visibility=\u00a0\u00bbhide\u00a0\u00bb tablet_sm_visibility=\u00a0\u00bbhide\u00a0\u00bb bg_color=\u00a0\u00bb#000000&Prime;][vc_column css=\u00a0\u00bb.vc_custom_1496240688707{padding-top: 45px !important;padding-bottom: 30px !important;}\u00a0\u00bb]<div class=\"grve-element grve-image grve-align-center\" style=\"margin-bottom: 20px;\"><img loading=\"lazy\" decoding=\"async\" width=\"168\" height=\"70\" src=\"https:\/\/www.coterm.it\/wp-content\/uploads\/2017\/04\/nuova-coterm-logo.png\" class=\"attachment-full size-full\" alt=\"Nuova Coterm - logo\" \/><\/div>[vc_column_text css=\u00a0\u00bb.vc_custom_1496240428624{margin-bottom: 0px !important;border-bottom-width: 0px !important;padding-bottom: 0px !important;}\u00a0\u00bb]<\/p>\n<h6 style=\"text-align: center;\"><span style=\"color: #999999;\">CHAUFFE-EAU &#8211; CHAUDI\u00c8RES<\/span><\/h6>\n<h6 style=\"text-align: center;\"><span style=\"color: #ffffff;\">LA NUOVA COTERM Srl<\/span><br \/>\n<span style=\"color: #ffffff;\">Via Levata, 10 &#8211; 24068 &#8211; Seriate (BERGAMO)<\/span><br \/>\n<span style=\"color: #ffffff;\">Tel +39 035 290665 &#8211; Fax +39 035 301843<\/span><br \/>\n<span style=\"color: #ffffff;\"><a style=\"text-decoration: underline; color: #ffffff;\" href=\"mailto:info@coterm.it\">info@coterm.it<\/a><\/span><\/h6>\n<p>[\/vc_column_text][\/vc_column][\/vc_row]<\/p>\n","protected":false},"excerpt":{"rendered":"<p>[vc_row bg_type=\u00a0\u00bbcolor\u00a0\u00bb header_feature=\u00a0\u00bbyes\u00a0\u00bb bg_color=\u00a0\u00bb#8fa3c4&Prime;][vc_column css=\u00a0\u00bb.vc_custom_1491646838287{padding-top: 30px !important;padding-bottom: 20px !important;background-position: center !important;background-repeat: no-repeat !important;background-size: cover !important;}\u00a0\u00bb][\/vc_column][\/vc_row][vc_row margin_bottom=\u00a0\u00bb0px\u00a0\u00bb][vc_column css=\u00a0\u00bb.vc_custom_1495120644104{margin-top: 0px !important;}\u00a0\u00bb][\/vc_column][\/vc_row][vc_row][vc_column][vc_column_text el_class=\u00a0\u00bbmini\u00a0\u00bb] Les r\u00e9servoirs combin\u00e9s de la s\u00e9rie VEGA sont con\u00e7us pour le stockage de l&rsquo;eau de chauffage. Sans serpentin, avec un serpentin ou avec deux serpentins fixes, \u00e0 raccorder \u00e0 diff\u00e9rentes sources de chaleur (chaudi\u00e8res \u00e0 [&hellip;]<\/p>\n","protected":false},"author":2,"featured_media":0,"parent":7779,"menu_order":0,"comment_status":"closed","ping_status":"closed","template":"","meta":{"footnotes":""},"class_list":["post-7788","page","type-page","status-publish","hentry"],"aioseo_notices":[],"_links":{"self":[{"href":"https:\/\/www.coterm.it\/fr\/wp-json\/wp\/v2\/pages\/7788","targetHints":{"allow":["GET"]}}],"collection":[{"href":"https:\/\/www.coterm.it\/fr\/wp-json\/wp\/v2\/pages"}],"about":[{"href":"https:\/\/www.coterm.it\/fr\/wp-json\/wp\/v2\/types\/page"}],"author":[{"embeddable":true,"href":"https:\/\/www.coterm.it\/fr\/wp-json\/wp\/v2\/users\/2"}],"replies":[{"embeddable":true,"href":"https:\/\/www.coterm.it\/fr\/wp-json\/wp\/v2\/comments?post=7788"}],"version-history":[{"count":9,"href":"https:\/\/www.coterm.it\/fr\/wp-json\/wp\/v2\/pages\/7788\/revisions"}],"predecessor-version":[{"id":9163,"href":"https:\/\/www.coterm.it\/fr\/wp-json\/wp\/v2\/pages\/7788\/revisions\/9163"}],"up":[{"embeddable":true,"href":"https:\/\/www.coterm.it\/fr\/wp-json\/wp\/v2\/pages\/7779"}],"wp:attachment":[{"href":"https:\/\/www.coterm.it\/fr\/wp-json\/wp\/v2\/media?parent=7788"}],"curies":[{"name":"wp","href":"https:\/\/api.w.org\/{rel}","templated":true}]}}