{"id":7806,"date":"2017-05-18T13:39:56","date_gmt":"2017-05-18T11:39:56","guid":{"rendered":"https:\/\/www.coterm.it\/contatti\/"},"modified":"2025-07-23T10:21:21","modified_gmt":"2025-07-23T08:21:21","slug":"contacts","status":"publish","type":"page","link":"https:\/\/www.coterm.it\/fr\/contacts\/","title":{"rendered":"Contacts"},"content":{"rendered":"<p>[vc_row middle_content=\u00a0\u00bbyes\u00a0\u00bb bg_type=\u00a0\u00bbcolor\u00a0\u00bb header_feature=\u00a0\u00bbyes\u00a0\u00bb bg_color=\u00a0\u00bb#41547b\u00a0\u00bb padding_bottom=\u00a0\u00bb0&Prime; margin_bottom=\u00a0\u00bb0&Prime;][vc_column css=\u00a0\u00bb.vc_custom_1492462168149{padding-top: 50px !important;padding-bottom: 40px !important;background-position: center !important;background-repeat: no-repeat !important;background-size: cover !important;}\u00a0\u00bb]<h1 class=\"grve-element grve-align-center grve-title-no-line grve-h1 whi\" style=\"\"><span>\u00c0 votre disposition. Bon travail.<\/span><\/h1>[\/vc_column][\/vc_row][vc_row section_type=\u00a0\u00bbfullwidth-element\u00a0\u00bb margin_bottom=\u00a0\u00bb0px\u00a0\u00bb][vc_column][vc_raw_html css=\u00a0\u00bb.vc_custom_1753258878210{margin-top: 0px !important;margin-bottom: 0px !important;}\u00a0\u00bb]JTNDaWZyYW1lJTIwc3JjJTNEJTIyaHR0cHMlM0ElMkYlMkZ3d3cuZ29vZ2xlLmNvbSUyRm1hcHMlMkZlbWJlZCUzRnBiJTNEJTIxMW0xNCUyMTFtOCUyMTFtMyUyMTFkMTM5NC4wODczNTk1ODA3OTQ4JTIxMmQ5Ljc0MjI2NiUyMTNkNDUuNjY3MzkyNyUyMTNtMiUyMTFpMTAyNCUyMTJpNzY4JTIxNGYxMy4xJTIxM20zJTIxMW0yJTIxMXMweDQ3ODE1YTkyZjFmZTAxMzMlMjUzQTB4NjAyNzdlZDY2Y2M1MGE4NCUyMTJzTGElMjUyME51b3ZhJTI1MjBDb3Rlcm0lMjUyMFNybCUyMTVlMCUyMTNtMiUyMTFzaXQlMjEyc2l0JTIxNHYxNzUzMjU4NzY2NDE1JTIxNW0yJTIxMXNpdCUyMTJzaXQlMjIlMjB3aWR0aCUzRCUyMjYwMCUyMiUyMGhlaWdodCUzRCUyMjQ1MCUyMiUyMHN0eWxlJTNEJTIyYm9yZGVyJTNBMCUzQndpZHRoJTNBMTAwJTI1JTNCbWluLWhlaWdodCUzQTc1dmglM0IlMjIlMjBhbGxvd2Z1bGxzY3JlZW4lM0QlMjIlMjIlMjBsb2FkaW5nJTNEJTIybGF6eSUyMiUyMHJlZmVycmVycG9saWN5JTNEJTIybm8tcmVmZXJyZXItd2hlbi1kb3duZ3JhZGUlMjIlM0UlM0MlMkZpZnJhbWUlM0U=[\/vc_raw_html][\/vc_column][\/vc_row][vc_row bg_type=\u00a0\u00bbcolor\u00a0\u00bb footer_feature=\u00a0\u00bbyes\u00a0\u00bb bg_color=\u00a0\u00bb#e8e8e8&Prime;][vc_column css=\u00a0\u00bb.vc_custom_1496600585175{margin-bottom: 0px !important;padding-top: 3% !important;padding-bottom: 3% !important;}\u00a0\u00bb]<div class=\"grve-element grve-image grve-align-center\" style=\"margin-bottom: 20px;\"><img loading=\"lazy\" decoding=\"async\" width=\"168\" height=\"70\" src=\"https:\/\/www.coterm.it\/wp-content\/uploads\/2017\/04\/nuova-coterm-logo.png\" class=\"attachment-full size-full\" alt=\"Nuova Coterm - logo\" \/><\/div>[vc_column_text]<\/p>\n<p style=\"text-align: center;\"><span style=\"color: #000000;\">LA NUOVA COTERM Srl &#8211; <\/span>Via Levata, 10 Seriate (BERGAMO) \u2013 24068 &#8211; Tel +39 035 290665 \u2013 Fax +39 035 301843 \u2013 info@coterm.it<\/p>\n<p>[\/vc_column_text]<div class=\"grve-element grve-image grve-animated-item grve-fadeIn grve-align-center\" style=\"\" data-delay=\"300\"><img loading=\"lazy\" decoding=\"async\" width=\"1920\" height=\"900\" src=\"https:\/\/www.coterm.it\/wp-content\/uploads\/2017\/05\/nuova-coterm-contact-003c.jpg\" class=\"attachment-full size-full\" alt=\"\" srcset=\"https:\/\/www.coterm.it\/wp-content\/uploads\/2017\/05\/nuova-coterm-contact-003c.jpg 1920w, https:\/\/www.coterm.it\/wp-content\/uploads\/2017\/05\/nuova-coterm-contact-003c-300x141.jpg 300w, https:\/\/www.coterm.it\/wp-content\/uploads\/2017\/05\/nuova-coterm-contact-003c-768x360.jpg 768w, https:\/\/www.coterm.it\/wp-content\/uploads\/2017\/05\/nuova-coterm-contact-003c-1024x480.jpg 1024w\" sizes=\"auto, (max-width: 1920px) 100vw, 1920px\" \/><\/div>[vc_column_text css=\u00a0\u00bb.vc_custom_1495112384755{padding-top: 3% !important;}\u00a0\u00bb]<\/p>\n<p style=\"text-align: center;\"><span style=\"color: #000000;\">Pour toute information, appelez nos bureaux au T\u00e9l. +39 035 290665 ou remplissez le formulaire ci-dessous.<\/span><\/p>\n<p>[\/vc_column_text]\n<div class=\"wpcf7 no-js\" id=\"wpcf7-f8415-o1\" lang=\"fr-FR\" dir=\"ltr\" data-wpcf7-id=\"8415\">\n<div class=\"screen-reader-response\"><p role=\"status\" aria-live=\"polite\" aria-atomic=\"true\"><\/p> <ul><\/ul><\/div>\n<form action=\"\/fr\/wp-json\/wp\/v2\/pages\/7806#wpcf7-f8415-o1\" method=\"post\" class=\"wpcf7-form init\" aria-label=\"Formulaire de contact\" novalidate=\"novalidate\" data-status=\"init\">\n<fieldset class=\"hidden-fields-container\"><input type=\"hidden\" name=\"_wpcf7\" value=\"8415\" \/><input type=\"hidden\" name=\"_wpcf7_version\" value=\"6.1.5\" \/><input type=\"hidden\" name=\"_wpcf7_locale\" value=\"fr_FR\" \/><input type=\"hidden\" name=\"_wpcf7_unit_tag\" value=\"wpcf7-f8415-o1\" \/><input type=\"hidden\" name=\"_wpcf7_container_post\" value=\"0\" \/><input type=\"hidden\" name=\"_wpcf7_posted_data_hash\" value=\"\" \/><input type=\"hidden\" name=\"_wpcf7dtx_version\" value=\"5.0.5\" \/><input type=\"hidden\" name=\"_wpcf7_recaptcha_response\" value=\"\" \/>\n<\/fieldset>\n<p class=\"grve-one-half grve-with-icon\"><i class=\"fa fa-user\"><\/i><span class=\"wpcf7-form-control-wrap\" data-name=\"your-name\"><input size=\"40\" maxlength=\"400\" class=\"wpcf7-form-control wpcf7-text wpcf7-validates-as-required\" aria-required=\"true\" aria-invalid=\"false\" placeholder=\"Nom de l&#039;entreprise ou du dirigeant\" value=\"\" type=\"text\" name=\"your-name\" \/><\/span>\n<\/p>\n<p class=\"grve-one-half grve-last-column grve-with-icon\"><i class=\"fa fa-pencil\"><\/i><span class=\"wpcf7-form-control-wrap\" data-name=\"your-subject\"><input size=\"40\" maxlength=\"400\" class=\"wpcf7-form-control wpcf7-text wpcf7-validates-as-required\" aria-required=\"true\" aria-invalid=\"false\" placeholder=\"Object\" value=\"\" type=\"text\" name=\"your-subject\" \/><\/span>\n<\/p>\n<p class=\"grve-one-half grve-with-icon\"><i class=\"fa fa-envelope\"><\/i><span class=\"wpcf7-form-control-wrap\" data-name=\"your-email\"><input size=\"40\" maxlength=\"400\" class=\"wpcf7-form-control wpcf7-email wpcf7-validates-as-required wpcf7-text wpcf7-validates-as-email\" aria-required=\"true\" aria-invalid=\"false\" placeholder=\"Adresse email\" value=\"\" type=\"email\" name=\"your-email\" \/><\/span>\n<\/p>\n<p class=\"grve-one-half grve-last-column grve-with-icon\"><i class=\"fa fa-phone\"><\/i><span class=\"wpcf7-form-control-wrap\" data-name=\"your-tel\"><input size=\"40\" maxlength=\"400\" class=\"wpcf7-form-control wpcf7-tel wpcf7-validates-as-required wpcf7-text wpcf7-validates-as-tel\" aria-required=\"true\" aria-invalid=\"false\" placeholder=\"Num\u00e9ro de t\u00e9l\u00e9phone\" value=\"\" type=\"tel\" name=\"your-tel\" \/><\/span>\n<\/p>\n\n<!-- CF7 Modules -->\n<div style='display:none;'><input type=\"hidden\" class=\"wpcf7-form-control wpcf7-hidden\" name=\"hidden-form-type\" placeholder=\"\" value=\"contatto\" \/><input type=\"hidden\" class=\"wpcf7-form-control wpcf7-hidden\" name=\"hidden-title\" placeholder=\"\" value=\"Contacts\" \/>\n<\/div>\n<!-- End CF7 Modules -->\n\n<p><span class=\"wpcf7-form-control-wrap\" data-name=\"your-message\"><textarea cols=\"40\" rows=\"10\" maxlength=\"2000\" class=\"wpcf7-form-control wpcf7-textarea\" aria-invalid=\"false\" placeholder=\"Toutes demandes\" name=\"your-message\"><\/textarea><\/span><br \/>\n<span class=\"wpcf7-form-control-wrap\" data-name=\"acceptance-518\"><span class=\"wpcf7-form-control wpcf7-acceptance\"><span class=\"wpcf7-list-item\"><label><input type=\"checkbox\" name=\"acceptance-518\" value=\"1\" aria-invalid=\"false\" \/><span class=\"wpcf7-list-item-label\">J'accepte votre <a class=\"white-txt\" href=\"\/fr\/politique-de-confidentialite-la-nuova-coterm\/\">Politique de confidentialit\u00e9<\/a><\/span><\/label><\/span><\/span><\/span>\n<\/p>\n<p class=\"grve-align-center\"><input class=\"wpcf7-form-control wpcf7-submit has-spinner\" type=\"submit\" value=\"Envoyer\" \/>\n<\/p><div class=\"wpcf7-response-output\" aria-hidden=\"true\"><\/div>\n<\/form>\n<\/div>\n[\/vc_column][\/vc_row]<\/p>\n","protected":false},"excerpt":{"rendered":"<p>[vc_row middle_content=\u00a0\u00bbyes\u00a0\u00bb bg_type=\u00a0\u00bbcolor\u00a0\u00bb header_feature=\u00a0\u00bbyes\u00a0\u00bb bg_color=\u00a0\u00bb#41547b\u00a0\u00bb padding_bottom=\u00a0\u00bb0&Prime; margin_bottom=\u00a0\u00bb0&Prime;][vc_column css=\u00a0\u00bb.vc_custom_1492462168149{padding-top: 50px !important;padding-bottom: 40px !important;background-position: center !important;background-repeat: no-repeat !important;background-size: cover !important;}\u00a0\u00bb][\/vc_column][\/vc_row][vc_row section_type=\u00a0\u00bbfullwidth-element\u00a0\u00bb margin_bottom=\u00a0\u00bb0px\u00a0\u00bb][vc_column][vc_raw_html css=\u00a0\u00bb.vc_custom_1753258878210{margin-top: 0px !important;margin-bottom: 0px !important;}\u00a0\u00bb]JTNDaWZyYW1lJTIwc3JjJTNEJTIyaHR0cHMlM0ElMkYlMkZ3d3cuZ29vZ2xlLmNvbSUyRm1hcHMlMkZlbWJlZCUzRnBiJTNEJTIxMW0xNCUyMTFtOCUyMTFtMyUyMTFkMTM5NC4wODczNTk1ODA3OTQ4JTIxMmQ5Ljc0MjI2NiUyMTNkNDUuNjY3MzkyNyUyMTNtMiUyMTFpMTAyNCUyMTJpNzY4JTIxNGYxMy4xJTIxM20zJTIxMW0yJTIxMXMweDQ3ODE1YTkyZjFmZTAxMzMlMjUzQTB4NjAyNzdlZDY2Y2M1MGE4NCUyMTJzTGElMjUyME51b3ZhJTI1MjBDb3Rlcm0lMjUyMFNybCUyMTVlMCUyMTNtMiUyMTFzaXQlMjEyc2l0JTIxNHYxNzUzMjU4NzY2NDE1JTIxNW0yJTIxMXNpdCUyMTJzaXQlMjIlMjB3aWR0aCUzRCUyMjYwMCUyMiUyMGhlaWdodCUzRCUyMjQ1MCUyMiUyMHN0eWxlJTNEJTIyYm9yZGVyJTNBMCUzQndpZHRoJTNBMTAwJTI1JTNCbWluLWhlaWdodCUzQTc1dmglM0IlMjIlMjBhbGxvd2Z1bGxzY3JlZW4lM0QlMjIlMjIlMjBsb2FkaW5nJTNEJTIybGF6eSUyMiUyMHJlZmVycmVycG9saWN5JTNEJTIybm8tcmVmZXJyZXItd2hlbi1kb3duZ3JhZGUlMjIlM0UlM0MlMkZpZnJhbWUlM0U=[\/vc_raw_html][\/vc_column][\/vc_row][vc_row bg_type=\u00a0\u00bbcolor\u00a0\u00bb footer_feature=\u00a0\u00bbyes\u00a0\u00bb bg_color=\u00a0\u00bb#e8e8e8&Prime;][vc_column css=\u00a0\u00bb.vc_custom_1496600585175{margin-bottom: 0px !important;padding-top: 3% !important;padding-bottom: 3% !important;}\u00a0\u00bb][vc_column_text] LA NUOVA COTERM Srl &#8211; Via Levata, 10 Seriate (BERGAMO) \u2013 24068 &#8211; Tel +39 035 290665 \u2013 Fax +39 [&hellip;]<\/p>\n","protected":false},"author":2,"featured_media":0,"parent":0,"menu_order":0,"comment_status":"closed","ping_status":"closed","template":"","meta":{"footnotes":""},"class_list":["post-7806","page","type-page","status-publish","hentry"],"aioseo_notices":[],"_links":{"self":[{"href":"https:\/\/www.coterm.it\/fr\/wp-json\/wp\/v2\/pages\/7806","targetHints":{"allow":["GET"]}}],"collection":[{"href":"https:\/\/www.coterm.it\/fr\/wp-json\/wp\/v2\/pages"}],"about":[{"href":"https:\/\/www.coterm.it\/fr\/wp-json\/wp\/v2\/types\/page"}],"author":[{"embeddable":true,"href":"https:\/\/www.coterm.it\/fr\/wp-json\/wp\/v2\/users\/2"}],"replies":[{"embeddable":true,"href":"https:\/\/www.coterm.it\/fr\/wp-json\/wp\/v2\/comments?post=7806"}],"version-history":[{"count":7,"href":"https:\/\/www.coterm.it\/fr\/wp-json\/wp\/v2\/pages\/7806\/revisions"}],"predecessor-version":[{"id":9097,"href":"https:\/\/www.coterm.it\/fr\/wp-json\/wp\/v2\/pages\/7806\/revisions\/9097"}],"wp:attachment":[{"href":"https:\/\/www.coterm.it\/fr\/wp-json\/wp\/v2\/media?parent=7806"}],"curies":[{"name":"wp","href":"https:\/\/api.w.org\/{rel}","templated":true}]}}