{"id":7823,"date":"2024-07-07T15:02:54","date_gmt":"2024-07-07T13:02:54","guid":{"rendered":"https:\/\/www.coterm.it\/scaldabagni-elettrici-soluzioni-personalizzate\/"},"modified":"2025-02-18T12:29:53","modified_gmt":"2025-02-18T11:29:53","slug":"chauffe-eau-electriques-personnalises","status":"publish","type":"page","link":"https:\/\/www.coterm.it\/fr\/chauffe-eau-electriques-personnalises\/","title":{"rendered":"Chauffe-eau \u00e9lectriques personnalis\u00e9s"},"content":{"rendered":"<p>[vc_row middle_content=\u00a0\u00bbyes\u00a0\u00bb bg_type=\u00a0\u00bbcolor\u00a0\u00bb header_feature=\u00a0\u00bbyes\u00a0\u00bb bg_color=\u00a0\u00bb#41547b\u00a0\u00bb padding_bottom=\u00a0\u00bb0&Prime; margin_bottom=\u00a0\u00bb0&Prime;][vc_column css=\u00a0\u00bb.vc_custom_1492462168149{padding-top: 50px !important;padding-bottom: 40px !important;background-position: center !important;background-repeat: no-repeat !important;background-size: cover !important;}\u00a0\u00bb]<h1 class=\"grve-element grve-align-center grve-title-no-line grve-h1 whi\" style=\"\"><span>Chauffe-eau \u00e9lectriques pour des solutions personnalis\u00e9es.<\/span><\/h1>[\/vc_column][\/vc_row][vc_row bg_type=\u00a0\u00bbimage\u00a0\u00bb bg_image=\u00a0\u00bb7123&Prime; padding_bottom=\u00a0\u00bb0px\u00a0\u00bb margin_bottom=\u00a0\u00bb0px\u00a0\u00bb][vc_column][vc_empty_space height=\u00a0\u00bb500px\u00a0\u00bb][\/vc_column][\/vc_row][vc_row bg_type=\u00a0\u00bbcolor\u00a0\u00bb padding_top=\u00a0\u00bb0&Prime; padding_bottom=\u00a0\u00bb0&Prime; margin_bottom=\u00a0\u00bb0px\u00a0\u00bb bg_color=\u00a0\u00bb#e8e8e8&Prime;][vc_column css=\u00a0\u00bb.vc_custom_1494836836127{padding-top: 3% !important;padding-bottom: 3% !important;}\u00a0\u00bb]<div class=\"grve-element grve-slogan grve-align-center\" style=\"margin-bottom: 2%;\"><h2 class=\"grve-slogan-title grve-align-center grve-title-line\"><span>Nous satisfaisons vos demandes de production, de gestion et d\u2019attribution<\/span><\/h2>  <p class=\"\">Les chauffe-eau \u00e0 gaz ne pr\u00e9voient pas la possibilit\u00e9 d\u2019y apporter des modifications conform\u00e9ment aux certifications obtenues.<\/p>\n<p>En ce qui concerne les chauffe-eau \u00e9lectriques, l\u2019exp\u00e9rience acquise nous permet de r\u00e9aliser des mod\u00e8les avec une capacit\u00e9, une puissance, des caract\u00e9ristiques et des accessoires diff\u00e9rents, en mesure de r\u00e9pondre aux demandes les plus vari\u00e9es de production, de gestion et d\u2019attribution.<\/p><\/div>[\/vc_column][\/vc_row][vc_row flex_height=\u00a0\u00bbyes\u00a0\u00bb middle_content=\u00a0\u00bbyes\u00a0\u00bb bg_type=\u00a0\u00bbcolor\u00a0\u00bb footer_feature=\u00a0\u00bbyes\u00a0\u00bb bg_color=\u00a0\u00bb#cecece\u00a0\u00bb][vc_column css=\u00a0\u00bb.vc_custom_1491334203015{padding-top: 45px !important;padding-bottom: 40px !important;}\u00a0\u00bb][vc_column_text]<\/p>\n<p style=\"text-align: center;\"><span style=\"color: #000000;\">Pour toute information, appelez nos bureaux au T\u00e9l. +39 035 290665 ou remplissez le formulaire ci-dessous.<\/span><\/p>\n<p>[\/vc_column_text]\n<div class=\"wpcf7 no-js\" id=\"wpcf7-f8415-o1\" lang=\"fr-FR\" dir=\"ltr\" data-wpcf7-id=\"8415\">\n<div class=\"screen-reader-response\"><p role=\"status\" aria-live=\"polite\" aria-atomic=\"true\"><\/p> <ul><\/ul><\/div>\n<form action=\"\/fr\/wp-json\/wp\/v2\/pages\/7823#wpcf7-f8415-o1\" method=\"post\" class=\"wpcf7-form init\" aria-label=\"Formulaire de contact\" novalidate=\"novalidate\" data-status=\"init\">\n<fieldset class=\"hidden-fields-container\"><input type=\"hidden\" name=\"_wpcf7\" value=\"8415\" \/><input type=\"hidden\" name=\"_wpcf7_version\" value=\"6.1.5\" \/><input type=\"hidden\" name=\"_wpcf7_locale\" value=\"fr_FR\" \/><input type=\"hidden\" name=\"_wpcf7_unit_tag\" value=\"wpcf7-f8415-o1\" \/><input type=\"hidden\" name=\"_wpcf7_container_post\" value=\"0\" \/><input type=\"hidden\" name=\"_wpcf7_posted_data_hash\" value=\"\" \/><input type=\"hidden\" name=\"_wpcf7dtx_version\" value=\"5.0.5\" \/><input type=\"hidden\" name=\"_wpcf7_recaptcha_response\" value=\"\" \/>\n<\/fieldset>\n<p class=\"grve-one-half grve-with-icon\"><i class=\"fa fa-user\"><\/i><span class=\"wpcf7-form-control-wrap\" data-name=\"your-name\"><input size=\"40\" maxlength=\"400\" class=\"wpcf7-form-control wpcf7-text wpcf7-validates-as-required\" aria-required=\"true\" aria-invalid=\"false\" placeholder=\"Nom de l&#039;entreprise ou du dirigeant\" value=\"\" type=\"text\" name=\"your-name\" \/><\/span>\n<\/p>\n<p class=\"grve-one-half grve-last-column grve-with-icon\"><i class=\"fa fa-pencil\"><\/i><span class=\"wpcf7-form-control-wrap\" data-name=\"your-subject\"><input size=\"40\" maxlength=\"400\" class=\"wpcf7-form-control wpcf7-text wpcf7-validates-as-required\" aria-required=\"true\" aria-invalid=\"false\" placeholder=\"Object\" value=\"\" type=\"text\" name=\"your-subject\" \/><\/span>\n<\/p>\n<p class=\"grve-one-half grve-with-icon\"><i class=\"fa fa-envelope\"><\/i><span class=\"wpcf7-form-control-wrap\" data-name=\"your-email\"><input size=\"40\" maxlength=\"400\" class=\"wpcf7-form-control wpcf7-email wpcf7-validates-as-required wpcf7-text wpcf7-validates-as-email\" aria-required=\"true\" aria-invalid=\"false\" placeholder=\"Adresse email\" value=\"\" type=\"email\" name=\"your-email\" \/><\/span>\n<\/p>\n<p class=\"grve-one-half grve-last-column grve-with-icon\"><i class=\"fa fa-phone\"><\/i><span class=\"wpcf7-form-control-wrap\" data-name=\"your-tel\"><input size=\"40\" maxlength=\"400\" class=\"wpcf7-form-control wpcf7-tel wpcf7-validates-as-required wpcf7-text wpcf7-validates-as-tel\" aria-required=\"true\" aria-invalid=\"false\" placeholder=\"Num\u00e9ro de t\u00e9l\u00e9phone\" value=\"\" type=\"tel\" name=\"your-tel\" \/><\/span>\n<\/p>\n\n<!-- CF7 Modules -->\n<div style='display:none;'><input type=\"hidden\" class=\"wpcf7-form-control wpcf7-hidden\" name=\"hidden-form-type\" placeholder=\"\" value=\"contatto\" \/><input type=\"hidden\" class=\"wpcf7-form-control wpcf7-hidden\" name=\"hidden-title\" placeholder=\"\" value=\"Chauffe-eau \u00e9lectriques personnalis\u00e9s\" \/>\n<\/div>\n<!-- End CF7 Modules -->\n\n<p><span class=\"wpcf7-form-control-wrap\" data-name=\"your-message\"><textarea cols=\"40\" rows=\"10\" maxlength=\"2000\" class=\"wpcf7-form-control wpcf7-textarea\" aria-invalid=\"false\" placeholder=\"Toutes demandes\" name=\"your-message\"><\/textarea><\/span><br \/>\n<span class=\"wpcf7-form-control-wrap\" data-name=\"acceptance-518\"><span class=\"wpcf7-form-control wpcf7-acceptance\"><span class=\"wpcf7-list-item\"><label><input type=\"checkbox\" name=\"acceptance-518\" value=\"1\" aria-invalid=\"false\" \/><span class=\"wpcf7-list-item-label\">J'accepte votre <a class=\"white-txt\" href=\"\/fr\/politique-de-confidentialite-la-nuova-coterm\/\">Politique de confidentialit\u00e9<\/a><\/span><\/label><\/span><\/span><\/span>\n<\/p>\n<p class=\"grve-align-center\"><input class=\"wpcf7-form-control wpcf7-submit has-spinner\" type=\"submit\" value=\"Envoyer\" \/>\n<\/p><div class=\"wpcf7-response-output\" aria-hidden=\"true\"><\/div>\n<\/form>\n<\/div>\n[\/vc_column][\/vc_row][vc_row heading_color=\u00a0\u00bbprimary-1&Prime; section_type=\u00a0\u00bbfullwidth-element\u00a0\u00bb bg_type=\u00a0\u00bbcolor\u00a0\u00bb mobile_visibility=\u00a0\u00bbhide\u00a0\u00bb font_color=\u00a0\u00bb#ffffff\u00a0\u00bb padding_top=\u00a0\u00bb0px\u00a0\u00bb padding_bottom=\u00a0\u00bb0px\u00a0\u00bb margin_bottom=\u00a0\u00bb0px\u00a0\u00bb][vc_column width=\u00a0\u00bb1\/3&Prime; css=\u00a0\u00bb.vc_custom_1495537823255{padding-bottom: 7px !important;background-color: #81d742 !important;}\u00a0\u00bb][\/vc_column][vc_column width=\u00a0\u00bb1\/3&Prime; css=\u00a0\u00bb.vc_custom_1495537834374{padding-bottom: 7px !important;background-color: #ffffff !important;}\u00a0\u00bb][\/vc_column][vc_column width=\u00a0\u00bb1\/3&Prime; css=\u00a0\u00bb.vc_custom_1495537845903{padding-bottom: 7px !important;background-color: #dd3333 !important;}\u00a0\u00bb][\/vc_column][\/vc_row][vc_row heading_color=\u00a0\u00bbprimary-1&Prime; section_type=\u00a0\u00bbfullwidth-element\u00a0\u00bb desktop_visibility=\u00a0\u00bbhide\u00a0\u00bb tablet_visibility=\u00a0\u00bbhide\u00a0\u00bb tablet_sm_visibility=\u00a0\u00bbhide\u00a0\u00bb font_color=\u00a0\u00bb#ffffff\u00a0\u00bb section_id=\u00a0\u00bbspazio\u00a0\u00bb margin_bottom=\u00a0\u00bb0px\u00a0\u00bb padding_top=\u00a0\u00bb0&Prime; padding_bottom=\u00a0\u00bb0px\u00a0\u00bb][vc_column css=\u00a0\u00bb.vc_custom_1483395759668{margin-top: 0px !important;margin-bottom: 0px !important;border-top-width: 0px !important;border-bottom-width: 0px !important;padding-top: 0px !important;padding-bottom: 0px !important;background-position: center !important;background-repeat: no-repeat !important;background-size: cover !important;}\u00a0\u00bb][vc_empty_space height=\u00a0\u00bb5px\u00a0\u00bb css=\u00a0\u00bb.vc_custom_1495537346427{margin-top: 0px !important;margin-bottom: 0px !important;border-top-width: 0px !important;border-bottom-width: 0px !important;padding-top: 0px !important;padding-bottom: 0px !important;background-image: url(https:\/\/www.coterm.it\/wp-content\/uploads\/2017\/05\/italia-1.jpg?id=3428) !important;background-position: center !important;background-repeat: no-repeat !important;background-size: cover !important;}\u00a0\u00bb][\/vc_column][\/vc_row][vc_row flex_height=\u00a0\u00bbyes\u00a0\u00bb middle_content=\u00a0\u00bbyes\u00a0\u00bb bg_type=\u00a0\u00bbcolor\u00a0\u00bb footer_feature=\u00a0\u00bbyes\u00a0\u00bb mobile_visibility=\u00a0\u00bbhide\u00a0\u00bb bg_color=\u00a0\u00bb#000000&Prime;][vc_column css=\u00a0\u00bb.vc_custom_1496240724845{padding-top: 45px !important;padding-bottom: 30px !important;}\u00a0\u00bb]<div class=\"grve-element grve-image grve-align-center\" style=\"margin-bottom: 20px;\"><img loading=\"lazy\" decoding=\"async\" width=\"168\" height=\"70\" src=\"https:\/\/www.coterm.it\/wp-content\/uploads\/2017\/04\/nuova-coterm-logo.png\" class=\"attachment-full size-full\" alt=\"Nuova Coterm - logo\" \/><\/div>[vc_column_text css=\u00a0\u00bb.vc_custom_1496240405918{margin-bottom: 0px !important;border-bottom-width: 0px !important;padding-bottom: 0px !important;}\u00a0\u00bb]<\/p>\n<h6 style=\"text-align: center;\"><span style=\"color: #999999;\">CHAUFFE-EAU &#8211; CHAUDI\u00c8RES<\/span><\/h6>\n<h6 style=\"text-align: center;\"><span style=\"color: #ffffff;\"><br \/>\nLA NUOVA COTERM Srl &#8211; Via Levata, 10 &#8211; 24068 Seriate &#8211; (ITALY)<\/span><br \/>\n<span style=\"color: #ffffff;\"><a style=\"color: #ffffff;\" href=\"tel:+39035290665\"> Tel +39 035 290665<\/a> &#8211; Fax +39 035 301843 &#8211; <a style=\"color: #ffffff;\" href=\"mailto:info@coterm.it\">info@coterm.it<\/a><\/span><\/h6>\n<p>[\/vc_column_text][\/vc_column][\/vc_row][vc_row flex_height=\u00a0\u00bbyes\u00a0\u00bb middle_content=\u00a0\u00bbyes\u00a0\u00bb bg_type=\u00a0\u00bbcolor\u00a0\u00bb footer_feature=\u00a0\u00bbyes\u00a0\u00bb desktop_visibility=\u00a0\u00bbhide\u00a0\u00bb tablet_visibility=\u00a0\u00bbhide\u00a0\u00bb tablet_sm_visibility=\u00a0\u00bbhide\u00a0\u00bb bg_color=\u00a0\u00bb#000000&Prime;][vc_column css=\u00a0\u00bb.vc_custom_1496240688707{padding-top: 45px !important;padding-bottom: 30px !important;}\u00a0\u00bb]<div class=\"grve-element grve-image grve-align-center\" style=\"margin-bottom: 20px;\"><img loading=\"lazy\" decoding=\"async\" width=\"168\" height=\"70\" src=\"https:\/\/www.coterm.it\/wp-content\/uploads\/2017\/04\/nuova-coterm-logo.png\" class=\"attachment-full size-full\" alt=\"Nuova Coterm - logo\" \/><\/div>[vc_column_text css=\u00a0\u00bb.vc_custom_1496240428624{margin-bottom: 0px !important;border-bottom-width: 0px !important;padding-bottom: 0px !important;}\u00a0\u00bb]<\/p>\n<h6 style=\"text-align: center;\"><span style=\"color: #999999;\">CHAUFFE-EAU &#8211; CHAUDI\u00c8RES<\/span><\/h6>\n<h6 style=\"text-align: center;\"><span style=\"color: #ffffff;\">LA NUOVA COTERM Srl<\/span><br \/>\n<span style=\"color: #ffffff;\">Via Levata, 10 &#8211; 24068 &#8211; Seriate (BERGAMO)<\/span><br \/>\n<span style=\"color: #ffffff;\">Tel +39 035 290665 &#8211; Fax +39 035 301843<\/span><br \/>\n<span style=\"color: #ffffff;\"><a style=\"text-decoration: underline; color: #ffffff;\" href=\"mailto:info@coterm.it\">info@coterm.it<\/a><\/span><\/h6>\n<p>[\/vc_column_text][\/vc_column][\/vc_row]<\/p>\n","protected":false},"excerpt":{"rendered":"<p>[vc_row middle_content=\u00a0\u00bbyes\u00a0\u00bb bg_type=\u00a0\u00bbcolor\u00a0\u00bb header_feature=\u00a0\u00bbyes\u00a0\u00bb bg_color=\u00a0\u00bb#41547b\u00a0\u00bb padding_bottom=\u00a0\u00bb0&Prime; margin_bottom=\u00a0\u00bb0&Prime;][vc_column css=\u00a0\u00bb.vc_custom_1492462168149{padding-top: 50px !important;padding-bottom: 40px !important;background-position: center !important;background-repeat: no-repeat !important;background-size: cover !important;}\u00a0\u00bb][\/vc_column][\/vc_row][vc_row bg_type=\u00a0\u00bbimage\u00a0\u00bb bg_image=\u00a0\u00bb7123&Prime; padding_bottom=\u00a0\u00bb0px\u00a0\u00bb margin_bottom=\u00a0\u00bb0px\u00a0\u00bb][vc_column][vc_empty_space height=\u00a0\u00bb500px\u00a0\u00bb][\/vc_column][\/vc_row][vc_row bg_type=\u00a0\u00bbcolor\u00a0\u00bb padding_top=\u00a0\u00bb0&Prime; padding_bottom=\u00a0\u00bb0&Prime; margin_bottom=\u00a0\u00bb0px\u00a0\u00bb bg_color=\u00a0\u00bb#e8e8e8&Prime;][vc_column css=\u00a0\u00bb.vc_custom_1494836836127{padding-top: 3% !important;padding-bottom: 3% !important;}\u00a0\u00bb][\/vc_column][\/vc_row][vc_row flex_height=\u00a0\u00bbyes\u00a0\u00bb middle_content=\u00a0\u00bbyes\u00a0\u00bb bg_type=\u00a0\u00bbcolor\u00a0\u00bb footer_feature=\u00a0\u00bbyes\u00a0\u00bb bg_color=\u00a0\u00bb#cecece\u00a0\u00bb][vc_column css=\u00a0\u00bb.vc_custom_1491334203015{padding-top: 45px !important;padding-bottom: 40px !important;}\u00a0\u00bb][vc_column_text] Pour toute information, appelez nos bureaux au T\u00e9l. +39 035 290665 ou [&hellip;]<\/p>\n","protected":false},"author":2,"featured_media":0,"parent":0,"menu_order":0,"comment_status":"closed","ping_status":"closed","template":"","meta":{"footnotes":""},"class_list":["post-7823","page","type-page","status-publish","hentry"],"aioseo_notices":[],"_links":{"self":[{"href":"https:\/\/www.coterm.it\/fr\/wp-json\/wp\/v2\/pages\/7823","targetHints":{"allow":["GET"]}}],"collection":[{"href":"https:\/\/www.coterm.it\/fr\/wp-json\/wp\/v2\/pages"}],"about":[{"href":"https:\/\/www.coterm.it\/fr\/wp-json\/wp\/v2\/types\/page"}],"author":[{"embeddable":true,"href":"https:\/\/www.coterm.it\/fr\/wp-json\/wp\/v2\/users\/2"}],"replies":[{"embeddable":true,"href":"https:\/\/www.coterm.it\/fr\/wp-json\/wp\/v2\/comments?post=7823"}],"version-history":[{"count":8,"href":"https:\/\/www.coterm.it\/fr\/wp-json\/wp\/v2\/pages\/7823\/revisions"}],"predecessor-version":[{"id":8548,"href":"https:\/\/www.coterm.it\/fr\/wp-json\/wp\/v2\/pages\/7823\/revisions\/8548"}],"wp:attachment":[{"href":"https:\/\/www.coterm.it\/fr\/wp-json\/wp\/v2\/media?parent=7823"}],"curies":[{"name":"wp","href":"https:\/\/api.w.org\/{rel}","templated":true}]}}