{"id":7859,"date":"2017-05-12T15:26:29","date_gmt":"2017-05-12T13:26:29","guid":{"rendered":"https:\/\/www.coterm.it\/scaldacqua-a-gas-ad-uso-industriale\/bg-e-150-200-300-400-500-600-800-1000-lt\/"},"modified":"2025-09-23T13:57:52","modified_gmt":"2025-09-23T11:57:52","slug":"bg-e-ovo-150-200-300-400500-600-8001000-1500-2000-lt","status":"publish","type":"page","link":"https:\/\/www.coterm.it\/fr\/chauffe-eau-a-gaz-a-usage-industriel\/bg-e-ovo-150-200-300-400500-600-8001000-1500-2000-lt\/","title":{"rendered":"BG-E OVO 150-200-300-400500-600-8001000-1500-2000 lt."},"content":{"rendered":"<p>[vc_row bg_type=\u00a0\u00bbcolor\u00a0\u00bb header_feature=\u00a0\u00bbyes\u00a0\u00bb mobile_visibility=\u00a0\u00bbhide\u00a0\u00bb bg_color=\u00a0\u00bb#68ade2&Prime;][vc_column css=\u00a0\u00bb.vc_custom_1491646838287{padding-top: 30px !important;padding-bottom: 20px !important;background-position: center !important;background-repeat: no-repeat !important;background-size: cover !important;}\u00a0\u00bb]<h1 class=\"grve-element grve-align-center grve-title-no-line grve-h1 whi\" style=\"\"><span>CHAUFFE-EAU \u00c0 GAZ \u00c0 <strong>USAGE INDUSTRIEL<\/strong><\/span><\/h1>[\/vc_column][\/vc_row][vc_row bg_type=\u00a0\u00bbcolor\u00a0\u00bb header_feature=\u00a0\u00bbyes\u00a0\u00bb desktop_visibility=\u00a0\u00bbhide\u00a0\u00bb tablet_visibility=\u00a0\u00bbhide\u00a0\u00bb tablet_sm_visibility=\u00a0\u00bbhide\u00a0\u00bb bg_color=\u00a0\u00bb#68ade2&Prime;][vc_column css=\u00a0\u00bb.vc_custom_1491646838287{padding-top: 30px !important;padding-bottom: 20px !important;background-position: center !important;background-repeat: no-repeat !important;background-size: cover !important;}\u00a0\u00bb]<h1 class=\"grve-element grve-align-center grve-title-no-line grve-h1 whi\" style=\"\"><span>CHAUFFE-EAU \u00c0 GAZ&lt;br&gt;&lt;strong&gt;\u00c0 USAGE INDUSTRIEL&lt;\/strong&gt;<\/span><\/h1>[\/vc_column][\/vc_row][vc_row][vc_column css=\u00a0\u00bb.vc_custom_1496577810588{margin-bottom: 25px !important;}\u00a0\u00bb]<h2 class=\"grve-element grve-align-center grve-title-line grve-h2\" style=\"\"><span>TIRAGE NATUREL - ALLUMAGE \u00c9LECTRONIQUE<\/span><\/h2>[\/vc_column][\/vc_row][vc_row][vc_column width=\u00a0\u00bb1\/2&Prime;]<div class=\"grve-element grve-image grve-animated-item grve-fadeInLeft grve-align-center\" style=\"\" data-delay=\"200\"><img loading=\"lazy\" decoding=\"async\" width=\"800\" height=\"1202\" src=\"https:\/\/www.coterm.it\/wp-content\/uploads\/2017\/04\/BGE-1.png\" class=\"attachment-full size-full\" alt=\"BGE 150-1000 - TIRAGGIO NATURALE - accensione elettronica - VETROPORCELLANATO\" srcset=\"https:\/\/www.coterm.it\/wp-content\/uploads\/2017\/04\/BGE-1.png 800w, https:\/\/www.coterm.it\/wp-content\/uploads\/2017\/04\/BGE-1-200x300.png 200w, https:\/\/www.coterm.it\/wp-content\/uploads\/2017\/04\/BGE-1-768x1154.png 768w, https:\/\/www.coterm.it\/wp-content\/uploads\/2017\/04\/BGE-1-682x1024.png 682w\" sizes=\"auto, (max-width: 800px) 100vw, 800px\" \/><\/div>[\/vc_column][vc_column width=\u00a0\u00bb1\/2&Prime;]<div class=\"grve-element grve-slogan grve-align-left\" style=\"\"><h1 class=\"grve-slogan-title grve-align-left grve-title-no-line\"><span>BG-E OVO 150-200-300-400500-600-8001000-1500-2000 lt.<\/span><\/h1>  <p class=\"grve-leader-text\">\u00c9MAILL\u00c9<\/p><\/div><div class=\"grve-element grve-slogan grve-align-left\" style=\"\">  <p class=\"grve-subtitle\">Disponible \u00e9galement dans la version Hors UE<\/p><\/div>[vc_column_text]Le chauffe-eau \u00e0 gaz industriel et r\u00e9sidentiel BG-E, certifi\u00e9 pour fonctionner tant au m\u00e9thane qu\u2019au GPL, a \u00e9t\u00e9 \u00e9tudi\u00e9 et r\u00e9alis\u00e9 pour satisfaire les besoins en eau chaude sanitaire tant de grandes installations (centres sportifs, h\u00f4pitaux, grandes communaut\u00e9s, campings, h\u00f4tels, maisons de repos, gymnases, saunas, etc.) que de petites activit\u00e9s (centres esth\u00e9tiques, salons de coiffure, blanchisseries, etc.) et \u00e9galement des logements priv\u00e9s.<br \/>\nLe chauffe-eau est fourni avec un \u00e9changeur de chaleur en cuivre \u00e9tam\u00e9 \u00e0 ailettes, \u00e0 raccorder \u00e0 des installations solaires, des chaudi\u00e8res, des thermochemin\u00e9es et, dans la version tube dans tube, \u00e9galement \u00e0 des pompes \u00e0 chaleur et des po\u00eales.[\/vc_column_text][vc_column_text el_class=\u00a0\u00bbmini\u00a0\u00bb]<span style=\"line-height: 1em !important;\"><strong>CHAUDI\u00c8RE <\/strong>\u2013 fabriqu\u00e9e en t\u00f4le d&rsquo;acier de grosse \u00e9paisseur et de premi\u00e8re qualit\u00e9, qui garantit une meilleure r\u00e9sistance \u00e0 la corrosion gr\u00e2ce \u00e0 un <strong>double \u00e9maillage soign\u00e9<\/strong>.<\/span><\/p>\n<p><strong>ENVELOPPE EXT\u00c9RIEURE<\/strong> &#8211; t\u00f4le aluminis\u00e9e pr\u00e9laqu\u00e9e et plastifi\u00e9e.<\/p>\n<p><strong>ISOLATION INT\u00c9RIEURE <\/strong>&#8211; r\u00e9alis\u00e9e avec des matelas de laine de verre de grosse \u00e9paisseur qui garantissent l\u2019uniformit\u00e9 appropri\u00e9e pour la conservation de la chaleur.<\/p>\n<p><strong>GROUPE DE COMBUSTION <\/strong><br \/>\n<strong>Les \u00e9l\u00e9ments du groupe de combustion sont rigoureusement certifi\u00e9s CE :<\/strong><\/p>\n<ul style=\"list-style-type: disc;\">\n<li>Br\u00fbleur avec allumage \u00e9lectronique par d\u00e9tection \u00e0 ionisation de flamme.<\/li>\n<li>R\u00e9alis\u00e9 en acier INOX pour garantir une meilleure r\u00e9sistance \u00e0 la corrosion due \u00e0 la condensation.<\/li>\n<li>Carte \u00e9lectronique pour l\u2019allumage et la gestion du br\u00fbleur.<\/li>\n<li>\u00c9lectrovanne avec gestion \u00e9lectronique de la carte.<\/li>\n<li>Thermostat de r\u00e9glage et de s\u00e9curit\u00e9.<\/li>\n<li>Injecteurs pour changement de gaz (m\u00e9thane-GPL ; GPL-m\u00e9thane) fournis de s\u00e9rie.<\/li>\n<li>Soupape de s\u00e9curit\u00e9 fournie de s\u00e9rie.<\/li>\n<li>Protection cathodique.<br \/>\nLa protection cathodique de ce chauffe-eau est confi\u00e9e \u00e0 2 anodes sacrificielles correctement dimensionn\u00e9es en fonction de la capacit\u00e9.<br \/>\nSur demande, comme option, il est possible d\u2019ins\u00e9rer une anode sacrificielle permanente.<\/li>\n<\/ul>\n<p>[\/vc_column_text]<h3 class=\"grve-element grve-align-left grve-title-no-line grve-h3\" style=\"\"><span>Sur demande, ce chauffe-eau peut \u00eatre r\u00e9alis\u00e9 en acier INOX.<\/span><\/h3>[\/vc_column][\/vc_row][vc_row bg_type=\u00a0\u00bbcolor\u00a0\u00bb bg_color=\u00a0\u00bb#68ade2&Prime; padding_bottom=\u00a0\u00bb20&Prime; margin_bottom=\u00a0\u00bb0px\u00a0\u00bb][vc_column css=\u00a0\u00bb.vc_custom_1491646838287{padding-top: 30px !important;padding-bottom: 20px !important;background-position: center !important;background-repeat: no-repeat !important;background-size: cover !important;}\u00a0\u00bb]<div class=\"grve-element grve-image grve-animated-item grve-fadeInUp iconheadres grve-align-center\" style=\"\" data-delay=\"200\"><img loading=\"lazy\" decoding=\"async\" width=\"80\" height=\"90\" src=\"https:\/\/www.coterm.it\/wp-content\/uploads\/2014\/11\/icona-gas-home-e1494949860741.png\" class=\"attachment-medium size-medium\" alt=\"\" \/><\/div><h1 class=\"grve-element grve-align-center grve-title-no-line grve-h1 whi\" style=\"\"><span>CHAUFFE-EAU \u00c0 GAZ \u00c0 <strong>USAGE INDUSTRIEL<\/strong><\/span><\/h1>[vc_column_text]<\/p>\n<h5 style=\"text-align: center;\"><span style=\"color: #ffffff;\">Remplissez le formulaire ci-dessous pour recevoir par e-mail la fiche technique du CHAUFFE-EAU BG-E 150-2000. Merci.<\/span><\/h5>\n<p>[\/vc_column_text]\n<div class=\"wpcf7 no-js\" id=\"wpcf7-f8338-o1\" lang=\"fr-FR\" dir=\"ltr\" data-wpcf7-id=\"8338\">\n<div class=\"screen-reader-response\"><p role=\"status\" aria-live=\"polite\" aria-atomic=\"true\"><\/p> <ul><\/ul><\/div>\n<form action=\"\/fr\/wp-json\/wp\/v2\/pages\/7859#wpcf7-f8338-o1\" method=\"post\" class=\"wpcf7-form init\" aria-label=\"Formulaire de contact\" novalidate=\"novalidate\" data-status=\"init\">\n<fieldset class=\"hidden-fields-container\"><input type=\"hidden\" name=\"_wpcf7\" value=\"8338\" \/><input type=\"hidden\" name=\"_wpcf7_version\" value=\"6.1.5\" \/><input type=\"hidden\" name=\"_wpcf7_locale\" value=\"fr_FR\" \/><input type=\"hidden\" name=\"_wpcf7_unit_tag\" value=\"wpcf7-f8338-o1\" \/><input type=\"hidden\" name=\"_wpcf7_container_post\" value=\"0\" \/><input type=\"hidden\" name=\"_wpcf7_posted_data_hash\" value=\"\" \/><input type=\"hidden\" name=\"_wpcf7dtx_version\" value=\"5.0.5\" \/><input type=\"hidden\" name=\"_wpcf7_recaptcha_response\" value=\"\" \/>\n<\/fieldset>\n<p class=\"grve-with-icon cf-gri\"><i class=\"fa fa-user\"><\/i><span class=\"wpcf7-form-control-wrap\" data-name=\"your-name\"><input size=\"40\" maxlength=\"400\" class=\"wpcf7-form-control wpcf7-text wpcf7-validates-as-required\" aria-required=\"true\" aria-invalid=\"false\" placeholder=\"Nom de l&#039;entreprise ou du dirigeant\" value=\"\" type=\"text\" name=\"your-name\" \/><\/span>\n<\/p>\n<p class=\"cf-gri grve-with-icon\"><i class=\"fa fa-envelope\"><\/i><span class=\"wpcf7-form-control-wrap\" data-name=\"your-email\"><input size=\"40\" maxlength=\"400\" class=\"wpcf7-form-control wpcf7-email wpcf7-validates-as-required wpcf7-text wpcf7-validates-as-email\" aria-required=\"true\" aria-invalid=\"false\" placeholder=\"Adresse email\" value=\"\" type=\"email\" name=\"your-email\" \/><\/span>\n<\/p>\n<p class=\"cf-gri grve-with-icon\"><i class=\"fa fa-phone\"><\/i><span class=\"wpcf7-form-control-wrap\" data-name=\"your-tel\"><input size=\"40\" maxlength=\"400\" class=\"wpcf7-form-control wpcf7-tel wpcf7-validates-as-required wpcf7-text wpcf7-validates-as-tel\" aria-required=\"true\" aria-invalid=\"false\" placeholder=\"Num\u00e9ro de t\u00e9l\u00e9phone\" value=\"\" type=\"tel\" name=\"your-tel\" \/><\/span>\n<\/p>\n<p class=\"cf-gri grve-with-icon\"><span class=\"wpcf7-form-control-wrap\" data-name=\"your-message\"><textarea cols=\"40\" rows=\"10\" maxlength=\"2000\" class=\"wpcf7-form-control wpcf7-textarea test-class\" aria-invalid=\"false\" placeholder=\"Toutes demandes\" name=\"your-message\"><\/textarea><\/span>\n<\/p>\n\n<!-- CF7 Modules -->\n<div style='display:none;'><input type=\"hidden\" class=\"wpcf7-form-control wpcf7-hidden\" name=\"hidden-title\" placeholder=\"\" value=\"BG-E OVO 150-200-300-400500-600-8001000-1500-2000 lt.\" \/><input type=\"hidden\" class=\"wpcf7-form-control wpcf7-hidden\" name=\"hidden-productname\" placeholder=\"\" value=\"SCALDACQUA-BG-E-150-1000-Serie-GAS-La-Nuova-Coterm\" \/><input type=\"hidden\" class=\"wpcf7-form-control wpcf7-hidden\" name=\"hidden-form-type\" placeholder=\"\" value=\"brochure\" \/>\n<\/div>\n<!-- End CF7 Modules -->\n\n<p><span class=\"wpcf7-form-control-wrap\" data-name=\"acceptance-658\"><span class=\"wpcf7-form-control wpcf7-acceptance\"><span class=\"wpcf7-list-item\"><label><input type=\"checkbox\" name=\"acceptance-658\" value=\"1\" aria-invalid=\"false\" \/><span class=\"wpcf7-list-item-label\">J'accepte votre <a class=\"white-txt\" href=\"\/fr\/politique-de-confidentialite-la-nuova-coterm\/\">Politique de confidentialit\u00e9<\/a><\/span><\/label><\/span><\/span><\/span>\n<\/p>\n<p class=\"grve-align-center\"><input class=\"wpcf7-form-control wpcf7-submit has-spinner\" type=\"submit\" value=\"Envoyer\" \/>\n<\/p><div class=\"wpcf7-response-output\" aria-hidden=\"true\"><\/div>\n<\/form>\n<\/div>\n[\/vc_column][\/vc_row][vc_row flex_height=\u00a0\u00bbyes\u00a0\u00bb middle_content=\u00a0\u00bbyes\u00a0\u00bb bg_type=\u00a0\u00bbimage\u00a0\u00bb bg_image=\u00a0\u00bb2092&Prime; mobile_visibility=\u00a0\u00bbhide\u00a0\u00bb margin_bottom=\u00a0\u00bb0&Prime;][vc_column css=\u00a0\u00bb.vc_custom_1494939958059{padding-top: 6% !important;padding-bottom: 6% !important;}\u00a0\u00bb][vc_column_text animation=\u00a0\u00bbfadeInLeft\u00a0\u00bb el_class=\u00a0\u00bbprod\u00a0\u00bb css=\u00a0\u00bb.vc_custom_1496331407227{margin-bottom: 0px !important;border-bottom-width: 0px !important;padding-bottom: 2% !important;}\u00a0\u00bb]<\/p>\n<h2 style=\"text-align: right; color: #ffffff !important; line-height: 0.8em !important; font-weight: 600 !important; font-size: 44px !important;\">PRODUITS CERTIFI\u00c9S<\/h2>\n<h2 style=\"text-align: right; font-weight: 300 !important; line-height: 0.5em !important; color: #ffffff !important;\">conform\u00e9ment \u00e0 la loi<\/h2>\n<p>[\/vc_column_text]<div class=\"grve-element grve-align-right grve-animated-item grve-fadeInLeft\" data-delay=\"200\"><a class=\"grve-btn grve-btn-extrasmall grve-square grve-white-color grve-btn-line\" href=\"https:\/\/www.coterm.it\/fr\/certifications\/\" target=\"_self\" style=\"\"><span>LIRE LES CERTIFICATIONS<\/span><\/a><\/div>[\/vc_column][\/vc_row][vc_row flex_height=\u00a0\u00bbyes\u00a0\u00bb middle_content=\u00a0\u00bbyes\u00a0\u00bb bg_type=\u00a0\u00bbimage\u00a0\u00bb bg_image=\u00a0\u00bb2092&Prime; desktop_visibility=\u00a0\u00bbhide\u00a0\u00bb tablet_visibility=\u00a0\u00bbhide\u00a0\u00bb tablet_sm_visibility=\u00a0\u00bbhide\u00a0\u00bb margin_bottom=\u00a0\u00bb0&Prime;][vc_column css=\u00a0\u00bb.vc_custom_1495538242382{padding-top: 9% !important;padding-bottom: 9% !important;}\u00a0\u00bb][vc_column_text animation=\u00a0\u00bbfadeInLeft\u00a0\u00bb el_class=\u00a0\u00bbprod\u00a0\u00bb css=\u00a0\u00bb.vc_custom_1496331610439{margin-bottom: 0px !important;border-bottom-width: 0px !important;padding-bottom: 2% !important;}\u00a0\u00bb]<\/p>\n<h2 style=\"color: #ffffff !important; line-height: 0.8em !important; font-weight: 600 !important; font-size: 24px !important; text-align: center;\">PRODUITS CERTIFI\u00c9S<\/h2>\n<h2 style=\"font-weight: 300 !important; line-height: 0.5em !important; color: #ffffff !important; text-align: center;\">conform\u00e9ment \u00e0 la loi<\/h2>\n<p>[\/vc_column_text]<div class=\"grve-element grve-align-center\"><a class=\"grve-btn grve-btn-extrasmall grve-square grve-white-color\" href=\"https:\/\/www.coterm.it\/certificazioni\/\" target=\"_self\" style=\"\"><span>LIRE LES CERTIFICATIONS<\/span><\/a><\/div>[\/vc_column][\/vc_row][vc_row heading_color=\u00a0\u00bbprimary-1&Prime; section_type=\u00a0\u00bbfullwidth-element\u00a0\u00bb bg_type=\u00a0\u00bbcolor\u00a0\u00bb mobile_visibility=\u00a0\u00bbhide\u00a0\u00bb font_color=\u00a0\u00bb#ffffff\u00a0\u00bb padding_top=\u00a0\u00bb0px\u00a0\u00bb padding_bottom=\u00a0\u00bb0px\u00a0\u00bb margin_bottom=\u00a0\u00bb0px\u00a0\u00bb][vc_column width=\u00a0\u00bb1\/3&Prime; css=\u00a0\u00bb.vc_custom_1495537823255{padding-bottom: 7px !important;background-color: #81d742 !important;}\u00a0\u00bb][\/vc_column][vc_column width=\u00a0\u00bb1\/3&Prime; css=\u00a0\u00bb.vc_custom_1495537834374{padding-bottom: 7px !important;background-color: #ffffff !important;}\u00a0\u00bb][\/vc_column][vc_column width=\u00a0\u00bb1\/3&Prime; css=\u00a0\u00bb.vc_custom_1495537845903{padding-bottom: 7px !important;background-color: #dd3333 !important;}\u00a0\u00bb][\/vc_column][\/vc_row][vc_row heading_color=\u00a0\u00bbprimary-1&Prime; section_type=\u00a0\u00bbfullwidth-element\u00a0\u00bb desktop_visibility=\u00a0\u00bbhide\u00a0\u00bb tablet_visibility=\u00a0\u00bbhide\u00a0\u00bb tablet_sm_visibility=\u00a0\u00bbhide\u00a0\u00bb font_color=\u00a0\u00bb#ffffff\u00a0\u00bb section_id=\u00a0\u00bbspazio\u00a0\u00bb margin_bottom=\u00a0\u00bb0px\u00a0\u00bb padding_top=\u00a0\u00bb0&Prime; padding_bottom=\u00a0\u00bb0px\u00a0\u00bb][vc_column css=\u00a0\u00bb.vc_custom_1483395759668{margin-top: 0px !important;margin-bottom: 0px !important;border-top-width: 0px !important;border-bottom-width: 0px !important;padding-top: 0px !important;padding-bottom: 0px !important;background-position: center !important;background-repeat: no-repeat !important;background-size: cover !important;}\u00a0\u00bb][vc_empty_space height=\u00a0\u00bb5px\u00a0\u00bb css=\u00a0\u00bb.vc_custom_1495537346427{margin-top: 0px !important;margin-bottom: 0px !important;border-top-width: 0px !important;border-bottom-width: 0px !important;padding-top: 0px !important;padding-bottom: 0px !important;background-image: url(https:\/\/www.coterm.it\/wp-content\/uploads\/2017\/05\/italia-1.jpg?id=3428) !important;background-position: center !important;background-repeat: no-repeat !important;background-size: cover !important;}\u00a0\u00bb][\/vc_column][\/vc_row][vc_row flex_height=\u00a0\u00bbyes\u00a0\u00bb middle_content=\u00a0\u00bbyes\u00a0\u00bb bg_type=\u00a0\u00bbcolor\u00a0\u00bb footer_feature=\u00a0\u00bbyes\u00a0\u00bb mobile_visibility=\u00a0\u00bbhide\u00a0\u00bb bg_color=\u00a0\u00bb#000000&Prime;][vc_column css=\u00a0\u00bb.vc_custom_1496240724845{padding-top: 45px !important;padding-bottom: 30px !important;}\u00a0\u00bb]<div class=\"grve-element grve-image grve-align-center\" style=\"margin-bottom: 20px;\"><img loading=\"lazy\" decoding=\"async\" width=\"168\" height=\"70\" src=\"https:\/\/www.coterm.it\/wp-content\/uploads\/2017\/04\/nuova-coterm-logo.png\" class=\"attachment-full size-full\" alt=\"Nuova Coterm - logo\" \/><\/div>[vc_column_text css=\u00a0\u00bb.vc_custom_1496240405918{margin-bottom: 0px !important;border-bottom-width: 0px !important;padding-bottom: 0px !important;}\u00a0\u00bb]<\/p>\n<h6 style=\"text-align: center;\"><span style=\"color: #999999;\">CHAUFFE-EAU &#8211; CHAUDI\u00c8RES<\/span><\/h6>\n<h6 style=\"text-align: center;\"><span style=\"color: #ffffff;\"><br \/>\nLA NUOVA COTERM Srl &#8211; Via Levata, 10 &#8211; 24068 Seriate &#8211; (ITALY)<\/span><br \/>\n<span style=\"color: #ffffff;\"><a style=\"color: #ffffff;\" href=\"tel:+39035290665\"> Tel +39 035 290665<\/a> &#8211; Fax +39 035 301843 &#8211; <a style=\"color: #ffffff;\" href=\"mailto:info@coterm.it\">info@coterm.it<\/a><\/span><\/h6>\n<p>[\/vc_column_text][\/vc_column][\/vc_row][vc_row flex_height=\u00a0\u00bbyes\u00a0\u00bb middle_content=\u00a0\u00bbyes\u00a0\u00bb bg_type=\u00a0\u00bbcolor\u00a0\u00bb footer_feature=\u00a0\u00bbyes\u00a0\u00bb desktop_visibility=\u00a0\u00bbhide\u00a0\u00bb tablet_visibility=\u00a0\u00bbhide\u00a0\u00bb tablet_sm_visibility=\u00a0\u00bbhide\u00a0\u00bb bg_color=\u00a0\u00bb#000000&Prime;][vc_column css=\u00a0\u00bb.vc_custom_1496240688707{padding-top: 45px !important;padding-bottom: 30px !important;}\u00a0\u00bb]<div class=\"grve-element grve-image grve-align-center\" style=\"margin-bottom: 20px;\"><img loading=\"lazy\" decoding=\"async\" width=\"168\" height=\"70\" src=\"https:\/\/www.coterm.it\/wp-content\/uploads\/2017\/04\/nuova-coterm-logo.png\" class=\"attachment-full size-full\" alt=\"Nuova Coterm - logo\" \/><\/div>[vc_column_text css=\u00a0\u00bb.vc_custom_1496240428624{margin-bottom: 0px !important;border-bottom-width: 0px !important;padding-bottom: 0px !important;}\u00a0\u00bb]<\/p>\n<h6 style=\"text-align: center;\"><span style=\"color: #999999;\">CHAUFFE-EAU &#8211; CHAUDI\u00c8RES<\/span><\/h6>\n<h6 style=\"text-align: center;\"><span style=\"color: #ffffff;\">LA NUOVA COTERM Srl<\/span><br \/>\n<span style=\"color: #ffffff;\">Via Levata, 10 &#8211; 24068 &#8211; Seriate (BERGAMO)<\/span><br \/>\n<span style=\"color: #ffffff;\">Tel +39 035 290665 &#8211; Fax +39 035 301843<\/span><br \/>\n<span style=\"color: #ffffff;\"><a style=\"text-decoration: underline; color: #ffffff;\" href=\"mailto:info@coterm.it\">info@coterm.it<\/a><\/span><\/h6>\n<p>[\/vc_column_text][\/vc_column][\/vc_row]<\/p>\n","protected":false},"excerpt":{"rendered":"<p>[vc_row bg_type=\u00a0\u00bbcolor\u00a0\u00bb header_feature=\u00a0\u00bbyes\u00a0\u00bb mobile_visibility=\u00a0\u00bbhide\u00a0\u00bb bg_color=\u00a0\u00bb#68ade2&Prime;][vc_column css=\u00a0\u00bb.vc_custom_1491646838287{padding-top: 30px !important;padding-bottom: 20px !important;background-position: center !important;background-repeat: no-repeat !important;background-size: cover !important;}\u00a0\u00bb][\/vc_column][\/vc_row][vc_row bg_type=\u00a0\u00bbcolor\u00a0\u00bb header_feature=\u00a0\u00bbyes\u00a0\u00bb desktop_visibility=\u00a0\u00bbhide\u00a0\u00bb tablet_visibility=\u00a0\u00bbhide\u00a0\u00bb tablet_sm_visibility=\u00a0\u00bbhide\u00a0\u00bb bg_color=\u00a0\u00bb#68ade2&Prime;][vc_column css=\u00a0\u00bb.vc_custom_1491646838287{padding-top: 30px !important;padding-bottom: 20px !important;background-position: center !important;background-repeat: no-repeat !important;background-size: cover !important;}\u00a0\u00bb][\/vc_column][\/vc_row][vc_row][vc_column css=\u00a0\u00bb.vc_custom_1496577810588{margin-bottom: 25px !important;}\u00a0\u00bb][\/vc_column][\/vc_row][vc_row][vc_column width=\u00a0\u00bb1\/2&Prime;][\/vc_column][vc_column width=\u00a0\u00bb1\/2&Prime;][vc_column_text]Le chauffe-eau \u00e0 gaz industriel et r\u00e9sidentiel BG-E, certifi\u00e9 pour fonctionner tant au m\u00e9thane qu\u2019au GPL, a \u00e9t\u00e9 [&hellip;]<\/p>\n","protected":false},"author":2,"featured_media":0,"parent":7847,"menu_order":0,"comment_status":"closed","ping_status":"closed","template":"","meta":{"footnotes":""},"class_list":["post-7859","page","type-page","status-publish","hentry"],"aioseo_notices":[],"_links":{"self":[{"href":"https:\/\/www.coterm.it\/fr\/wp-json\/wp\/v2\/pages\/7859","targetHints":{"allow":["GET"]}}],"collection":[{"href":"https:\/\/www.coterm.it\/fr\/wp-json\/wp\/v2\/pages"}],"about":[{"href":"https:\/\/www.coterm.it\/fr\/wp-json\/wp\/v2\/types\/page"}],"author":[{"embeddable":true,"href":"https:\/\/www.coterm.it\/fr\/wp-json\/wp\/v2\/users\/2"}],"replies":[{"embeddable":true,"href":"https:\/\/www.coterm.it\/fr\/wp-json\/wp\/v2\/comments?post=7859"}],"version-history":[{"count":13,"href":"https:\/\/www.coterm.it\/fr\/wp-json\/wp\/v2\/pages\/7859\/revisions"}],"predecessor-version":[{"id":9129,"href":"https:\/\/www.coterm.it\/fr\/wp-json\/wp\/v2\/pages\/7859\/revisions\/9129"}],"up":[{"embeddable":true,"href":"https:\/\/www.coterm.it\/fr\/wp-json\/wp\/v2\/pages\/7847"}],"wp:attachment":[{"href":"https:\/\/www.coterm.it\/fr\/wp-json\/wp\/v2\/media?parent=7859"}],"curies":[{"name":"wp","href":"https:\/\/api.w.org\/{rel}","templated":true}]}}