{"id":7890,"date":"2017-05-15T12:04:33","date_gmt":"2017-05-15T10:04:33","guid":{"rendered":"https:\/\/www.coterm.it\/scaldacqua-elettrici-ad-uso-domestico\/esp-est-15-20-30-lt\/"},"modified":"2026-02-16T09:21:54","modified_gmt":"2026-02-16T08:21:54","slug":"esp-est-10-15-30-lt","status":"publish","type":"page","link":"https:\/\/www.coterm.it\/fr\/chauffe-eau-electriques-a-usage-residentiel\/esp-est-10-15-30-lt\/","title":{"rendered":"ESP-EST 10-15-30 lt."},"content":{"rendered":"<p>[vc_row bg_type=\u00a0\u00bbcolor\u00a0\u00bb header_feature=\u00a0\u00bbyes\u00a0\u00bb mobile_visibility=\u00a0\u00bbhide\u00a0\u00bb bg_color=\u00a0\u00bb#8db739&Prime;][vc_column css=\u00a0\u00bb.vc_custom_1491646838287{padding-top: 30px !important;padding-bottom: 20px !important;background-position: center !important;background-repeat: no-repeat !important;background-size: cover !important;}\u00a0\u00bb]<h1 class=\"grve-element grve-align-center grve-title-no-line grve-h1 whi\" style=\"\"><span>CHAUFFE-EAU \u00c9LECTRIQUES \u00c0 <strong>USAGE R\u00c9SIDENTIEL<\/strong><\/span><\/h1>[\/vc_column][\/vc_row][vc_row bg_type=\u00a0\u00bbcolor\u00a0\u00bb header_feature=\u00a0\u00bbyes\u00a0\u00bb desktop_visibility=\u00a0\u00bbhide\u00a0\u00bb tablet_visibility=\u00a0\u00bbhide\u00a0\u00bb tablet_sm_visibility=\u00a0\u00bbhide\u00a0\u00bb bg_color=\u00a0\u00bb#8db739&Prime;][vc_column css=\u00a0\u00bb.vc_custom_1491646838287{padding-top: 30px !important;padding-bottom: 20px !important;background-position: center !important;background-repeat: no-repeat !important;background-size: cover !important;}\u00a0\u00bb]<h1 class=\"grve-element grve-align-center grve-title-no-line grve-h1 whi\" style=\"\"><span>CHAUFFE-EAU \u00c9LECTRIQUES \u00c0 &lt;strong&gt;USAGE R\u00c9SIDENTIEL&lt;\/strong&gt;<\/span><\/h1>[\/vc_column][\/vc_row][vc_row][vc_column css=\u00a0\u00bb.vc_custom_1496577810588{margin-bottom: 25px !important;}\u00a0\u00bb]<h2 class=\"grve-element grve-align-center grve-title-line grve-h2\" style=\"\"><span>PETITES CAPACIT\u00c9S - TENSION 220 V<\/span><\/h2>[\/vc_column][\/vc_row][vc_row][vc_column width=\u00a0\u00bb1\/2&Prime;]<div class=\"grve-element grve-image grve-animated-item grve-fadeInLeft grve-align-center\" style=\"\" data-delay=\"200\"><img loading=\"lazy\" decoding=\"async\" width=\"800\" height=\"504\" src=\"https:\/\/www.coterm.it\/wp-content\/uploads\/2017\/04\/ESP-EST.png\" class=\"attachment-full size-full\" alt=\"\" srcset=\"https:\/\/www.coterm.it\/wp-content\/uploads\/2017\/04\/ESP-EST.png 800w, https:\/\/www.coterm.it\/wp-content\/uploads\/2017\/04\/ESP-EST-300x189.png 300w, https:\/\/www.coterm.it\/wp-content\/uploads\/2017\/04\/ESP-EST-768x484.png 768w\" sizes=\"auto, (max-width: 800px) 100vw, 800px\" \/><\/div><h1 class=\"grve-element grve-align-center grve-title-no-line grve-h1 whi\" style=\"\"><span>CHAUFFE-EAU \u00c9LECTRIQUE &lt;strong&gt;\u00c0 USAGE R\u00c9SIDENTIEL&lt;\/strong&gt;<\/span><\/h1>[\/vc_column][vc_column width=\u00a0\u00bb1\/2&Prime;]<div class=\"grve-element grve-slogan grve-align-left\" style=\"\"><h1 class=\"grve-slogan-title grve-align-left grve-title-no-line\"><span>ESP-EST<br \/> 10-15-30 lt.<\/span><\/h1>  <p class=\"grve-leader-text\">\u00c9MAILL\u00c9<\/p><\/div>[vc_column_text]Cette application est particuli\u00e8rement indiqu\u00e9e dans les petits appartements, les locaux de service, les lieux de travail, les autocaravanes, etc. Les BABY sont disponibles dans les capacit\u00e9s de 10, 15 et 30 litres et par cons\u00e9quent, dans l\u2019application ind\u00e9pendante, ils permettent un maximum de 2 pr\u00e9l\u00e8vements simultan\u00e9s (30 litres).<br \/>\nLes BABY peuvent \u00eatre utilis\u00e9s aussi avec un groupe de m\u00e9lange \u00e0 \u00e9coulement libre.<br \/>\nLes BABY peuvent \u00eatre install\u00e9s \u00e9galement en ligne avec une installation centralis\u00e9e de moyenne ou grande dimension.<br \/>\nDans ce cas, ils permettent de porter l&rsquo;eau \u00e0 la temp\u00e9rature maximale (par ex. 60 \u00b0C) uniquement au point de pr\u00e9l\u00e8vement, en maintenant une grande partie de la r\u00e9serve d&rsquo;eau chaude \u00e0 une temp\u00e9rature moyenne (par ex. 40 \u00b0C).<br \/>\nCe syst\u00e8me permet d\u2019obtenir la meilleure qualit\u00e9 de service avec une \u00e9conomie d\u2019\u00e9nergie consid\u00e9rable.[\/vc_column_text][vc_column_text el_class=\u00a0\u00bbmini\u00a0\u00bb]<strong>CHAUDI\u00c8RE <\/strong>\u2013 <span style=\"line-height: 1em !important;\">fabriqu\u00e9e en t\u00f4le d&rsquo;acier de grosse \u00e9paisseur et de premi\u00e8re qualit\u00e9, qui garantit une meilleure r\u00e9sistance \u00e0 la corrosion gr\u00e2ce \u00e0 un<\/span> <strong>double \u00e9maillage<\/strong>.<\/p>\n<p><strong>ENVELOPPE EXT\u00c9RIEURE<\/strong> &#8211; t\u00f4le aluminis\u00e9e pr\u00e9laqu\u00e9e et plastifi\u00e9e.<\/p>\n<p><strong>ISOLATION INT\u00c9RIEURE<\/strong> \u2013 polyur\u00e9thane.<\/p>\n<p><strong>GROUPE R\u00c9SISTANCE THERMOSTAT<\/strong><br \/>\n<strong>Les \u00e9l\u00e9ments du groupe chauffant sont rigoureusement certifi\u00e9s CE.<\/strong>[\/vc_column_text][\/vc_column][\/vc_row][vc_row bg_type=\u00a0\u00bbcolor\u00a0\u00bb bg_color=\u00a0\u00bb#8db739&Prime; padding_bottom=\u00a0\u00bb20&Prime; margin_bottom=\u00a0\u00bb0px\u00a0\u00bb][vc_column css=\u00a0\u00bb.vc_custom_1491646838287{padding-top: 30px !important;padding-bottom: 20px !important;background-position: center !important;background-repeat: no-repeat !important;background-size: cover !important;}\u00a0\u00bb]<div class=\"grve-element grve-image grve-animated-item grve-fadeInUp iconheaders grve-align-center\" style=\"\" data-delay=\"200\"><img loading=\"lazy\" decoding=\"async\" width=\"80\" height=\"77\" src=\"https:\/\/www.coterm.it\/wp-content\/uploads\/2014\/11\/icona-elettrici-home-e1494955968613.png\" class=\"attachment-medium size-medium\" alt=\"\" \/><\/div><h1 class=\"grve-element grve-align-center grve-title-no-line grve-h1 whi\" style=\"\"><span>CHAUFFE-EAU \u00c9LECTRIQUE <strong>\u00c0 USAGE R\u00c9SIDENTIEL<\/strong><\/span><\/h1>[vc_column_text]<\/p>\n<h5 style=\"text-align: center;\"><span style=\"color: #ffffff;\">Remplissez le formulaire ci-dessous pour recevoir par e-mail la fiche technique du chauffe-eau ESP-EST S\u00e9rie \u00c9LECTRIQUE. Merci.<\/span><\/h5>\n<p>[\/vc_column_text]\n<div class=\"wpcf7 no-js\" id=\"wpcf7-f8338-o1\" lang=\"fr-FR\" dir=\"ltr\" data-wpcf7-id=\"8338\">\n<div class=\"screen-reader-response\"><p role=\"status\" aria-live=\"polite\" aria-atomic=\"true\"><\/p> <ul><\/ul><\/div>\n<form action=\"\/fr\/wp-json\/wp\/v2\/pages\/7890#wpcf7-f8338-o1\" method=\"post\" class=\"wpcf7-form init\" aria-label=\"Formulaire de contact\" novalidate=\"novalidate\" data-status=\"init\">\n<fieldset class=\"hidden-fields-container\"><input type=\"hidden\" name=\"_wpcf7\" value=\"8338\" \/><input type=\"hidden\" name=\"_wpcf7_version\" value=\"6.1.5\" \/><input type=\"hidden\" name=\"_wpcf7_locale\" value=\"fr_FR\" \/><input type=\"hidden\" name=\"_wpcf7_unit_tag\" value=\"wpcf7-f8338-o1\" \/><input type=\"hidden\" name=\"_wpcf7_container_post\" value=\"0\" \/><input type=\"hidden\" name=\"_wpcf7_posted_data_hash\" value=\"\" \/><input type=\"hidden\" name=\"_wpcf7dtx_version\" value=\"5.0.5\" \/><input type=\"hidden\" name=\"_wpcf7_recaptcha_response\" value=\"\" \/>\n<\/fieldset>\n<p class=\"grve-with-icon cf-gri\"><i class=\"fa fa-user\"><\/i><span class=\"wpcf7-form-control-wrap\" data-name=\"your-name\"><input size=\"40\" maxlength=\"400\" class=\"wpcf7-form-control wpcf7-text wpcf7-validates-as-required\" aria-required=\"true\" aria-invalid=\"false\" placeholder=\"Nom de l&#039;entreprise ou du dirigeant\" value=\"\" type=\"text\" name=\"your-name\" \/><\/span>\n<\/p>\n<p class=\"cf-gri grve-with-icon\"><i class=\"fa fa-envelope\"><\/i><span class=\"wpcf7-form-control-wrap\" data-name=\"your-email\"><input size=\"40\" maxlength=\"400\" class=\"wpcf7-form-control wpcf7-email wpcf7-validates-as-required wpcf7-text wpcf7-validates-as-email\" aria-required=\"true\" aria-invalid=\"false\" placeholder=\"Adresse email\" value=\"\" type=\"email\" name=\"your-email\" \/><\/span>\n<\/p>\n<p class=\"cf-gri grve-with-icon\"><i class=\"fa fa-phone\"><\/i><span class=\"wpcf7-form-control-wrap\" data-name=\"your-tel\"><input size=\"40\" maxlength=\"400\" class=\"wpcf7-form-control wpcf7-tel wpcf7-validates-as-required wpcf7-text wpcf7-validates-as-tel\" aria-required=\"true\" aria-invalid=\"false\" placeholder=\"Num\u00e9ro de t\u00e9l\u00e9phone\" value=\"\" type=\"tel\" name=\"your-tel\" \/><\/span>\n<\/p>\n<p class=\"cf-gri grve-with-icon\"><span class=\"wpcf7-form-control-wrap\" data-name=\"your-message\"><textarea cols=\"40\" rows=\"10\" maxlength=\"2000\" class=\"wpcf7-form-control wpcf7-textarea test-class\" aria-invalid=\"false\" placeholder=\"Toutes demandes\" name=\"your-message\"><\/textarea><\/span>\n<\/p>\n\n<!-- CF7 Modules -->\n<div style='display:none;'><input type=\"hidden\" class=\"wpcf7-form-control wpcf7-hidden\" name=\"hidden-title\" placeholder=\"\" value=\"ESP-EST 10-15-30 lt.\" \/><input type=\"hidden\" class=\"wpcf7-form-control wpcf7-hidden\" name=\"hidden-productname\" placeholder=\"\" value=\"SCALDACQUA-ESP-EST-Serie-ELETTRICO-La-Nuova-Coterm\" \/><input type=\"hidden\" class=\"wpcf7-form-control wpcf7-hidden\" name=\"hidden-form-type\" placeholder=\"\" value=\"brochure\" \/>\n<\/div>\n<!-- End CF7 Modules -->\n\n<p><span class=\"wpcf7-form-control-wrap\" data-name=\"acceptance-658\"><span class=\"wpcf7-form-control wpcf7-acceptance\"><span class=\"wpcf7-list-item\"><label><input type=\"checkbox\" name=\"acceptance-658\" value=\"1\" aria-invalid=\"false\" \/><span class=\"wpcf7-list-item-label\">J'accepte votre <a class=\"white-txt\" href=\"\/fr\/politique-de-confidentialite-la-nuova-coterm\/\">Politique de confidentialit\u00e9<\/a><\/span><\/label><\/span><\/span><\/span>\n<\/p>\n<p class=\"grve-align-center\"><input class=\"wpcf7-form-control wpcf7-submit has-spinner\" type=\"submit\" value=\"Envoyer\" \/>\n<\/p><div class=\"wpcf7-response-output\" aria-hidden=\"true\"><\/div>\n<\/form>\n<\/div>\n[\/vc_column][\/vc_row][vc_row flex_height=\u00a0\u00bbyes\u00a0\u00bb middle_content=\u00a0\u00bbyes\u00a0\u00bb bg_type=\u00a0\u00bbimage\u00a0\u00bb bg_image=\u00a0\u00bb2092&Prime; mobile_visibility=\u00a0\u00bbhide\u00a0\u00bb margin_bottom=\u00a0\u00bb0&Prime;][vc_column css=\u00a0\u00bb.vc_custom_1494939958059{padding-top: 6% !important;padding-bottom: 6% !important;}\u00a0\u00bb][vc_column_text animation=\u00a0\u00bbfadeInLeft\u00a0\u00bb el_class=\u00a0\u00bbprod\u00a0\u00bb css=\u00a0\u00bb.vc_custom_1496331407227{margin-bottom: 0px !important;border-bottom-width: 0px !important;padding-bottom: 2% !important;}\u00a0\u00bb]<\/p>\n<h2 style=\"text-align: right; color: #ffffff !important; line-height: 0.8em !important; font-weight: 600 !important; font-size: 44px !important;\">PRODUITS CERTIFI\u00c9S<\/h2>\n<h2 style=\"text-align: right; font-weight: 300 !important; line-height: 0.5em !important; color: #ffffff !important;\">conform\u00e9ment \u00e0 la loi<\/h2>\n<p>[\/vc_column_text]<div class=\"grve-element grve-align-right grve-animated-item grve-fadeInLeft\" data-delay=\"200\"><a class=\"grve-btn grve-btn-extrasmall grve-square grve-white-color grve-btn-line\" href=\"https:\/\/www.coterm.it\/fr\/certifications\/\" target=\"_self\" style=\"\"><span>LIRE LES CERTIFICATIONS<\/span><\/a><\/div>[\/vc_column][\/vc_row][vc_row flex_height=\u00a0\u00bbyes\u00a0\u00bb middle_content=\u00a0\u00bbyes\u00a0\u00bb bg_type=\u00a0\u00bbimage\u00a0\u00bb bg_image=\u00a0\u00bb2092&Prime; desktop_visibility=\u00a0\u00bbhide\u00a0\u00bb tablet_visibility=\u00a0\u00bbhide\u00a0\u00bb tablet_sm_visibility=\u00a0\u00bbhide\u00a0\u00bb margin_bottom=\u00a0\u00bb0&Prime;][vc_column css=\u00a0\u00bb.vc_custom_1495538242382{padding-top: 9% !important;padding-bottom: 9% !important;}\u00a0\u00bb][vc_column_text animation=\u00a0\u00bbfadeInLeft\u00a0\u00bb el_class=\u00a0\u00bbprod\u00a0\u00bb css=\u00a0\u00bb.vc_custom_1496331610439{margin-bottom: 0px !important;border-bottom-width: 0px !important;padding-bottom: 2% !important;}\u00a0\u00bb]<\/p>\n<h2 style=\"color: #ffffff !important; line-height: 0.8em !important; font-weight: 600 !important; font-size: 24px !important; text-align: center;\">PRODUITS CERTIFI\u00c9S<\/h2>\n<h2 style=\"font-weight: 300 !important; line-height: 0.5em !important; color: #ffffff !important; text-align: center;\">conform\u00e9ment \u00e0 la loi<\/h2>\n<p>[\/vc_column_text]<div class=\"grve-element grve-align-center\"><a class=\"grve-btn grve-btn-extrasmall grve-square grve-white-color\" href=\"https:\/\/www.coterm.it\/certificazioni\/\" target=\"_self\" style=\"\"><span>LIRE LES CERTIFICATIONS<\/span><\/a><\/div>[\/vc_column][\/vc_row][vc_row heading_color=\u00a0\u00bbprimary-1&Prime; section_type=\u00a0\u00bbfullwidth-element\u00a0\u00bb bg_type=\u00a0\u00bbcolor\u00a0\u00bb mobile_visibility=\u00a0\u00bbhide\u00a0\u00bb font_color=\u00a0\u00bb#ffffff\u00a0\u00bb padding_top=\u00a0\u00bb0px\u00a0\u00bb padding_bottom=\u00a0\u00bb0px\u00a0\u00bb margin_bottom=\u00a0\u00bb0px\u00a0\u00bb][vc_column width=\u00a0\u00bb1\/3&Prime; css=\u00a0\u00bb.vc_custom_1495537823255{padding-bottom: 7px !important;background-color: #81d742 !important;}\u00a0\u00bb][\/vc_column][vc_column width=\u00a0\u00bb1\/3&Prime; css=\u00a0\u00bb.vc_custom_1495537834374{padding-bottom: 7px !important;background-color: #ffffff !important;}\u00a0\u00bb][\/vc_column][vc_column width=\u00a0\u00bb1\/3&Prime; css=\u00a0\u00bb.vc_custom_1495537845903{padding-bottom: 7px !important;background-color: #dd3333 !important;}\u00a0\u00bb][\/vc_column][\/vc_row][vc_row heading_color=\u00a0\u00bbprimary-1&Prime; section_type=\u00a0\u00bbfullwidth-element\u00a0\u00bb desktop_visibility=\u00a0\u00bbhide\u00a0\u00bb tablet_visibility=\u00a0\u00bbhide\u00a0\u00bb tablet_sm_visibility=\u00a0\u00bbhide\u00a0\u00bb font_color=\u00a0\u00bb#ffffff\u00a0\u00bb section_id=\u00a0\u00bbspazio\u00a0\u00bb margin_bottom=\u00a0\u00bb0px\u00a0\u00bb padding_top=\u00a0\u00bb0&Prime; padding_bottom=\u00a0\u00bb0px\u00a0\u00bb][vc_column css=\u00a0\u00bb.vc_custom_1483395759668{margin-top: 0px !important;margin-bottom: 0px !important;border-top-width: 0px !important;border-bottom-width: 0px !important;padding-top: 0px !important;padding-bottom: 0px !important;background-position: center !important;background-repeat: no-repeat !important;background-size: cover !important;}\u00a0\u00bb][vc_empty_space height=\u00a0\u00bb5px\u00a0\u00bb css=\u00a0\u00bb.vc_custom_1495537346427{margin-top: 0px !important;margin-bottom: 0px !important;border-top-width: 0px !important;border-bottom-width: 0px !important;padding-top: 0px !important;padding-bottom: 0px !important;background-image: url(https:\/\/www.coterm.it\/wp-content\/uploads\/2017\/05\/italia-1.jpg?id=3428) !important;background-position: center !important;background-repeat: no-repeat !important;background-size: cover !important;}\u00a0\u00bb][\/vc_column][\/vc_row][vc_row flex_height=\u00a0\u00bbyes\u00a0\u00bb middle_content=\u00a0\u00bbyes\u00a0\u00bb bg_type=\u00a0\u00bbcolor\u00a0\u00bb footer_feature=\u00a0\u00bbyes\u00a0\u00bb mobile_visibility=\u00a0\u00bbhide\u00a0\u00bb bg_color=\u00a0\u00bb#000000&Prime;][vc_column css=\u00a0\u00bb.vc_custom_1496240724845{padding-top: 45px !important;padding-bottom: 30px !important;}\u00a0\u00bb]<div class=\"grve-element grve-image grve-align-center\" style=\"margin-bottom: 20px;\"><img loading=\"lazy\" decoding=\"async\" width=\"168\" height=\"70\" src=\"https:\/\/www.coterm.it\/wp-content\/uploads\/2017\/04\/nuova-coterm-logo.png\" class=\"attachment-full size-full\" alt=\"Nuova Coterm - logo\" \/><\/div>[vc_column_text css=\u00a0\u00bb.vc_custom_1496240405918{margin-bottom: 0px !important;border-bottom-width: 0px !important;padding-bottom: 0px !important;}\u00a0\u00bb]<\/p>\n<h6 style=\"text-align: center;\"><span style=\"color: #999999;\">CHAUFFE-EAU &#8211; CHAUDI\u00c8RES<\/span><\/h6>\n<h6 style=\"text-align: center;\"><span style=\"color: #ffffff;\"><br \/>\nLA NUOVA COTERM Srl &#8211; Via Levata, 10 &#8211; 24068 Seriate &#8211; (ITALY)<\/span><br \/>\n<span style=\"color: #ffffff;\"><a style=\"color: #ffffff;\" href=\"tel:+39035290665\"> Tel +39 035 290665<\/a> &#8211; Fax +39 035 301843 &#8211; <a style=\"color: #ffffff;\" href=\"mailto:info@coterm.it\">info@coterm.it<\/a><\/span><\/h6>\n<p>[\/vc_column_text][\/vc_column][\/vc_row][vc_row flex_height=\u00a0\u00bbyes\u00a0\u00bb middle_content=\u00a0\u00bbyes\u00a0\u00bb bg_type=\u00a0\u00bbcolor\u00a0\u00bb footer_feature=\u00a0\u00bbyes\u00a0\u00bb desktop_visibility=\u00a0\u00bbhide\u00a0\u00bb tablet_visibility=\u00a0\u00bbhide\u00a0\u00bb tablet_sm_visibility=\u00a0\u00bbhide\u00a0\u00bb bg_color=\u00a0\u00bb#000000&Prime;][vc_column css=\u00a0\u00bb.vc_custom_1496240688707{padding-top: 45px !important;padding-bottom: 30px !important;}\u00a0\u00bb]<div class=\"grve-element grve-image grve-align-center\" style=\"margin-bottom: 20px;\"><img loading=\"lazy\" decoding=\"async\" width=\"168\" height=\"70\" src=\"https:\/\/www.coterm.it\/wp-content\/uploads\/2017\/04\/nuova-coterm-logo.png\" class=\"attachment-full size-full\" alt=\"Nuova Coterm - logo\" \/><\/div>[vc_column_text css=\u00a0\u00bb.vc_custom_1496240428624{margin-bottom: 0px !important;border-bottom-width: 0px !important;padding-bottom: 0px !important;}\u00a0\u00bb]<\/p>\n<h6 style=\"text-align: center;\"><span style=\"color: #999999;\">CHAUFFE-EAU &#8211; CHAUDI\u00c8RES<\/span><\/h6>\n<h6 style=\"text-align: center;\"><span style=\"color: #ffffff;\">LA NUOVA COTERM Srl<\/span><br \/>\n<span style=\"color: #ffffff;\">Via Levata, 10 &#8211; 24068 &#8211; Seriate (BERGAMO)<\/span><br \/>\n<span style=\"color: #ffffff;\">Tel +39 035 290665 &#8211; Fax +39 035 301843<\/span><br \/>\n<span style=\"color: #ffffff;\"><a style=\"text-decoration: underline; color: #ffffff;\" href=\"mailto:info@coterm.it\">info@coterm.it<\/a><\/span><\/h6>\n<p>[\/vc_column_text][\/vc_column][\/vc_row]<\/p>\n","protected":false},"excerpt":{"rendered":"<p>[vc_row bg_type=\u00a0\u00bbcolor\u00a0\u00bb header_feature=\u00a0\u00bbyes\u00a0\u00bb mobile_visibility=\u00a0\u00bbhide\u00a0\u00bb bg_color=\u00a0\u00bb#8db739&Prime;][vc_column css=\u00a0\u00bb.vc_custom_1491646838287{padding-top: 30px !important;padding-bottom: 20px !important;background-position: center !important;background-repeat: no-repeat !important;background-size: cover !important;}\u00a0\u00bb][\/vc_column][\/vc_row][vc_row bg_type=\u00a0\u00bbcolor\u00a0\u00bb header_feature=\u00a0\u00bbyes\u00a0\u00bb desktop_visibility=\u00a0\u00bbhide\u00a0\u00bb tablet_visibility=\u00a0\u00bbhide\u00a0\u00bb tablet_sm_visibility=\u00a0\u00bbhide\u00a0\u00bb bg_color=\u00a0\u00bb#8db739&Prime;][vc_column css=\u00a0\u00bb.vc_custom_1491646838287{padding-top: 30px !important;padding-bottom: 20px !important;background-position: center !important;background-repeat: no-repeat !important;background-size: cover !important;}\u00a0\u00bb][\/vc_column][\/vc_row][vc_row][vc_column css=\u00a0\u00bb.vc_custom_1496577810588{margin-bottom: 25px !important;}\u00a0\u00bb][\/vc_column][\/vc_row][vc_row][vc_column width=\u00a0\u00bb1\/2&Prime;][\/vc_column][vc_column width=\u00a0\u00bb1\/2&Prime;][vc_column_text]Cette application est particuli\u00e8rement indiqu\u00e9e dans les petits appartements, les locaux de service, les lieux de travail, les [&hellip;]<\/p>\n","protected":false},"author":2,"featured_media":0,"parent":7882,"menu_order":0,"comment_status":"closed","ping_status":"closed","template":"","meta":{"footnotes":""},"class_list":["post-7890","page","type-page","status-publish","hentry"],"aioseo_notices":[],"_links":{"self":[{"href":"https:\/\/www.coterm.it\/fr\/wp-json\/wp\/v2\/pages\/7890","targetHints":{"allow":["GET"]}}],"collection":[{"href":"https:\/\/www.coterm.it\/fr\/wp-json\/wp\/v2\/pages"}],"about":[{"href":"https:\/\/www.coterm.it\/fr\/wp-json\/wp\/v2\/types\/page"}],"author":[{"embeddable":true,"href":"https:\/\/www.coterm.it\/fr\/wp-json\/wp\/v2\/users\/2"}],"replies":[{"embeddable":true,"href":"https:\/\/www.coterm.it\/fr\/wp-json\/wp\/v2\/comments?post=7890"}],"version-history":[{"count":10,"href":"https:\/\/www.coterm.it\/fr\/wp-json\/wp\/v2\/pages\/7890\/revisions"}],"predecessor-version":[{"id":9416,"href":"https:\/\/www.coterm.it\/fr\/wp-json\/wp\/v2\/pages\/7890\/revisions\/9416"}],"up":[{"embeddable":true,"href":"https:\/\/www.coterm.it\/fr\/wp-json\/wp\/v2\/pages\/7882"}],"wp:attachment":[{"href":"https:\/\/www.coterm.it\/fr\/wp-json\/wp\/v2\/media?parent=7890"}],"curies":[{"name":"wp","href":"https:\/\/api.w.org\/{rel}","templated":true}]}}