{"id":8213,"date":"2017-05-18T11:00:45","date_gmt":"2017-05-18T09:00:45","guid":{"rendered":"https:\/\/www.coterm.it\/bollitori-accumulo-acqua-calda-sanitaria\/"},"modified":"2025-09-23T14:36:42","modified_gmt":"2025-09-23T12:36:42","slug":"ballon-de-stockage-eau-chaude-sanitaire","status":"publish","type":"page","link":"https:\/\/www.coterm.it\/fr\/ballon-de-stockage-eau-chaude-sanitaire\/","title":{"rendered":"BALLON DE STOCKAGE EAU CHAUDE SANITAIRE"},"content":{"rendered":"<p>[vc_row bg_type=\u00a0\u00bbcolor\u00a0\u00bb header_feature=\u00a0\u00bbyes\u00a0\u00bb bg_color=\u00a0\u00bb#b8cae3&Prime;][vc_column css=\u00a0\u00bb.vc_custom_1491646838287{padding-top: 30px !important;padding-bottom: 20px !important;background-position: center !important;background-repeat: no-repeat !important;background-size: cover !important;}\u00a0\u00bb]<div class=\"grve-element grve-image grve-animated-item grve-fadeInUp iconheadres grve-align-center\" style=\"\" data-delay=\"200\"><img loading=\"lazy\" decoding=\"async\" width=\"145\" height=\"85\" src=\"https:\/\/www.coterm.it\/wp-content\/uploads\/2017\/05\/acqua-calda-sanitaria.png\" class=\"attachment-medium size-medium\" alt=\"\" \/><\/div><h1 class=\"grve-element grve-align-center grve-title-no-line grve-h1 whi\" style=\"\"><span>BALLON DE STOCKAGE <strong>EAU CHAUDE SANITAIRE<\/strong><\/span><\/h1>[\/vc_column][\/vc_row][vc_row][vc_column width=\u00a0\u00bb1\/2&Prime;]<div class=\"grve-element grve-image grve-align-center\" style=\"\"><a href=\"https:\/\/www.coterm.it\/fr\/ballon-de-stockage-eau-chaude-sanitaire\/serie-sp\/\" target=\"_self\"><img loading=\"lazy\" decoding=\"async\" width=\"1095\" height=\"600\" src=\"https:\/\/www.coterm.it\/wp-content\/uploads\/2017\/05\/serbatoi_SP_vetroporcellanati_Nuova_Coterm_Italy.jpg\" class=\"attachment-full size-full\" alt=\"Bollitori-boilers SP - con 1 serpentina\" srcset=\"https:\/\/www.coterm.it\/wp-content\/uploads\/2017\/05\/serbatoi_SP_vetroporcellanati_Nuova_Coterm_Italy.jpg 1095w, https:\/\/www.coterm.it\/wp-content\/uploads\/2017\/05\/serbatoi_SP_vetroporcellanati_Nuova_Coterm_Italy-300x164.jpg 300w, https:\/\/www.coterm.it\/wp-content\/uploads\/2017\/05\/serbatoi_SP_vetroporcellanati_Nuova_Coterm_Italy-768x421.jpg 768w, https:\/\/www.coterm.it\/wp-content\/uploads\/2017\/05\/serbatoi_SP_vetroporcellanati_Nuova_Coterm_Italy-1024x561.jpg 1024w\" sizes=\"auto, (max-width: 1095px) 100vw, 1095px\" \/><\/a><\/div>[vc_column_text css=\u00a0\u00bb.vc_custom_1739443572571{margin-bottom: 0px !important;padding-top: 0px !important;padding-bottom: 0px !important;}\u00a0\u00bb el_class=\u00a0\u00bbmodel\u00a0\u00bb]<\/p>\n<h4 style=\"text-align: center;\">S\u00c9RIE SP 1 serpentin<\/h4>\n<p>[\/vc_column_text][vc_column_text css=\u00a0\u00bb.vc_custom_1496655544106{padding-top: 0px !important;}\u00a0\u00bb]<\/p>\n<p class=\"vp\" style=\"text-align: center;\"><span style=\"color: #7a7a7a;\">\u00c9MAILL\u00c9<\/span><\/p>\n<p>[\/vc_column_text][\/vc_column][vc_column width=\u00a0\u00bb1\/2&Prime;]<div class=\"grve-element grve-image grve-align-center\" style=\"\"><a href=\"https:\/\/www.coterm.it\/fr\/ballon-de-stockage-eau-chaude-sanitaire\/serie-sps\/\" target=\"_self\"><img loading=\"lazy\" decoding=\"async\" width=\"1095\" height=\"600\" src=\"https:\/\/www.coterm.it\/wp-content\/uploads\/2017\/05\/serbatoi_SPS_vetroporcellanati_Nuova_Coterm_Italy.jpg\" class=\"attachment-full size-full\" alt=\"Bollitori-boilers SPS - con 2 serpentine\" srcset=\"https:\/\/www.coterm.it\/wp-content\/uploads\/2017\/05\/serbatoi_SPS_vetroporcellanati_Nuova_Coterm_Italy.jpg 1095w, https:\/\/www.coterm.it\/wp-content\/uploads\/2017\/05\/serbatoi_SPS_vetroporcellanati_Nuova_Coterm_Italy-300x164.jpg 300w, https:\/\/www.coterm.it\/wp-content\/uploads\/2017\/05\/serbatoi_SPS_vetroporcellanati_Nuova_Coterm_Italy-768x421.jpg 768w, https:\/\/www.coterm.it\/wp-content\/uploads\/2017\/05\/serbatoi_SPS_vetroporcellanati_Nuova_Coterm_Italy-1024x561.jpg 1024w\" sizes=\"auto, (max-width: 1095px) 100vw, 1095px\" \/><\/a><\/div>[vc_column_text css=\u00a0\u00bb.vc_custom_1495102760402{margin-bottom: 0px !important;padding-top: 0px !important;padding-bottom: 0px !important;}\u00a0\u00bb el_class=\u00a0\u00bbmodel\u00a0\u00bb]<\/p>\n<h4 style=\"text-align: center;\">S\u00c9RIE SPS 2 serpentins<\/h4>\n<p>[\/vc_column_text][vc_column_text css=\u00a0\u00bb.vc_custom_1496655544106{padding-top: 0px !important;}\u00a0\u00bb]<\/p>\n<p class=\"vp\" style=\"text-align: center;\"><span style=\"color: #7a7a7a;\">\u00c9MAILL\u00c9<\/span><\/p>\n<p>[\/vc_column_text][\/vc_column][\/vc_row][vc_row mobile_visibility=\u00a0\u00bbhide\u00a0\u00bb][vc_column][vc_empty_space height=\u00a0\u00bb4%\u00a0\u00bb][\/vc_column][\/vc_row][vc_row][vc_column width=\u00a0\u00bb1\/2&Prime;]<div class=\"grve-element grve-image grve-align-center\" style=\"\"><a href=\"https:\/\/www.coterm.it\/fr\/ballon-de-stockage-eau-chaude-sanitaire\/serie-bfp\/\" target=\"_self\"><img loading=\"lazy\" decoding=\"async\" width=\"1095\" height=\"600\" src=\"https:\/\/www.coterm.it\/wp-content\/uploads\/2017\/05\/serbatoi_BFP_vetroporcellanati_Nuova_Coterm_Italy-1.jpg\" class=\"attachment-full size-full\" alt=\"Bollitori-boilers BFP - con 1 - 2 - 3 flange per scambiatori a spirale estraibili\" srcset=\"https:\/\/www.coterm.it\/wp-content\/uploads\/2017\/05\/serbatoi_BFP_vetroporcellanati_Nuova_Coterm_Italy-1.jpg 1095w, https:\/\/www.coterm.it\/wp-content\/uploads\/2017\/05\/serbatoi_BFP_vetroporcellanati_Nuova_Coterm_Italy-1-300x164.jpg 300w, https:\/\/www.coterm.it\/wp-content\/uploads\/2017\/05\/serbatoi_BFP_vetroporcellanati_Nuova_Coterm_Italy-1-768x421.jpg 768w, https:\/\/www.coterm.it\/wp-content\/uploads\/2017\/05\/serbatoi_BFP_vetroporcellanati_Nuova_Coterm_Italy-1-1024x561.jpg 1024w\" sizes=\"auto, (max-width: 1095px) 100vw, 1095px\" \/><\/a><\/div>[vc_column_text css=\u00a0\u00bb.vc_custom_1739443776031{margin-bottom: 0px !important;padding-top: 0px !important;padding-bottom: 0px !important;}\u00a0\u00bb el_class=\u00a0\u00bbmodel\u00a0\u00bb]<\/p>\n<h4 style=\"text-align: center;\">S\u00c9RIE BFP 1-2-3 brides<\/h4>\n<p>[\/vc_column_text][vc_column_text css=\u00a0\u00bb.vc_custom_1496655544106{padding-top: 0px !important;}\u00a0\u00bb]<\/p>\n<p class=\"vp\" style=\"text-align: center;\"><span style=\"color: #7a7a7a;\">\u00c9MAILL\u00c9<\/span><\/p>\n<p>[\/vc_column_text][\/vc_column][vc_column width=\u00a0\u00bb1\/2&Prime;]<div class=\"grve-element grve-image grve-align-center\" style=\"\"><a href=\"https:\/\/www.coterm.it\/fr\/ballon-de-stockage-eau-chaude-sanitaire\/serie-kombi\/\" target=\"_self\"><img loading=\"lazy\" decoding=\"async\" width=\"1095\" height=\"600\" src=\"https:\/\/www.coterm.it\/wp-content\/uploads\/2017\/05\/serbatoi_KOMBI_vetroporcellanati_Nuova_Coterm_Italy-1.jpg\" class=\"attachment-full size-full\" alt=\"Bollitori-boilers KOMBI - con 0 - 1 - 2 serpentine\" srcset=\"https:\/\/www.coterm.it\/wp-content\/uploads\/2017\/05\/serbatoi_KOMBI_vetroporcellanati_Nuova_Coterm_Italy-1.jpg 1095w, https:\/\/www.coterm.it\/wp-content\/uploads\/2017\/05\/serbatoi_KOMBI_vetroporcellanati_Nuova_Coterm_Italy-1-300x164.jpg 300w, https:\/\/www.coterm.it\/wp-content\/uploads\/2017\/05\/serbatoi_KOMBI_vetroporcellanati_Nuova_Coterm_Italy-1-768x421.jpg 768w, https:\/\/www.coterm.it\/wp-content\/uploads\/2017\/05\/serbatoi_KOMBI_vetroporcellanati_Nuova_Coterm_Italy-1-1024x561.jpg 1024w\" sizes=\"auto, (max-width: 1095px) 100vw, 1095px\" \/><\/a><\/div>[vc_column_text css=\u00a0\u00bb.vc_custom_1739443798102{margin-bottom: 0px !important;padding-top: 0px !important;padding-bottom: 0px !important;}\u00a0\u00bb el_class=\u00a0\u00bbmodel\u00a0\u00bb]<\/p>\n<h4 style=\"text-align: center;\">S\u00c9RIE KOMBI 0-1-2 serpentins<\/h4>\n<p>[\/vc_column_text][vc_column_text css=\u00a0\u00bb.vc_custom_1496655544106{padding-top: 0px !important;}\u00a0\u00bb]<\/p>\n<p class=\"vp\" style=\"text-align: center;\"><span style=\"color: #7a7a7a;\">\u00c9MAILL\u00c9<\/span><\/p>\n<p>[\/vc_column_text][\/vc_column][\/vc_row][vc_row mobile_visibility=\u00a0\u00bbhide\u00a0\u00bb][vc_column][vc_empty_space height=\u00a0\u00bb4%\u00a0\u00bb][\/vc_column][\/vc_row][vc_row][vc_column width=\u00a0\u00bb1\/2&Prime;]<div class=\"grve-element grve-image grve-align-center\" style=\"\"><a href=\"https:\/\/www.coterm.it\/fr\/ballon-de-stockage-eau-chaude-sanitaire\/serie-wwm\/\" target=\"_self\"><img loading=\"lazy\" decoding=\"async\" width=\"1095\" height=\"600\" src=\"https:\/\/www.coterm.it\/wp-content\/uploads\/2017\/05\/serbatoi_WWM_vetroporcellanati_Nuova_Coterm_Italy.jpg\" class=\"attachment-full size-full\" alt=\"Bollitori-boilers WWM - con 1 serpentina\" srcset=\"https:\/\/www.coterm.it\/wp-content\/uploads\/2017\/05\/serbatoi_WWM_vetroporcellanati_Nuova_Coterm_Italy.jpg 1095w, https:\/\/www.coterm.it\/wp-content\/uploads\/2017\/05\/serbatoi_WWM_vetroporcellanati_Nuova_Coterm_Italy-300x164.jpg 300w, https:\/\/www.coterm.it\/wp-content\/uploads\/2017\/05\/serbatoi_WWM_vetroporcellanati_Nuova_Coterm_Italy-768x421.jpg 768w, https:\/\/www.coterm.it\/wp-content\/uploads\/2017\/05\/serbatoi_WWM_vetroporcellanati_Nuova_Coterm_Italy-1024x561.jpg 1024w\" sizes=\"auto, (max-width: 1095px) 100vw, 1095px\" \/><\/a><\/div>[vc_column_text css=\u00a0\u00bb.vc_custom_1739443842908{margin-bottom: 0px !important;padding-top: 0px !important;padding-bottom: 0px !important;}\u00a0\u00bb el_class=\u00a0\u00bbmodel\u00a0\u00bb]<\/p>\n<h4 style=\"text-align: center;\">WWM 1 serpentin<\/h4>\n<p>[\/vc_column_text][vc_column_text css=\u00a0\u00bb.vc_custom_1496655544106{padding-top: 0px !important;}\u00a0\u00bb]<\/p>\n<p class=\"vp\" style=\"text-align: center;\"><span style=\"color: #7a7a7a;\">\u00c9MAILL\u00c9<\/span><\/p>\n<p>[\/vc_column_text][\/vc_column][vc_column width=\u00a0\u00bb1\/2&Prime; el_class=\u00a0\u00bbmarginmod\u00a0\u00bb]<div class=\"grve-element grve-image grve-align-center\" style=\"\"><a href=\"https:\/\/www.coterm.it\/fr\/ballon-de-stockage-eau-chaude-sanitaire\/serie-spo\/\" target=\"_self\"><img loading=\"lazy\" decoding=\"async\" width=\"1095\" height=\"600\" src=\"https:\/\/www.coterm.it\/wp-content\/uploads\/2017\/05\/serbatoi_SPO_vetroporcellanati_Nuova_Coterm_Italy-2.jpg\" class=\"attachment-full size-full\" alt=\"Bollitori-boilers SPO - con 1 serpentina\" srcset=\"https:\/\/www.coterm.it\/wp-content\/uploads\/2017\/05\/serbatoi_SPO_vetroporcellanati_Nuova_Coterm_Italy-2.jpg 1095w, https:\/\/www.coterm.it\/wp-content\/uploads\/2017\/05\/serbatoi_SPO_vetroporcellanati_Nuova_Coterm_Italy-2-300x164.jpg 300w, https:\/\/www.coterm.it\/wp-content\/uploads\/2017\/05\/serbatoi_SPO_vetroporcellanati_Nuova_Coterm_Italy-2-768x421.jpg 768w, https:\/\/www.coterm.it\/wp-content\/uploads\/2017\/05\/serbatoi_SPO_vetroporcellanati_Nuova_Coterm_Italy-2-1024x561.jpg 1024w\" sizes=\"auto, (max-width: 1095px) 100vw, 1095px\" \/><\/a><\/div>[vc_column_text css=\u00a0\u00bb.vc_custom_1739524760996{margin-bottom: 0px !important;padding-top: 0px !important;padding-bottom: 0px !important;}\u00a0\u00bb el_class=\u00a0\u00bbmodel\u00a0\u00bb]<\/p>\n<h4 style=\"text-align: center;\">SPO 1 serpentin<\/h4>\n<p>[\/vc_column_text][vc_column_text css=\u00a0\u00bb.vc_custom_1496655544106{padding-top: 0px !important;}\u00a0\u00bb]<\/p>\n<p class=\"vp\" style=\"text-align: center;\"><span style=\"color: #7a7a7a;\">\u00c9MAILL\u00c9<\/span><\/p>\n<p>[\/vc_column_text][\/vc_column][\/vc_row][vc_row mobile_visibility=\u00a0\u00bbhide\u00a0\u00bb][vc_column][vc_empty_space height=\u00a0\u00bb4%\u00a0\u00bb][\/vc_column][\/vc_row][vc_row][vc_column width=\u00a0\u00bb1\/2&Prime;]<div class=\"grve-element grve-image grve-align-center\" style=\"\"><a href=\"https:\/\/www.coterm.it\/fr\/ballon-de-stockage-eau-chaude-sanitaire\/serie-bslo\/\" target=\"_self\"><img loading=\"lazy\" decoding=\"async\" width=\"1095\" height=\"400\" src=\"https:\/\/www.coterm.it\/wp-content\/uploads\/2017\/05\/serbatoi_BSLO_vetroporcellanati_Nuova_Coterm_Italy.jpg\" class=\"attachment-full size-full\" alt=\"Bollitori-boilers BSLO - con 0 - 1 - 2 serpentine per solare termico\" srcset=\"https:\/\/www.coterm.it\/wp-content\/uploads\/2017\/05\/serbatoi_BSLO_vetroporcellanati_Nuova_Coterm_Italy.jpg 1095w, https:\/\/www.coterm.it\/wp-content\/uploads\/2017\/05\/serbatoi_BSLO_vetroporcellanati_Nuova_Coterm_Italy-300x110.jpg 300w, https:\/\/www.coterm.it\/wp-content\/uploads\/2017\/05\/serbatoi_BSLO_vetroporcellanati_Nuova_Coterm_Italy-768x281.jpg 768w, https:\/\/www.coterm.it\/wp-content\/uploads\/2017\/05\/serbatoi_BSLO_vetroporcellanati_Nuova_Coterm_Italy-1024x374.jpg 1024w\" sizes=\"auto, (max-width: 1095px) 100vw, 1095px\" \/><\/a><\/div>[vc_column_text css=\u00a0\u00bb.vc_custom_1739443898050{margin-bottom: 0px !important;padding-top: 0px !important;padding-bottom: 0px !important;}\u00a0\u00bb el_class=\u00a0\u00bbmodel\u00a0\u00bb]<\/p>\n<h4 style=\"text-align: center;\">BSLO solaire thermique<\/h4>\n<p>[\/vc_column_text][vc_column_text css=\u00a0\u00bb.vc_custom_1496655544106{padding-top: 0px !important;}\u00a0\u00bb]<\/p>\n<p class=\"vp\" style=\"text-align: center;\"><span style=\"color: #7a7a7a;\">\u00c9MAILL\u00c9<\/span><\/p>\n<p>[\/vc_column_text][\/vc_column][vc_column width=\u00a0\u00bb1\/2&Prime;]<div class=\"grve-element grve-image grve-align-center\" style=\"\"><a href=\"https:\/\/www.coterm.it\/fr\/ballon-de-stockage-eau-chaude-sanitaire\/serie-bslc\/\" target=\"_self\"><img loading=\"lazy\" decoding=\"async\" width=\"1095\" height=\"400\" src=\"https:\/\/www.coterm.it\/wp-content\/uploads\/2017\/05\/serbatoi_BSLC_vetroporcellanati_Nuova_Coterm_Italy.jpg\" class=\"attachment-full size-full\" alt=\"Bollitori-boilers BSLC - con 0 - 1 - 2 serpentine per solare termico\" srcset=\"https:\/\/www.coterm.it\/wp-content\/uploads\/2017\/05\/serbatoi_BSLC_vetroporcellanati_Nuova_Coterm_Italy.jpg 1095w, https:\/\/www.coterm.it\/wp-content\/uploads\/2017\/05\/serbatoi_BSLC_vetroporcellanati_Nuova_Coterm_Italy-300x110.jpg 300w, https:\/\/www.coterm.it\/wp-content\/uploads\/2017\/05\/serbatoi_BSLC_vetroporcellanati_Nuova_Coterm_Italy-768x281.jpg 768w, https:\/\/www.coterm.it\/wp-content\/uploads\/2017\/05\/serbatoi_BSLC_vetroporcellanati_Nuova_Coterm_Italy-1024x374.jpg 1024w\" sizes=\"auto, (max-width: 1095px) 100vw, 1095px\" \/><\/a><\/div>[vc_column_text css=\u00a0\u00bb.vc_custom_1739443915541{margin-bottom: 0px !important;padding-top: 0px !important;padding-bottom: 0px !important;}\u00a0\u00bb el_class=\u00a0\u00bbmodel\u00a0\u00bb]<\/p>\n<h4 style=\"text-align: center;\">BSLC solaire thermique<\/h4>\n<p>[\/vc_column_text][vc_column_text css=\u00a0\u00bb.vc_custom_1496655544106{padding-top: 0px !important;}\u00a0\u00bb]<\/p>\n<p class=\"vp\" style=\"text-align: center;\"><span style=\"color: #7a7a7a;\">\u00c9MAILL\u00c9<\/span><\/p>\n<p>[\/vc_column_text][\/vc_column][\/vc_row][vc_row bg_type=\u00a0\u00bbcolor\u00a0\u00bb bg_color=\u00a0\u00bb#b8cae3&Prime; padding_bottom=\u00a0\u00bb20&Prime; margin_bottom=\u00a0\u00bb0px\u00a0\u00bb][vc_column css=\u00a0\u00bb.vc_custom_1491646838287{padding-top: 30px !important;padding-bottom: 20px !important;background-position: center !important;background-repeat: no-repeat !important;background-size: cover !important;}\u00a0\u00bb]<div class=\"grve-element grve-image grve-animated-item grve-fadeInUp iconheadres grve-align-center\" style=\"\" data-delay=\"200\"><img loading=\"lazy\" decoding=\"async\" width=\"145\" height=\"85\" src=\"https:\/\/www.coterm.it\/wp-content\/uploads\/2017\/05\/acqua-calda-sanitaria.png\" class=\"attachment-medium size-medium\" alt=\"\" \/><\/div><h1 class=\"grve-element grve-align-center grve-title-no-line grve-h1 whi\" style=\"\"><span>BALLON DE STOCKAGE <strong>EAU CHAUDE SANITAIRE<\/strong><\/span><\/h1>[vc_column_text]<\/p>\n<h5 style=\"text-align: center;\"><span style=\"color: #ffffff;\">Remplissez le formulaire ci-dessous pour recevoir par e-mail les fiches techniques des ballons. Merci. <\/span><\/h5>\n<p>[\/vc_column_text]\n<div class=\"wpcf7 no-js\" id=\"wpcf7-f8338-o1\" lang=\"fr-FR\" dir=\"ltr\" data-wpcf7-id=\"8338\">\n<div class=\"screen-reader-response\"><p role=\"status\" aria-live=\"polite\" aria-atomic=\"true\"><\/p> <ul><\/ul><\/div>\n<form action=\"\/fr\/wp-json\/wp\/v2\/pages\/8213#wpcf7-f8338-o1\" method=\"post\" class=\"wpcf7-form init\" aria-label=\"Formulaire de contact\" novalidate=\"novalidate\" data-status=\"init\">\n<fieldset class=\"hidden-fields-container\"><input type=\"hidden\" name=\"_wpcf7\" value=\"8338\" \/><input type=\"hidden\" name=\"_wpcf7_version\" value=\"6.1.5\" \/><input type=\"hidden\" name=\"_wpcf7_locale\" value=\"fr_FR\" \/><input type=\"hidden\" name=\"_wpcf7_unit_tag\" value=\"wpcf7-f8338-o1\" \/><input type=\"hidden\" name=\"_wpcf7_container_post\" value=\"0\" \/><input type=\"hidden\" name=\"_wpcf7_posted_data_hash\" value=\"\" \/><input type=\"hidden\" name=\"_wpcf7dtx_version\" value=\"5.0.5\" \/><input type=\"hidden\" name=\"_wpcf7_recaptcha_response\" value=\"\" \/>\n<\/fieldset>\n<p class=\"grve-with-icon cf-gri\"><i class=\"fa fa-user\"><\/i><span class=\"wpcf7-form-control-wrap\" data-name=\"your-name\"><input size=\"40\" maxlength=\"400\" class=\"wpcf7-form-control wpcf7-text wpcf7-validates-as-required\" aria-required=\"true\" aria-invalid=\"false\" placeholder=\"Nom de l&#039;entreprise ou du dirigeant\" value=\"\" type=\"text\" name=\"your-name\" \/><\/span>\n<\/p>\n<p class=\"cf-gri grve-with-icon\"><i class=\"fa fa-envelope\"><\/i><span class=\"wpcf7-form-control-wrap\" data-name=\"your-email\"><input size=\"40\" maxlength=\"400\" class=\"wpcf7-form-control wpcf7-email wpcf7-validates-as-required wpcf7-text wpcf7-validates-as-email\" aria-required=\"true\" aria-invalid=\"false\" placeholder=\"Adresse email\" value=\"\" type=\"email\" name=\"your-email\" \/><\/span>\n<\/p>\n<p class=\"cf-gri grve-with-icon\"><i class=\"fa fa-phone\"><\/i><span class=\"wpcf7-form-control-wrap\" data-name=\"your-tel\"><input size=\"40\" maxlength=\"400\" class=\"wpcf7-form-control wpcf7-tel wpcf7-validates-as-required wpcf7-text wpcf7-validates-as-tel\" aria-required=\"true\" aria-invalid=\"false\" placeholder=\"Num\u00e9ro de t\u00e9l\u00e9phone\" value=\"\" type=\"tel\" name=\"your-tel\" \/><\/span>\n<\/p>\n<p class=\"cf-gri grve-with-icon\"><span class=\"wpcf7-form-control-wrap\" data-name=\"your-message\"><textarea cols=\"40\" rows=\"10\" maxlength=\"2000\" class=\"wpcf7-form-control wpcf7-textarea test-class\" aria-invalid=\"false\" placeholder=\"Toutes demandes\" name=\"your-message\"><\/textarea><\/span>\n<\/p>\n\n<!-- CF7 Modules -->\n<div style='display:none;'><input type=\"hidden\" class=\"wpcf7-form-control wpcf7-hidden\" name=\"hidden-title\" placeholder=\"\" value=\"BALLON DE STOCKAGE EAU CHAUDE SANITAIRE\" \/><input type=\"hidden\" class=\"wpcf7-form-control wpcf7-hidden\" name=\"hidden-productname\" placeholder=\"\" value=\"BOLLITORI-Serie-ACQUA-CALDA-SANITARIA-La-Nuova-Coterm\" \/><input type=\"hidden\" class=\"wpcf7-form-control wpcf7-hidden\" name=\"hidden-form-type\" placeholder=\"\" value=\"brochure\" \/>\n<\/div>\n<!-- End CF7 Modules -->\n\n<p><span class=\"wpcf7-form-control-wrap\" data-name=\"acceptance-658\"><span class=\"wpcf7-form-control wpcf7-acceptance\"><span class=\"wpcf7-list-item\"><label><input type=\"checkbox\" name=\"acceptance-658\" value=\"1\" aria-invalid=\"false\" \/><span class=\"wpcf7-list-item-label\">J'accepte votre <a class=\"white-txt\" href=\"\/fr\/politique-de-confidentialite-la-nuova-coterm\/\">Politique de confidentialit\u00e9<\/a><\/span><\/label><\/span><\/span><\/span>\n<\/p>\n<p class=\"grve-align-center\"><input class=\"wpcf7-form-control wpcf7-submit has-spinner\" type=\"submit\" value=\"Envoyer\" \/>\n<\/p><div class=\"wpcf7-response-output\" aria-hidden=\"true\"><\/div>\n<\/form>\n<\/div>\n[\/vc_column][\/vc_row][vc_row flex_height=\u00a0\u00bbyes\u00a0\u00bb middle_content=\u00a0\u00bbyes\u00a0\u00bb bg_type=\u00a0\u00bbimage\u00a0\u00bb bg_image=\u00a0\u00bb2092&Prime; margin_bottom=\u00a0\u00bb0&Prime;][vc_column css=\u00a0\u00bb.vc_custom_1495002674875{padding-top: 6% !important;padding-bottom: 6% !important;}\u00a0\u00bb][vc_column_text animation=\u00a0\u00bbfadeInLeft\u00a0\u00bb css=\u00a0\u00bb.vc_custom_1495003382284{padding-bottom: 2% !important;}\u00a0\u00bb]<\/p>\n<h2 style=\"text-align: right; line-height: 0.8em; font-weight: 600; font-size: 44px; color: #ffffff;\">PRODUITS CERTIFI\u00c9S<\/h2>\n<h2 style=\"text-align: right; line-height: 0.8em; font-weight: 300; font-size: 44px; color: #ffffff;\">conform\u00e9ment \u00e0 la loi<\/h2>\n<p>[\/vc_column_text]<div class=\"grve-element grve-align-right\"><a class=\"grve-btn grve-btn-small grve-square grve-white-color grve-btn-line\" href=\"https:\/\/www.coterm.it\/fr\/certifications\/\" target=\"_self\" style=\"\"><span>LIRE LES CERTIFICATIONS<\/span><\/a><\/div>[\/vc_column][\/vc_row][vc_row heading_color=\u00a0\u00bbprimary-1&Prime; section_type=\u00a0\u00bbfullwidth-element\u00a0\u00bb bg_type=\u00a0\u00bbcolor\u00a0\u00bb mobile_visibility=\u00a0\u00bbhide\u00a0\u00bb font_color=\u00a0\u00bb#ffffff\u00a0\u00bb padding_top=\u00a0\u00bb0px\u00a0\u00bb padding_bottom=\u00a0\u00bb0px\u00a0\u00bb margin_bottom=\u00a0\u00bb0px\u00a0\u00bb][vc_column width=\u00a0\u00bb1\/3&Prime; css=\u00a0\u00bb.vc_custom_1483390365752{padding-bottom: 10px !important;background-color: #81d742 !important;}\u00a0\u00bb][\/vc_column][vc_column width=\u00a0\u00bb1\/3&Prime; css=\u00a0\u00bb.vc_custom_1483390373469{padding-bottom: 10px !important;background-color: #ffffff !important;}\u00a0\u00bb][\/vc_column][vc_column width=\u00a0\u00bb1\/3&Prime; css=\u00a0\u00bb.vc_custom_1483390381595{padding-bottom: 10px !important;background-color: #dd3333 !important;}\u00a0\u00bb][\/vc_column][\/vc_row][vc_row flex_height=\u00a0\u00bbyes\u00a0\u00bb middle_content=\u00a0\u00bbyes\u00a0\u00bb bg_type=\u00a0\u00bbcolor\u00a0\u00bb footer_feature=\u00a0\u00bbyes\u00a0\u00bb bg_color=\u00a0\u00bb#000000&Prime;][vc_column css=\u00a0\u00bb.vc_custom_1491334203015{padding-top: 45px !important;padding-bottom: 40px !important;}\u00a0\u00bb]<div class=\"grve-element grve-image grve-align-center\" style=\"margin-bottom: 20px;\"><img loading=\"lazy\" decoding=\"async\" width=\"168\" height=\"70\" src=\"https:\/\/www.coterm.it\/wp-content\/uploads\/2017\/04\/nuova-coterm-logo.png\" class=\"attachment-full size-full\" alt=\"Nuova Coterm - logo\" \/><\/div>[vc_column_text css=\u00a0\u00bb.vc_custom_1491340956492{margin-bottom: 0px !important;border-bottom-width: 0px !important;padding-bottom: 0px !important;}\u00a0\u00bb]<\/p>\n<h6 style=\"text-align: center;\"><span style=\"color: #ffffff;\">LA NUOVA COTERM Srl &#8211; Via Levata, 10 Seriate (BERGAMO) &#8211; 24068 &#8211; P.IVA 02594820165<\/span><br \/>\n<span style=\"color: #ffffff;\">Tel +39 035 290665 &#8211; Fax +39 035 301843 &#8211; info@coterm.it<\/span><\/h6>\n<p style=\"text-align: center;\"><span style=\"color: #ffffff;\">PRIVACY POLICY &#8211; TUTTI I DIRITTI RISERVATI<\/span><\/p>\n<p>[\/vc_column_text][\/vc_column][\/vc_row]<\/p>\n","protected":false},"excerpt":{"rendered":"<p>[vc_row bg_type=\u00a0\u00bbcolor\u00a0\u00bb header_feature=\u00a0\u00bbyes\u00a0\u00bb bg_color=\u00a0\u00bb#b8cae3&Prime;][vc_column css=\u00a0\u00bb.vc_custom_1491646838287{padding-top: 30px !important;padding-bottom: 20px !important;background-position: center !important;background-repeat: no-repeat !important;background-size: cover !important;}\u00a0\u00bb][\/vc_column][\/vc_row][vc_row][vc_column width=\u00a0\u00bb1\/2&Prime;][vc_column_text css=\u00a0\u00bb.vc_custom_1739443572571{margin-bottom: 0px !important;padding-top: 0px !important;padding-bottom: 0px !important;}\u00a0\u00bb el_class=\u00a0\u00bbmodel\u00a0\u00bb] S\u00c9RIE SP 1 serpentin [\/vc_column_text][vc_column_text css=\u00a0\u00bb.vc_custom_1496655544106{padding-top: 0px !important;}\u00a0\u00bb] \u00c9MAILL\u00c9 [\/vc_column_text][\/vc_column][vc_column width=\u00a0\u00bb1\/2&Prime;][vc_column_text css=\u00a0\u00bb.vc_custom_1495102760402{margin-bottom: 0px !important;padding-top: 0px !important;padding-bottom: 0px !important;}\u00a0\u00bb el_class=\u00a0\u00bbmodel\u00a0\u00bb] S\u00c9RIE SPS 2 serpentins [\/vc_column_text][vc_column_text css=\u00a0\u00bb.vc_custom_1496655544106{padding-top: 0px !important;}\u00a0\u00bb] \u00c9MAILL\u00c9 [\/vc_column_text][\/vc_column][\/vc_row][vc_row mobile_visibility=\u00a0\u00bbhide\u00a0\u00bb][vc_column][vc_empty_space height=\u00a0\u00bb4%\u00a0\u00bb][\/vc_column][\/vc_row][vc_row][vc_column [&hellip;]<\/p>\n","protected":false},"author":2,"featured_media":0,"parent":0,"menu_order":0,"comment_status":"closed","ping_status":"closed","template":"","meta":{"footnotes":""},"class_list":["post-8213","page","type-page","status-publish","hentry"],"aioseo_notices":[],"_links":{"self":[{"href":"https:\/\/www.coterm.it\/fr\/wp-json\/wp\/v2\/pages\/8213","targetHints":{"allow":["GET"]}}],"collection":[{"href":"https:\/\/www.coterm.it\/fr\/wp-json\/wp\/v2\/pages"}],"about":[{"href":"https:\/\/www.coterm.it\/fr\/wp-json\/wp\/v2\/types\/page"}],"author":[{"embeddable":true,"href":"https:\/\/www.coterm.it\/fr\/wp-json\/wp\/v2\/users\/2"}],"replies":[{"embeddable":true,"href":"https:\/\/www.coterm.it\/fr\/wp-json\/wp\/v2\/comments?post=8213"}],"version-history":[{"count":13,"href":"https:\/\/www.coterm.it\/fr\/wp-json\/wp\/v2\/pages\/8213\/revisions"}],"predecessor-version":[{"id":9150,"href":"https:\/\/www.coterm.it\/fr\/wp-json\/wp\/v2\/pages\/8213\/revisions\/9150"}],"wp:attachment":[{"href":"https:\/\/www.coterm.it\/fr\/wp-json\/wp\/v2\/media?parent=8213"}],"curies":[{"name":"wp","href":"https:\/\/api.w.org\/{rel}","templated":true}]}}