{"id":2342,"date":"2017-05-12T13:39:22","date_gmt":"2017-05-12T11:39:22","guid":{"rendered":"https:\/\/www.coterm.it\/?page_id=2342"},"modified":"2025-09-22T18:30:21","modified_gmt":"2025-09-22T16:30:21","slug":"certificazioni-2","status":"publish","type":"page","link":"https:\/\/www.coterm.it\/it\/certificazioni-2\/","title":{"rendered":"Certificazioni"},"content":{"rendered":"<p>[vc_row middle_content=&#8221;yes&#8221; bg_type=&#8221;color&#8221; header_feature=&#8221;yes&#8221; bg_color=&#8221;#41547b&#8221; padding_bottom=&#8221;0&#8243; margin_bottom=&#8221;0&#8243;][vc_column css=&#8221;.vc_custom_1492462168149{padding-top: 50px !important;padding-bottom: 40px !important;background-position: center !important;background-repeat: no-repeat !important;background-size: cover !important;}&#8221;]<h1 class=\"grve-element grve-align-center grve-title-no-line grve-h1 whi\" style=\"\"><span>Tutta la gamma \u00e8 certificata in ogni componente.<\/span><\/h1>[\/vc_column][\/vc_row][vc_row bg_type=&#8221;image&#8221; bg_image=&#8221;2168&#8243; padding_bottom=&#8221;0px&#8221; margin_bottom=&#8221;0px&#8221;][vc_column][vc_empty_space height=&#8221;500px&#8221;][\/vc_column][\/vc_row][vc_row bg_type=&#8221;color&#8221; padding_top=&#8221;0&#8243; padding_bottom=&#8221;0&#8243; margin_bottom=&#8221;0px&#8221; bg_color=&#8221;#e8e8e8&#8243;][vc_column css=&#8221;.vc_custom_1494836836127{padding-top: 3% !important;padding-bottom: 3% !important;}&#8221;]<div class=\"grve-element grve-slogan grve-align-center\" style=\"margin-bottom: 2%;\"><h2 class=\"grve-slogan-title grve-align-center grve-title-line\"><span>Pi\u00f9 di 40 anni guidati dalla passione.<\/span><\/h2>  <p class=\"\">Da pi\u00f9 di 40 anni presente sul mercato, La Nuova Coterm \u00e8 guidata dal suo fondatore con esperienza pluridecennale coadiuvato da personale specializzato. Il lavoro artigianale svolto in azienda risponde ogni giorno ai seguenti obiettivi: seriet\u00e0, passione e attenzione per i dettagli. Reattivit\u00e0 ed elasticit\u00e0 per offrire un servizio in tempi brevissimi soprattutto nel caso di richieste da parte di clienti e installatori che si trovano nella condizione di installare o sostituire apparecchi usurati, problematici ed obsoleti. La Nuova Coterm da sempre ha creato rapporti di fiducia grazie al contatto immediato con il cliente al fine di fornire risposte chiare ed efficaci. Semplicit\u00e0 nella costruzione e nell\u2019assemblaggio facilitano i pochi interventi di manutenzione periodica.<\/p><\/div><div class=\"grve-element grve-slogan grve-align-center\" style=\"margin-bottom: 2%;\"><h2 class=\"grve-slogan-title grve-align-center grve-title-line\"><span>Le nuove tecnologie per scaldacqua in Classe A.<\/span><\/h2>  <p class=\"\">Attenzione per l\u2019ambiente, ricerca di soluzioni innovative che consentano di immettere sul mercato scaldacqua meno inquinanti, rispettando le regole europee e internazionali. Oltre allo scaldacqua ONDA CP a condensazione, gi\u00e0 in vendita, stiamo testando apparecchi a camera aperta in grado di rientrare nei canoni della direttiva 2009\/125\/CE del 21 ottobre 2009, che venderemo nei prossimi mesi.<\/p><\/div><div class=\"grve-element grve-slogan grve-align-center\" style=\"\"><h2 class=\"grve-slogan-title grve-align-center grve-title-line\"><span>Tutti i modelli sono certificati IMQ.<\/span><\/h2>  <p class=\"\">Per seguire le regole e dare tranquillit\u00e0 ai clienti tutti gli scaldacqua sono certificati da un Ente apposito che con scadenza annuale riconvalida la qualit\u00e0 costruttiva e dei componenti. I componenti sia di fabbricazione italiana che internazionale sono conosciuti in diversi settori di applicazione industriale e sono a loro volta certificati.<\/p><\/div>[\/vc_column][\/vc_row][vc_row flex_height=&#8221;yes&#8221; middle_content=&#8221;yes&#8221; bg_type=&#8221;color&#8221; footer_feature=&#8221;yes&#8221; bg_color=&#8221;#cecece&#8221;][vc_column css=&#8221;.vc_custom_1491334203015{padding-top: 45px !important;padding-bottom: 40px !important;}&#8221;][vc_column_text]<\/p>\n<p style=\"text-align: center;\"><span style=\"color: #000000;\">Per informazioni chiamate i nostri uffici Tel. 035 290665 oppure compilate il form sottostante.<\/span><\/p>\n<p>[\/vc_column_text]\n<div class=\"wpcf7 no-js\" id=\"wpcf7-f8336-o1\" lang=\"it-IT\" dir=\"ltr\" data-wpcf7-id=\"8336\">\n<div class=\"screen-reader-response\"><p role=\"status\" aria-live=\"polite\" aria-atomic=\"true\"><\/p> <ul><\/ul><\/div>\n<form action=\"\/it\/wp-json\/wp\/v2\/pages\/2342#wpcf7-f8336-o1\" method=\"post\" class=\"wpcf7-form init\" aria-label=\"Modulo di contatto\" novalidate=\"novalidate\" data-status=\"init\">\n<fieldset class=\"hidden-fields-container\"><input type=\"hidden\" name=\"_wpcf7\" value=\"8336\" \/><input type=\"hidden\" name=\"_wpcf7_version\" value=\"6.1.5\" \/><input type=\"hidden\" name=\"_wpcf7_locale\" value=\"it_IT\" \/><input type=\"hidden\" name=\"_wpcf7_unit_tag\" value=\"wpcf7-f8336-o1\" \/><input type=\"hidden\" name=\"_wpcf7_container_post\" value=\"0\" \/><input type=\"hidden\" name=\"_wpcf7_posted_data_hash\" value=\"\" \/><input type=\"hidden\" name=\"_wpcf7dtx_version\" value=\"5.0.5\" \/><input type=\"hidden\" name=\"_wpcf7_recaptcha_response\" value=\"\" \/>\n<\/fieldset>\n<p class=\"grve-one-half grve-with-icon\"><i class=\"fa fa-user\"><\/i><span class=\"wpcf7-form-control-wrap\" data-name=\"your-name\"><input size=\"40\" maxlength=\"400\" class=\"wpcf7-form-control wpcf7-text wpcf7-validates-as-required\" aria-required=\"true\" aria-invalid=\"false\" placeholder=\"Azienda o nome del responsabile\" value=\"\" type=\"text\" name=\"your-name\" \/><\/span>\n<\/p>\n<p class=\"grve-one-half grve-last-column grve-with-icon\"><i class=\"fa fa-pencil\"><\/i><span class=\"wpcf7-form-control-wrap\" data-name=\"your-subject\"><input size=\"40\" maxlength=\"400\" class=\"wpcf7-form-control wpcf7-text wpcf7-validates-as-required\" aria-required=\"true\" aria-invalid=\"false\" placeholder=\"Oggetto\" value=\"\" type=\"text\" name=\"your-subject\" \/><\/span>\n<\/p>\n<p class=\"grve-one-half grve-with-icon\"><i class=\"fa fa-envelope\"><\/i><span class=\"wpcf7-form-control-wrap\" data-name=\"your-email\"><input size=\"40\" maxlength=\"400\" class=\"wpcf7-form-control wpcf7-email wpcf7-validates-as-required wpcf7-text wpcf7-validates-as-email\" aria-required=\"true\" aria-invalid=\"false\" placeholder=\"Indirizzo email\" value=\"\" type=\"email\" name=\"your-email\" \/><\/span>\n<\/p>\n<p class=\"grve-one-half grve-last-column grve-with-icon\"><i class=\"fa fa-phone\"><\/i><span class=\"wpcf7-form-control-wrap\" data-name=\"your-tel\"><input size=\"40\" maxlength=\"400\" class=\"wpcf7-form-control wpcf7-tel wpcf7-validates-as-required wpcf7-text wpcf7-validates-as-tel\" aria-required=\"true\" aria-invalid=\"false\" placeholder=\"Numero di telefono\" value=\"\" type=\"tel\" name=\"your-tel\" \/><\/span>\n<\/p>\n\n<!-- CF7 Modules -->\n<div style='display:none;'><input type=\"hidden\" class=\"wpcf7-form-control wpcf7-hidden\" name=\"hidden-form-type\" placeholder=\"\" value=\"contatto\" \/><input type=\"hidden\" class=\"wpcf7-form-control wpcf7-hidden\" name=\"hidden-title\" placeholder=\"\" value=\"Certificazioni\" \/>\n<\/div>\n<!-- End CF7 Modules -->\n\n<p><span class=\"wpcf7-form-control-wrap\" data-name=\"your-message\"><textarea cols=\"40\" rows=\"10\" maxlength=\"2000\" class=\"wpcf7-form-control wpcf7-textarea\" aria-invalid=\"false\" placeholder=\"Il tuo messaggio\" name=\"your-message\"><\/textarea><\/span><br \/>\n<span class=\"wpcf7-form-control-wrap\" data-name=\"acceptance-518\"><span class=\"wpcf7-form-control wpcf7-acceptance\"><span class=\"wpcf7-list-item\"><label><input type=\"checkbox\" name=\"acceptance-518\" value=\"1\" aria-invalid=\"false\" \/><span class=\"wpcf7-list-item-label\">Con la seguente dichiaro di aver visionato la <a class=\"white-txt\" href=\"\/it\/informativa-sulla-privacy-la-nuova-coterm\">Privacy Policy<\/a> del sito.<\/span><\/label><\/span><\/span><\/span>\n<\/p>\n<p class=\"grve-align-center\"><input class=\"wpcf7-form-control wpcf7-submit has-spinner\" type=\"submit\" value=\"Invia\" \/>\n<\/p><div class=\"wpcf7-response-output\" aria-hidden=\"true\"><\/div>\n<\/form>\n<\/div>\n[\/vc_column][\/vc_row][vc_row heading_color=&#8221;primary-1&#8243; section_type=&#8221;fullwidth-element&#8221; bg_type=&#8221;color&#8221; mobile_visibility=&#8221;hide&#8221; font_color=&#8221;#ffffff&#8221; padding_top=&#8221;0px&#8221; padding_bottom=&#8221;0px&#8221; margin_bottom=&#8221;0px&#8221;][vc_column width=&#8221;1\/3&#8243; css=&#8221;.vc_custom_1495537823255{padding-bottom: 7px !important;background-color: #81d742 !important;}&#8221;][\/vc_column][vc_column width=&#8221;1\/3&#8243; css=&#8221;.vc_custom_1495537834374{padding-bottom: 7px !important;background-color: #ffffff !important;}&#8221;][\/vc_column][vc_column width=&#8221;1\/3&#8243; css=&#8221;.vc_custom_1495537845903{padding-bottom: 7px !important;background-color: #dd3333 !important;}&#8221;][\/vc_column][\/vc_row][vc_row heading_color=&#8221;primary-1&#8243; section_type=&#8221;fullwidth-element&#8221; desktop_visibility=&#8221;hide&#8221; tablet_visibility=&#8221;hide&#8221; tablet_sm_visibility=&#8221;hide&#8221; font_color=&#8221;#ffffff&#8221; section_id=&#8221;spazio&#8221; margin_bottom=&#8221;0px&#8221; padding_top=&#8221;0&#8243; padding_bottom=&#8221;0px&#8221;][vc_column css=&#8221;.vc_custom_1483395759668{margin-top: 0px !important;margin-bottom: 0px !important;border-top-width: 0px !important;border-bottom-width: 0px !important;padding-top: 0px !important;padding-bottom: 0px !important;background-position: center !important;background-repeat: no-repeat !important;background-size: cover !important;}&#8221;][vc_empty_space height=&#8221;5px&#8221; css=&#8221;.vc_custom_1495537346427{margin-top: 0px !important;margin-bottom: 0px !important;border-top-width: 0px !important;border-bottom-width: 0px !important;padding-top: 0px !important;padding-bottom: 0px !important;background-image: url(https:\/\/www.coterm.it\/wp-content\/uploads\/2017\/05\/italia-1.jpg?id=3428) !important;background-position: center !important;background-repeat: no-repeat !important;background-size: cover !important;}&#8221;][\/vc_column][\/vc_row][vc_row flex_height=&#8221;yes&#8221; middle_content=&#8221;yes&#8221; bg_type=&#8221;color&#8221; footer_feature=&#8221;yes&#8221; mobile_visibility=&#8221;hide&#8221; bg_color=&#8221;#000000&#8243;][vc_column css=&#8221;.vc_custom_1496240724845{padding-top: 45px !important;padding-bottom: 30px !important;}&#8221;]<div class=\"grve-element grve-image grve-align-center\" style=\"margin-bottom: 20px;\"><img loading=\"lazy\" decoding=\"async\" width=\"168\" height=\"70\" src=\"https:\/\/www.coterm.it\/wp-content\/uploads\/2017\/04\/nuova-coterm-logo.png\" class=\"attachment-full size-full\" alt=\"Nuova Coterm - logo\" \/><\/div>[vc_column_text css=&#8221;.vc_custom_1496240405918{margin-bottom: 0px !important;border-bottom-width: 0px !important;padding-bottom: 0px !important;}&#8221;]<\/p>\n<h6 style=\"text-align: center;\"><span style=\"color: #999999;\">SCALDACQUA &#8211; SCALDABAGNI &#8211; BOILERS<\/span><\/h6>\n<h6 style=\"text-align: center;\"><span style=\"color: #ffffff;\"><br \/>\nLA NUOVA COTERM Srl &#8211; Via Levata, 10 &#8211; 24068 Seriate &#8211; (BERGAMO)<\/span><br \/>\n<span style=\"color: #ffffff;\"><a style=\"color: #ffffff;\" href=\"tel:+39035290665\"> Tel +39 035 290665<\/a> &#8211; Fax +39 035 301843 &#8211; <a style=\"color: #ffffff;\" href=\"mailto:info@coterm.it\">info@coterm.it<\/a><\/span><\/h6>\n<p>[\/vc_column_text][\/vc_column][\/vc_row][vc_row flex_height=&#8221;yes&#8221; middle_content=&#8221;yes&#8221; bg_type=&#8221;color&#8221; footer_feature=&#8221;yes&#8221; desktop_visibility=&#8221;hide&#8221; tablet_visibility=&#8221;hide&#8221; tablet_sm_visibility=&#8221;hide&#8221; bg_color=&#8221;#000000&#8243;][vc_column css=&#8221;.vc_custom_1496240688707{padding-top: 45px !important;padding-bottom: 30px !important;}&#8221;]<div class=\"grve-element grve-image grve-align-center\" style=\"margin-bottom: 20px;\"><img loading=\"lazy\" decoding=\"async\" width=\"168\" height=\"70\" src=\"https:\/\/www.coterm.it\/wp-content\/uploads\/2017\/04\/nuova-coterm-logo.png\" class=\"attachment-full size-full\" alt=\"Nuova Coterm - logo\" \/><\/div>[vc_column_text css=&#8221;.vc_custom_1496240428624{margin-bottom: 0px !important;border-bottom-width: 0px !important;padding-bottom: 0px !important;}&#8221;]<\/p>\n<h6 style=\"text-align: center;\"><span style=\"color: #999999;\">SCALDACQUA &#8211; SCALDABAGNI &#8211; BOILERS<\/span><\/h6>\n<h6 style=\"text-align: center;\"><span style=\"color: #ffffff;\">LA NUOVA COTERM Srl<\/span><br \/>\n<span style=\"color: #ffffff;\">Via Levata, 10 &#8211; 24068 &#8211; Seriate (BERGAMO)<\/span><br \/>\n<span style=\"color: #ffffff;\">Tel +39 035 290665 &#8211; Fax +39 035 301843<\/span><br \/>\n<span style=\"color: #ffffff;\"><a style=\"text-decoration: underline; color: #ffffff;\" href=\"mailto:info@coterm.it\">info@coterm.it<\/a><\/span><\/h6>\n<p>[\/vc_column_text][\/vc_column][\/vc_row]<\/p>\n","protected":false},"excerpt":{"rendered":"<p>[vc_row middle_content=&#8221;yes&#8221; bg_type=&#8221;color&#8221; header_feature=&#8221;yes&#8221; bg_color=&#8221;#41547b&#8221; padding_bottom=&#8221;0&#8243; margin_bottom=&#8221;0&#8243;][vc_column css=&#8221;.vc_custom_1492462168149{padding-top: 50px !important;padding-bottom: 40px !important;background-position: center !important;background-repeat: no-repeat !important;background-size: cover !important;}&#8221;][\/vc_column][\/vc_row][vc_row bg_type=&#8221;image&#8221; bg_image=&#8221;2168&#8243; padding_bottom=&#8221;0px&#8221; margin_bottom=&#8221;0px&#8221;][vc_column][vc_empty_space height=&#8221;500px&#8221;][\/vc_column][\/vc_row][vc_row bg_type=&#8221;color&#8221; padding_top=&#8221;0&#8243; padding_bottom=&#8221;0&#8243; margin_bottom=&#8221;0px&#8221; bg_color=&#8221;#e8e8e8&#8243;][vc_column css=&#8221;.vc_custom_1494836836127{padding-top: 3% !important;padding-bottom: 3% !important;}&#8221;][\/vc_column][\/vc_row][vc_row flex_height=&#8221;yes&#8221; middle_content=&#8221;yes&#8221; bg_type=&#8221;color&#8221; footer_feature=&#8221;yes&#8221; bg_color=&#8221;#cecece&#8221;][vc_column css=&#8221;.vc_custom_1491334203015{padding-top: 45px !important;padding-bottom: 40px !important;}&#8221;][vc_column_text] Per informazioni chiamate i nostri uffici Tel. 035 290665 oppure compilate il [&hellip;]<\/p>\n","protected":false},"author":2,"featured_media":0,"parent":0,"menu_order":0,"comment_status":"closed","ping_status":"closed","template":"","meta":{"footnotes":""},"class_list":["post-2342","page","type-page","status-publish","hentry"],"aioseo_notices":[],"_links":{"self":[{"href":"https:\/\/www.coterm.it\/it\/wp-json\/wp\/v2\/pages\/2342","targetHints":{"allow":["GET"]}}],"collection":[{"href":"https:\/\/www.coterm.it\/it\/wp-json\/wp\/v2\/pages"}],"about":[{"href":"https:\/\/www.coterm.it\/it\/wp-json\/wp\/v2\/types\/page"}],"author":[{"embeddable":true,"href":"https:\/\/www.coterm.it\/it\/wp-json\/wp\/v2\/users\/2"}],"replies":[{"embeddable":true,"href":"https:\/\/www.coterm.it\/it\/wp-json\/wp\/v2\/comments?post=2342"}],"version-history":[{"count":2,"href":"https:\/\/www.coterm.it\/it\/wp-json\/wp\/v2\/pages\/2342\/revisions"}],"predecessor-version":[{"id":9107,"href":"https:\/\/www.coterm.it\/it\/wp-json\/wp\/v2\/pages\/2342\/revisions\/9107"}],"wp:attachment":[{"href":"https:\/\/www.coterm.it\/it\/wp-json\/wp\/v2\/media?parent=2342"}],"curies":[{"name":"wp","href":"https:\/\/api.w.org\/{rel}","templated":true}]}}