{"id":2486,"date":"2017-05-15T12:04:33","date_gmt":"2017-05-15T10:04:33","guid":{"rendered":"https:\/\/www.coterm.it\/?page_id=2486"},"modified":"2026-02-16T09:18:43","modified_gmt":"2026-02-16T08:18:43","slug":"esp-est-10-15-30-lt","status":"publish","type":"page","link":"https:\/\/www.coterm.it\/it\/scaldacqua-elettrici-ad-uso-domestico\/esp-est-10-15-30-lt\/","title":{"rendered":"ESP-EST 10-15-30 lt."},"content":{"rendered":"<p>[vc_row bg_type=&#8221;color&#8221; header_feature=&#8221;yes&#8221; mobile_visibility=&#8221;hide&#8221; bg_color=&#8221;#8db739&#8243;][vc_column css=&#8221;.vc_custom_1491646838287{padding-top: 30px !important;padding-bottom: 20px !important;background-position: center !important;background-repeat: no-repeat !important;background-size: cover !important;}&#8221;]<h1 class=\"grve-element grve-align-center grve-title-no-line grve-h1 whi\" style=\"\"><span>SCALDACQUA ELETTRICO<strong> AD USO DOMESTICO<\/strong><\/span><\/h1>[\/vc_column][\/vc_row][vc_row bg_type=&#8221;color&#8221; header_feature=&#8221;yes&#8221; desktop_visibility=&#8221;hide&#8221; tablet_visibility=&#8221;hide&#8221; tablet_sm_visibility=&#8221;hide&#8221; bg_color=&#8221;#8db739&#8243;][vc_column css=&#8221;.vc_custom_1491646838287{padding-top: 30px !important;padding-bottom: 20px !important;background-position: center !important;background-repeat: no-repeat !important;background-size: cover !important;}&#8221;]<h1 class=\"grve-element grve-align-center grve-title-no-line grve-h1 whi\" style=\"\"><span>SCALDACQUA ELETTRICO<strong>AD USO DOMESTICO<\/strong><\/span><\/h1>[\/vc_column][\/vc_row][vc_row][vc_column css=&#8221;.vc_custom_1496577810588{margin-bottom: 25px !important;}&#8221;]<h2 class=\"grve-element grve-align-center grve-title-line grve-h2\" style=\"\"><span>PICCOLE CAPACIT\u00c0 - VOLTAGGIO 220V<\/span><\/h2>[\/vc_column][\/vc_row][vc_row][vc_column width=&#8221;1\/2&#8243;]<div class=\"grve-element grve-image grve-animated-item grve-fadeInLeft grve-align-center\" style=\"\" data-delay=\"200\"><img loading=\"lazy\" decoding=\"async\" width=\"800\" height=\"504\" src=\"https:\/\/www.coterm.it\/wp-content\/uploads\/2017\/04\/ESP-EST.png\" class=\"attachment-full size-full\" alt=\"\" srcset=\"https:\/\/www.coterm.it\/wp-content\/uploads\/2017\/04\/ESP-EST.png 800w, https:\/\/www.coterm.it\/wp-content\/uploads\/2017\/04\/ESP-EST-300x189.png 300w, https:\/\/www.coterm.it\/wp-content\/uploads\/2017\/04\/ESP-EST-768x484.png 768w\" sizes=\"auto, (max-width: 800px) 100vw, 800px\" \/><\/div><h1 class=\"grve-element grve-align-center grve-title-no-line grve-h1 whi\" style=\"\"><span>SCALDACQUA ELETTRICO <strong>AD USO DOMESTICO<\/strong><\/span><\/h1>[\/vc_column][vc_column width=&#8221;1\/2&#8243;]<div class=\"grve-element grve-slogan grve-align-left\" style=\"\"><h1 class=\"grve-slogan-title grve-align-left grve-title-no-line\"><span>ESP-EST<br \/> 10-15-30 lt.<\/span><\/h1>  <p class=\"grve-leader-text\">VETROPORCELLANATO<\/p><\/div>[vc_column_text]Questa applicazione \u00e8 particolarmente indicata in piccoli appartamenti, locali d\u00ec servizio, luoghi di lavoro, campers, ecc. I BABY sono disponibili nelle capacit\u00e0 di 10, 15 e 30 litri e pertanto, nell\u2019applicazione indipendente, consentono un massimo di 2 prelievi contemporanei (30 litri).<br \/>\nI BABY possono essere utilizzati anche con gruppo di miscelazione a scarico libero. I BABY possono essere installati anche in linea con un impianto centralizzato di media o grande dimensione. In questo caso permettono di portare l\u2019acqua alla massima temperatura (es. 60\u00b0C) solo nel punto di prelievo, mantenendo la maggior parte della riserva di acqua calda ad una temperatura media (es. 40\u00b0C). Con questo sistema si ottiene la massima qualit\u00e0 d\u00ec servizio con un notevole risparmio energetico.[\/vc_column_text][vc_column_text el_class=&#8221;mini&#8221;]<span style=\"line-height: 1em !important;\"><strong>CALDAIA<\/strong> &#8211; costruita in lamiera d\u2019acciaio di alto spessore e di prima qualit\u00e0, che assicura una maggiore resistenza alla corrosione grazie ad una <strong>doppia e accurata vetroporcellanatura.<\/strong><\/span><\/p>\n<p><strong>INVOLUCRO ESTERNO<\/strong> &#8211; lamiera alluminiata preverniciata e plastificata.<\/p>\n<p><strong>ISOLAMENTO INTERNO<\/strong> &#8211; poliuretano.<\/p>\n<p><strong>GRUPPO RESISTENZA TERMOSTATO <\/strong><br \/>\n<strong>Gli elementi del gruppo riscaldante sono rigorosamente certificati CE.<\/strong>[\/vc_column_text][\/vc_column][\/vc_row][vc_row bg_type=&#8221;color&#8221; bg_color=&#8221;#8db739&#8243; padding_bottom=&#8221;20&#8243; margin_bottom=&#8221;0px&#8221;][vc_column css=&#8221;.vc_custom_1491646838287{padding-top: 30px !important;padding-bottom: 20px !important;background-position: center !important;background-repeat: no-repeat !important;background-size: cover !important;}&#8221;]<div class=\"grve-element grve-image grve-animated-item grve-fadeInUp iconheaders grve-align-center\" style=\"\" data-delay=\"200\"><img loading=\"lazy\" decoding=\"async\" width=\"80\" height=\"77\" src=\"https:\/\/www.coterm.it\/wp-content\/uploads\/2014\/11\/icona-elettrici-home-e1494955968613.png\" class=\"attachment-medium size-medium\" alt=\"\" \/><\/div><h1 class=\"grve-element grve-align-center grve-title-no-line grve-h1 whi\" style=\"\"><span>SCALDACQUA ELETTRICO <strong>AD USO DOMESTICO<\/strong><\/span><\/h1>[vc_column_text]<\/p>\n<h5 style=\"text-align: center;\"><span style=\"color: #ffffff;\">Compilate il modulo sottostante per ricevere via mail la scheda tecnica dello SCALDACQUA ESP-EST Serie ELETTRICO. Grazie.<\/span><\/h5>\n<p>[\/vc_column_text]\n<div class=\"wpcf7 no-js\" id=\"wpcf7-f2297-o1\" lang=\"it-IT\" dir=\"ltr\" data-wpcf7-id=\"2297\">\n<div class=\"screen-reader-response\"><p role=\"status\" aria-live=\"polite\" aria-atomic=\"true\"><\/p> <ul><\/ul><\/div>\n<form action=\"\/it\/wp-json\/wp\/v2\/pages\/2486#wpcf7-f2297-o1\" method=\"post\" class=\"wpcf7-form init\" aria-label=\"Modulo di contatto\" novalidate=\"novalidate\" data-status=\"init\">\n<fieldset class=\"hidden-fields-container\"><input type=\"hidden\" name=\"_wpcf7\" value=\"2297\" \/><input type=\"hidden\" name=\"_wpcf7_version\" value=\"6.1.5\" \/><input type=\"hidden\" name=\"_wpcf7_locale\" value=\"it_IT\" \/><input type=\"hidden\" name=\"_wpcf7_unit_tag\" value=\"wpcf7-f2297-o1\" \/><input type=\"hidden\" name=\"_wpcf7_container_post\" value=\"0\" \/><input type=\"hidden\" name=\"_wpcf7_posted_data_hash\" value=\"\" \/><input type=\"hidden\" name=\"_wpcf7dtx_version\" value=\"5.0.5\" \/><input type=\"hidden\" name=\"_wpcf7_recaptcha_response\" value=\"\" \/>\n<\/fieldset>\n<p class=\"grve-with-icon cf-gri\"><i class=\"fa fa-user\"><\/i><span class=\"wpcf7-form-control-wrap\" data-name=\"your-name\"><input size=\"40\" maxlength=\"400\" class=\"wpcf7-form-control wpcf7-text wpcf7-validates-as-required\" aria-required=\"true\" aria-invalid=\"false\" placeholder=\"Azienda o nome del responsabile\" value=\"\" type=\"text\" name=\"your-name\" \/><\/span>\n<\/p>\n<p class=\"cf-gri grve-with-icon\"><i class=\"fa fa-envelope\"><\/i><span class=\"wpcf7-form-control-wrap\" data-name=\"your-email\"><input size=\"40\" maxlength=\"400\" class=\"wpcf7-form-control wpcf7-email wpcf7-validates-as-required wpcf7-text wpcf7-validates-as-email\" aria-required=\"true\" aria-invalid=\"false\" placeholder=\"Indirizzo email\" value=\"\" type=\"email\" name=\"your-email\" \/><\/span>\n<\/p>\n<p class=\"cf-gri grve-with-icon\"><i class=\"fa fa-phone\"><\/i><span class=\"wpcf7-form-control-wrap\" data-name=\"your-tel\"><input size=\"40\" maxlength=\"400\" class=\"wpcf7-form-control wpcf7-tel wpcf7-validates-as-required wpcf7-text wpcf7-validates-as-tel\" aria-required=\"true\" aria-invalid=\"false\" placeholder=\"Numero di telefono\" value=\"\" type=\"tel\" name=\"your-tel\" \/><\/span>\n<\/p>\n<p class=\"cf-gri grve-with-icon\"><span class=\"wpcf7-form-control-wrap\" data-name=\"your-message\"><textarea cols=\"40\" rows=\"10\" maxlength=\"2000\" class=\"wpcf7-form-control wpcf7-textarea test-class\" aria-invalid=\"false\" placeholder=\"Eventuali richieste\" name=\"your-message\"><\/textarea><\/span>\n<\/p>\n\n<!-- CF7 Modules -->\n<div style='display:none;'><input type=\"hidden\" class=\"wpcf7-form-control wpcf7-hidden\" name=\"hidden-title\" placeholder=\"\" value=\"ESP-EST 10-15-30 lt.\" \/><input type=\"hidden\" class=\"wpcf7-form-control wpcf7-hidden\" name=\"hidden-productname\" placeholder=\"\" value=\"SCALDACQUA-ESP-EST-Serie-ELETTRICO-La-Nuova-Coterm\" \/><input type=\"hidden\" class=\"wpcf7-form-control wpcf7-hidden\" name=\"hidden-form-type\" placeholder=\"\" value=\"brochure\" \/>\n<\/div>\n<!-- End CF7 Modules -->\n\n<p><span class=\"wpcf7-form-control-wrap\" data-name=\"acceptance-658\"><span class=\"wpcf7-form-control wpcf7-acceptance\"><span class=\"wpcf7-list-item\"><label><input type=\"checkbox\" name=\"acceptance-658\" value=\"1\" aria-invalid=\"false\" \/><span class=\"wpcf7-list-item-label\">Con la seguente dichiaro di aver visionato la <a class=\"white-txt\" href=\"\/it\/informativa-sulla-privacy-la-nuova-coterm\">Privacy Policy<\/a> del sito.<\/span><\/label><\/span><\/span><\/span>\n<\/p>\n<p class=\"grve-align-center\"><input class=\"wpcf7-form-control wpcf7-submit has-spinner\" type=\"submit\" value=\"Invia\" \/>\n<\/p><div class=\"wpcf7-response-output\" aria-hidden=\"true\"><\/div>\n<\/form>\n<\/div>\n[\/vc_column][\/vc_row][vc_row flex_height=&#8221;yes&#8221; middle_content=&#8221;yes&#8221; bg_type=&#8221;image&#8221; bg_image=&#8221;2092&#8243; mobile_visibility=&#8221;hide&#8221; margin_bottom=&#8221;0&#8243;][vc_column css=&#8221;.vc_custom_1494939958059{padding-top: 6% !important;padding-bottom: 6% !important;}&#8221;][vc_column_text animation=&#8221;fadeInLeft&#8221; el_class=&#8221;prod&#8221; css=&#8221;.vc_custom_1496331407227{margin-bottom: 0px !important;border-bottom-width: 0px !important;padding-bottom: 2% !important;}&#8221;]<\/p>\n<h2 style=\"text-align: right; color: #ffffff !important; line-height: 0.8em !important; font-weight: 600 !important; font-size: 44px !important;\">PRODOTTI CERTIFICATI<\/h2>\n<h2 style=\"text-align: right; font-weight: 300 !important; line-height: 0.5em !important; color: #ffffff !important;\">a norma di legge<\/h2>\n<p>[\/vc_column_text]<div class=\"grve-element grve-align-right grve-animated-item grve-fadeInLeft\" data-delay=\"200\"><a class=\"grve-btn grve-btn-extrasmall grve-square grve-white-color grve-btn-line\" href=\"https:\/\/www.coterm.it\/certificazioni\/\" target=\"_self\" style=\"\"><span>LEGGI LE CERTIFICAZIONI<\/span><\/a><\/div>[\/vc_column][\/vc_row][vc_row flex_height=&#8221;yes&#8221; middle_content=&#8221;yes&#8221; bg_type=&#8221;image&#8221; bg_image=&#8221;2092&#8243; desktop_visibility=&#8221;hide&#8221; tablet_visibility=&#8221;hide&#8221; tablet_sm_visibility=&#8221;hide&#8221; margin_bottom=&#8221;0&#8243;][vc_column css=&#8221;.vc_custom_1495538242382{padding-top: 9% !important;padding-bottom: 9% !important;}&#8221;][vc_column_text animation=&#8221;fadeInLeft&#8221; el_class=&#8221;prod&#8221; css=&#8221;.vc_custom_1496331610439{margin-bottom: 0px !important;border-bottom-width: 0px !important;padding-bottom: 2% !important;}&#8221;]<\/p>\n<h2 style=\"color: #ffffff !important; line-height: 0.8em !important; font-weight: 600 !important; font-size: 24px !important; text-align: center;\">PRODOTTI CERTIFICATI<\/h2>\n<h2 style=\"font-weight: 300 !important; line-height: 0.5em !important; color: #ffffff !important; text-align: center;\">a norma di legge<\/h2>\n<p>[\/vc_column_text]<div class=\"grve-element grve-align-center\"><a class=\"grve-btn grve-btn-extrasmall grve-square grve-white-color\" href=\"https:\/\/www.coterm.it\/certificazioni\/\" target=\"_self\" style=\"\"><span>LEGGI LE CERTIFICAZIONI<\/span><\/a><\/div>[\/vc_column][\/vc_row][vc_row heading_color=&#8221;primary-1&#8243; section_type=&#8221;fullwidth-element&#8221; bg_type=&#8221;color&#8221; mobile_visibility=&#8221;hide&#8221; font_color=&#8221;#ffffff&#8221; padding_top=&#8221;0px&#8221; padding_bottom=&#8221;0px&#8221; margin_bottom=&#8221;0px&#8221;][vc_column width=&#8221;1\/3&#8243; css=&#8221;.vc_custom_1495537823255{padding-bottom: 7px !important;background-color: #81d742 !important;}&#8221;][\/vc_column][vc_column width=&#8221;1\/3&#8243; css=&#8221;.vc_custom_1495537834374{padding-bottom: 7px !important;background-color: #ffffff !important;}&#8221;][\/vc_column][vc_column width=&#8221;1\/3&#8243; css=&#8221;.vc_custom_1495537845903{padding-bottom: 7px !important;background-color: #dd3333 !important;}&#8221;][\/vc_column][\/vc_row][vc_row heading_color=&#8221;primary-1&#8243; section_type=&#8221;fullwidth-element&#8221; desktop_visibility=&#8221;hide&#8221; tablet_visibility=&#8221;hide&#8221; tablet_sm_visibility=&#8221;hide&#8221; font_color=&#8221;#ffffff&#8221; section_id=&#8221;spazio&#8221; margin_bottom=&#8221;0px&#8221; padding_top=&#8221;0&#8243; padding_bottom=&#8221;0px&#8221;][vc_column css=&#8221;.vc_custom_1483395759668{margin-top: 0px !important;margin-bottom: 0px !important;border-top-width: 0px !important;border-bottom-width: 0px !important;padding-top: 0px !important;padding-bottom: 0px !important;background-position: center !important;background-repeat: no-repeat !important;background-size: cover !important;}&#8221;][vc_empty_space height=&#8221;5px&#8221; css=&#8221;.vc_custom_1495537346427{margin-top: 0px !important;margin-bottom: 0px !important;border-top-width: 0px !important;border-bottom-width: 0px !important;padding-top: 0px !important;padding-bottom: 0px !important;background-image: url(https:\/\/www.coterm.it\/wp-content\/uploads\/2017\/05\/italia-1.jpg?id=3428) !important;background-position: center !important;background-repeat: no-repeat !important;background-size: cover !important;}&#8221;][\/vc_column][\/vc_row][vc_row flex_height=&#8221;yes&#8221; middle_content=&#8221;yes&#8221; bg_type=&#8221;color&#8221; footer_feature=&#8221;yes&#8221; mobile_visibility=&#8221;hide&#8221; bg_color=&#8221;#000000&#8243;][vc_column css=&#8221;.vc_custom_1496240724845{padding-top: 45px !important;padding-bottom: 30px !important;}&#8221;]<div class=\"grve-element grve-image grve-align-center\" style=\"margin-bottom: 20px;\"><img loading=\"lazy\" decoding=\"async\" width=\"168\" height=\"70\" src=\"https:\/\/www.coterm.it\/wp-content\/uploads\/2017\/04\/nuova-coterm-logo.png\" class=\"attachment-full size-full\" alt=\"Nuova Coterm - logo\" \/><\/div>[vc_column_text css=&#8221;.vc_custom_1496240405918{margin-bottom: 0px !important;border-bottom-width: 0px !important;padding-bottom: 0px !important;}&#8221;]<\/p>\n<h6 style=\"text-align: center;\"><span style=\"color: #999999;\">SCALDACQUA &#8211; SCALDABAGNI &#8211; BOILERS<\/span><\/h6>\n<h6 style=\"text-align: center;\"><span style=\"color: #ffffff;\"><br \/>\nLA NUOVA COTERM Srl &#8211; Via Levata, 10 &#8211; 24068 Seriate &#8211; (BERGAMO)<\/span><br \/>\n<span style=\"color: #ffffff;\"><a style=\"color: #ffffff;\" href=\"tel:+39035290665\"> Tel +39 035 290665<\/a> &#8211; Fax +39 035 301843 &#8211; <a style=\"color: #ffffff;\" href=\"mailto:info@coterm.it\">info@coterm.it<\/a><\/span><\/h6>\n<p>[\/vc_column_text][\/vc_column][\/vc_row][vc_row flex_height=&#8221;yes&#8221; middle_content=&#8221;yes&#8221; bg_type=&#8221;color&#8221; footer_feature=&#8221;yes&#8221; desktop_visibility=&#8221;hide&#8221; tablet_visibility=&#8221;hide&#8221; tablet_sm_visibility=&#8221;hide&#8221; bg_color=&#8221;#000000&#8243;][vc_column css=&#8221;.vc_custom_1496240688707{padding-top: 45px !important;padding-bottom: 30px !important;}&#8221;]<div class=\"grve-element grve-image grve-align-center\" style=\"margin-bottom: 20px;\"><img loading=\"lazy\" decoding=\"async\" width=\"168\" height=\"70\" src=\"https:\/\/www.coterm.it\/wp-content\/uploads\/2017\/04\/nuova-coterm-logo.png\" class=\"attachment-full size-full\" alt=\"Nuova Coterm - logo\" \/><\/div>[vc_column_text css=&#8221;.vc_custom_1496240428624{margin-bottom: 0px !important;border-bottom-width: 0px !important;padding-bottom: 0px !important;}&#8221;]<\/p>\n<h6 style=\"text-align: center;\"><span style=\"color: #999999;\">SCALDACQUA &#8211; SCALDABAGNI &#8211; BOILERS<\/span><\/h6>\n<h6 style=\"text-align: center;\"><span style=\"color: #ffffff;\">LA NUOVA COTERM Srl<\/span><br \/>\n<span style=\"color: #ffffff;\">Via Levata, 10 &#8211; 24068 &#8211; Seriate (BERGAMO)<\/span><br \/>\n<span style=\"color: #ffffff;\">Tel +39 035 290665 &#8211; Fax +39 035 301843<\/span><br \/>\n<span style=\"color: #ffffff;\"><a style=\"text-decoration: underline; color: #ffffff;\" href=\"mailto:info@coterm.it\">info@coterm.it<\/a><\/span><\/h6>\n<p>[\/vc_column_text][\/vc_column][\/vc_row]<\/p>\n","protected":false},"excerpt":{"rendered":"<p>[vc_row bg_type=&#8221;color&#8221; header_feature=&#8221;yes&#8221; mobile_visibility=&#8221;hide&#8221; bg_color=&#8221;#8db739&#8243;][vc_column css=&#8221;.vc_custom_1491646838287{padding-top: 30px !important;padding-bottom: 20px !important;background-position: center !important;background-repeat: no-repeat !important;background-size: cover !important;}&#8221;][\/vc_column][\/vc_row][vc_row bg_type=&#8221;color&#8221; header_feature=&#8221;yes&#8221; desktop_visibility=&#8221;hide&#8221; tablet_visibility=&#8221;hide&#8221; tablet_sm_visibility=&#8221;hide&#8221; bg_color=&#8221;#8db739&#8243;][vc_column css=&#8221;.vc_custom_1491646838287{padding-top: 30px !important;padding-bottom: 20px !important;background-position: center !important;background-repeat: no-repeat !important;background-size: cover !important;}&#8221;][\/vc_column][\/vc_row][vc_row][vc_column css=&#8221;.vc_custom_1496577810588{margin-bottom: 25px !important;}&#8221;][\/vc_column][\/vc_row][vc_row][vc_column width=&#8221;1\/2&#8243;][\/vc_column][vc_column width=&#8221;1\/2&#8243;][vc_column_text]Questa applicazione \u00e8 particolarmente indicata in piccoli appartamenti, locali d\u00ec servizio, luoghi di lavoro, campers, ecc. I BABY [&hellip;]<\/p>\n","protected":false},"author":2,"featured_media":0,"parent":2150,"menu_order":0,"comment_status":"closed","ping_status":"closed","template":"","meta":{"footnotes":""},"class_list":["post-2486","page","type-page","status-publish","hentry"],"aioseo_notices":[],"_links":{"self":[{"href":"https:\/\/www.coterm.it\/it\/wp-json\/wp\/v2\/pages\/2486","targetHints":{"allow":["GET"]}}],"collection":[{"href":"https:\/\/www.coterm.it\/it\/wp-json\/wp\/v2\/pages"}],"about":[{"href":"https:\/\/www.coterm.it\/it\/wp-json\/wp\/v2\/types\/page"}],"author":[{"embeddable":true,"href":"https:\/\/www.coterm.it\/it\/wp-json\/wp\/v2\/users\/2"}],"replies":[{"embeddable":true,"href":"https:\/\/www.coterm.it\/it\/wp-json\/wp\/v2\/comments?post=2486"}],"version-history":[{"count":4,"href":"https:\/\/www.coterm.it\/it\/wp-json\/wp\/v2\/pages\/2486\/revisions"}],"predecessor-version":[{"id":9414,"href":"https:\/\/www.coterm.it\/it\/wp-json\/wp\/v2\/pages\/2486\/revisions\/9414"}],"up":[{"embeddable":true,"href":"https:\/\/www.coterm.it\/it\/wp-json\/wp\/v2\/pages\/2150"}],"wp:attachment":[{"href":"https:\/\/www.coterm.it\/it\/wp-json\/wp\/v2\/media?parent=2486"}],"curies":[{"name":"wp","href":"https:\/\/api.w.org\/{rel}","templated":true}]}}